{"id":8668,"date":"2021-11-25T14:17:02","date_gmt":"2021-11-25T13:17:02","guid":{"rendered":"https:\/\/www.upm.es\/recursosidi\/offers-resources\/sin categor\u00eda\/panel-aislante-para-muros-de-cerramiento-con-camara-ventilada-interior\/"},"modified":"2022-08-10T02:16:07","modified_gmt":"2022-08-10T00:16:07","slug":"panel-aislante-para-muros-de-cerramiento-con-camara-ventilada-interior","status":"publish","type":"product","link":"https:\/\/www.upm.es\/recursosidi\/offers-resources\/patentes\/panel-aislante-para-muros-de-cerramiento-con-camara-ventilada-interior\/","title":{"rendered":"Panel aislante para muros de cerramiento con c\u00e1mara ventilada interior"},"content":{"rendered":"<h5>Descripci\u00f3n de la patente <\/h5>\n<p>El panel aislante para muros con c\u00e1mara ventilada interior se aplica en la rehabilitaci\u00f3n y construcci\u00f3n de fachadas en edificaci\u00f3n, aportando aislamiento y acabado de ladrillo visto o piedra natural o artificial a los muros de cerramiento.<br \/>\nEl panel es un sistema industrializado modular. Cada m\u00f3dulo est\u00e1 formado por una placa de material aislante r\u00edgido, una malla de fibra y plaquetas de terminaci\u00f3n o acabado del panel. La placa de material aislante est\u00e1 formada por dos cuerpos, que constituyen una sola pieza, uno, plano de espesor constante y otro, compuesto por hileras de tetones, que dan lugar a entrecalles de aire. Estas entrecalles permiten una ventilaci\u00f3n natural constante que mejora la transmitancia t\u00e9rmica del conjunto, a la vez que evita condensaciones intersticiales en el interior del cerramiento, mejorando la soluci\u00f3n tradicional de aislamiento t\u00e9rmico por la cara exterior de la fachada.<\/p>\n<h5>Situaci\u00f3n <\/h5>\n<p>Concedida<\/p>\n<h5>N\u00famero de solicitud<\/h5>\n<p>P201431097<\/p>\n<h5>N\u00famero de publicaci\u00f3n<\/h5>\n<p>ES2557200_A1<\/p>\n<h5>Fecha de presentaci\u00f3n <\/h5>\n<p>22\/07\/2014<\/p>\n<h5>Fecha de publicaci\u00f3n <\/h5>\n<p>22\/01\/2016<\/p>\n<h5>Fecha de concesi\u00f3n <\/h5>\n<p>24\/01\/2017<\/p>\n<div class=\"pdfprnt-buttons pdfprnt-buttons-product pdfprnt-bottom-left\"><a href=\"https:\/\/www.upm.es\/recursosidi\/wp-json\/wp\/v2\/product\/8668?print=pdf\" class=\"pdfprnt-button pdfprnt-button-pdf\" target=\"_blank\"><span class=\"pdfprnt-button-title pdfprnt-button-pdf-title\">Descargar ficha<\/span><\/a><\/div>","protected":false},"excerpt":{"rendered":"<p>Descripci\u00f3n de la patente El panel aislante para muros con c\u00e1mara ventilada interior se aplica en la rehabilitaci\u00f3n y construcci\u00f3n de fachadas en edificaci\u00f3n, aportando&hellip;<\/p>\n","protected":false},"featured_media":0,"template":"","meta":{"_acf_changed":false},"product_cat":[3946],"product_tag":[],"comunidades-upm":[],"quien":[],"mapa":[],"disponibilidad":[],"donde":[{"term_id":266,"name":"Grupo de Investigaci\u00f3n en Arquitectura, Urbanismo y Sostenibilidad (GIAU+S)","slug":"grupo-de-investigacion-en-arquitectura-urbanismo-y-sostenibilidad-giaus","term_group":0,"term_taxonomy_id":266,"taxonomy":"donde","description":"","parent":0,"count":1,"filter":"raw","term_order":"0"}],"infraestructura":[],"ods":[],"origen":[{"term_id":180,"name":"Patente","slug":"patente","term_group":0,"term_taxonomy_id":180,"taxonomy":"origen","description":"","parent":0,"count":614,"filter":"raw","term_order":"0"}],"familia_tax":false,"quien_tax":false,"donde_tax":false,"year":"","contacto":"<strong>Principales: <\/strong><ul><li>ALEJANDRO TAMAYO PALACIOS <blockquote><strong>alejandro.tamayo@upm.es<\/strong><\/blockquote><\/li><li>ANTONIO RODRIGUEZ SANCHEZ <blockquote><strong>antonio.rodriguezs@upm.es<\/strong><\/blockquote><\/li><li>JUAN MANUEL MEDINA DEL RIO <blockquote><strong>jm.medina@upm.es<\/strong><\/blockquote><\/li><li>EDUARDO MEDINA SANCHEZ <blockquote><strong>eduardo.medina@upm.es<\/strong><\/blockquote><\/li><\/ul>","telefono":"","pagina_web":"","email":"","id_ficha_portal":"834","video":"","adjuntos":false,"adjuntos_portal":"https:\/\/www.upm.es\/S2i\/Acuse\/recuperarArchivo.jsp?id=834&id_archivo=7291&tipo=patente&extension=fichero ","inf":false,"departamento":"","acf":[],"lang":"es","translation":{"es":8668},"_links":{"self":[{"href":"https:\/\/www.upm.es\/recursosidi\/wp-json\/wp\/v2\/product\/8668"}],"collection":[{"href":"https:\/\/www.upm.es\/recursosidi\/wp-json\/wp\/v2\/product"}],"about":[{"href":"https:\/\/www.upm.es\/recursosidi\/wp-json\/wp\/v2\/types\/product"}],"wp:attachment":[{"href":"https:\/\/www.upm.es\/recursosidi\/wp-json\/wp\/v2\/media?parent=8668"}],"wp:term":[{"taxonomy":"product_cat","embeddable":true,"href":"https:\/\/www.upm.es\/recursosidi\/wp-json\/wp\/v2\/product_cat?post=8668"},{"taxonomy":"product_tag","embeddable":true,"href":"https:\/\/www.upm.es\/recursosidi\/wp-json\/wp\/v2\/product_tag?post=8668"},{"taxonomy":"comunidad_upm","embeddable":true,"href":"https:\/\/www.upm.es\/recursosidi\/wp-json\/wp\/v2\/comunidades-upm?post=8668"},{"taxonomy":"quien","embeddable":true,"href":"https:\/\/www.upm.es\/recursosidi\/wp-json\/wp\/v2\/quien?post=8668"},{"taxonomy":"mapa","embeddable":true,"href":"https:\/\/www.upm.es\/recursosidi\/wp-json\/wp\/v2\/mapa?post=8668"},{"taxonomy":"disponibilidad","embeddable":true,"href":"https:\/\/www.upm.es\/recursosidi\/wp-json\/wp\/v2\/disponibilidad?post=8668"},{"taxonomy":"donde","embeddable":true,"href":"https:\/\/www.upm.es\/recursosidi\/wp-json\/wp\/v2\/donde?post=8668"},{"taxonomy":"infraestructura","embeddable":true,"href":"https:\/\/www.upm.es\/recursosidi\/wp-json\/wp\/v2\/infraestructura?post=8668"},{"taxonomy":"ods","embeddable":true,"href":"https:\/\/www.upm.es\/recursosidi\/wp-json\/wp\/v2\/ods?post=8668"},{"taxonomy":"origen","embeddable":true,"href":"https:\/\/www.upm.es\/recursosidi\/wp-json\/wp\/v2\/origen?post=8668"}],"curies":[{"name":"wp","href":"https:\/\/api.w.org\/{rel}","templated":true}]}}