{"id":8670,"date":"2021-11-25T14:17:07","date_gmt":"2021-11-25T13:17:07","guid":{"rendered":"https:\/\/www.upm.es\/recursosidi\/offers-resources\/sin categor\u00eda\/dispositivo-de-fijacion-cierre-y-acoplamiento-para-cateter-de-perfusion-intravenosa\/"},"modified":"2022-08-10T02:16:12","modified_gmt":"2022-08-10T00:16:12","slug":"dispositivo-de-fijacion-cierre-y-acoplamiento-para-cateter-de-perfusion-intravenosa","status":"publish","type":"product","link":"https:\/\/www.upm.es\/recursosidi\/offers-resources\/patentes\/dispositivo-de-fijacion-cierre-y-acoplamiento-para-cateter-de-perfusion-intravenosa\/","title":{"rendered":"Dispositivo de fijaci\u00f3n, cierre y acoplamiento para cat\u00e9ter de perfusi\u00f3n intravenosa"},"content":{"rendered":"<h5>Descripci\u00f3n de la patente <\/h5>\n<p>La presente invenci\u00f3n se refiere a un sistema mec\u00e1nico de fijaci\u00f3n, cierre y acoplamiento para cat\u00e9ter de perfusi\u00f3n intravenosa. El sistema dispone de una pieza circular de peque\u00f1o espesor con al menos dos orificios para su fijaci\u00f3n subcut\u00e1nea, centralmente de uno o m\u00e1s conductos para acoplar l\u00famenes, y de una parte cil\u00edndrica hueca que sobresale a uno de los lados, exteriormente roscada e interiormente lisa con un tet\u00f3n de posici\u00f3n. Para uso domiciliario se dispone de un tap\u00f3n de estanqueidad con uno o m\u00e1s tubos de peque\u00f1o di\u00e1metro que se acoplan en los orificios para l\u00famenes, una ranura de posici\u00f3n, un tirador, y un tap\u00f3n roscado ciego para el cierre herm\u00e9tico con la parte roscada. Para uso hospitalario se dispone de un tap\u00f3n intermedio con una o m\u00e1s entradas para l\u00famenes, y de un tap\u00f3n roscado hueco que permite su acoplamiento herm\u00e9tico con la parte roscada.<\/p>\n<h5>Situaci\u00f3n <\/h5>\n<p>Concedida<\/p>\n<h5>N\u00famero de solicitud<\/h5>\n<p>P201431192<\/p>\n<h5>N\u00famero de publicaci\u00f3n<\/h5>\n<p>ES2481091<\/p>\n<h5>Fecha de presentaci\u00f3n <\/h5>\n<p>05\/08\/2014<\/p>\n<h5>Fecha de publicaci\u00f3n <\/h5>\n<p>05\/02\/2016<\/p>\n<h5>Fecha de concesi\u00f3n <\/h5>\n<p>10\/11\/2016<\/p>\n<div class=\"pdfprnt-buttons pdfprnt-buttons-product pdfprnt-bottom-left\"><a href=\"https:\/\/www.upm.es\/recursosidi\/wp-json\/wp\/v2\/product\/8670?print=pdf\" class=\"pdfprnt-button pdfprnt-button-pdf\" target=\"_blank\"><span class=\"pdfprnt-button-title pdfprnt-button-pdf-title\">Descargar ficha<\/span><\/a><\/div>","protected":false},"excerpt":{"rendered":"<p>Descripci\u00f3n de la patente La presente invenci\u00f3n se refiere a un sistema mec\u00e1nico de fijaci\u00f3n, cierre y acoplamiento para cat\u00e9ter de perfusi\u00f3n intravenosa. El sistema&hellip;<\/p>\n","protected":false},"featured_media":0,"template":"","meta":{"_acf_changed":false},"product_cat":[3946],"product_tag":[],"comunidades-upm":[],"quien":[],"mapa":[],"disponibilidad":[],"donde":[{"term_id":608,"name":"An\u00e1lisis y Caracterizaci\u00f3n \u00d3ptica de Materiales","slug":"analisis-y-caracterizacion-optica-de-materiales","term_group":0,"term_taxonomy_id":608,"taxonomy":"donde","description":"","parent":0,"count":15,"filter":"raw","term_order":"0"},{"term_id":4598,"name":"Centro Tecnol\u00f3gico de Seguridad y Calidad en Industrias Energ\u00e9ticas y Minas (TECMINERGY)","slug":"centro-tecnologico-de-seguridad-y-calidad-en-industrias-energeticas-y-minas-tecminergy","term_group":0,"term_taxonomy_id":4598,"taxonomy":"donde","description":"","parent":0,"count":8,"filter":"raw","term_order":"0"},{"term_id":304,"name":"Edificaci\u00f3n, Infraestructura y Proyectos en Ingenier\u00eda Rural y Medioambiental (EIPIRMA)","slug":"edificacion-infraestructura-y-proyectos-en-ingenieria-rural-y-medioambiental-eipirma","term_group":0,"term_taxonomy_id":304,"taxonomy":"donde","description":"Realizamos trabajos de investigaci&oacute;n y colaboramos con empresas en su innovaci&oacute;n y desarrollo\n&nbsp;\nLas principales <strong>l&iacute;neas de investigaci&oacute;n<\/strong> del grupo son:\n\nSilos Agr&iacute;colas.\nM&eacute;todos Num&eacute;ricos en la Ingenier&iacute;a Rural y Medioambiental.\nM&eacute;todos estad&iacute;sticos en la Ingenier&iacute;a Rural y Medioambiental.\nIngenier&iacute;a del paisaje y espacios verdes.\nEdificaci&oacute;n Rural.\nAplicaciones de los Sistemas de Informaci&oacute;n Geogr&aacute;fica en la Ingenier&iacute;a Rural y Medioambiental.\nCaminos Rurales.\nGesti&oacute;n del conocimiento, informaci&oacute;n y educaci&oacute;n.\nHidrolog&iacute;a superficial y peque&ntilde;os embalses.\n","parent":0,"count":4,"filter":"raw","term_order":"0"}],"infraestructura":[],"ods":[],"origen":[{"term_id":180,"name":"Patente","slug":"patente","term_group":0,"term_taxonomy_id":180,"taxonomy":"origen","description":"","parent":0,"count":614,"filter":"raw","term_order":"0"}],"familia_tax":false,"quien_tax":false,"donde_tax":false,"year":"","contacto":"<strong>Principales: <\/strong><ul><li>MANUEL ENRIQUE ISLAN MARCOS <blockquote><strong>manuel.islan.marcos@upm.es<\/strong><\/blockquote><\/li><li>ENRIQUE SORIANO HERAS <blockquote><strong>enrique.soriano@upm.es<\/strong><\/blockquote><\/li><li>FERNANDO BLAYA HARO <blockquote><strong>fernando.blaya@upm.es<\/strong><\/blockquote><\/li><li>ALVARO RAMIREZ GOMEZ <blockquote><strong>alvaro.ramirez@upm.es<\/strong><\/blockquote><\/li><\/ul><strong>Otros inventores UPM: <\/strong><ul><li>Imanol Garc\u00eda Vicario<\/li><li>Jes\u00fas Manuel Garc\u00eda Alonso<\/li><\/ul>","telefono":"","pagina_web":"","email":"","id_ficha_portal":"800","video":"","adjuntos":false,"adjuntos_portal":"https:\/\/www.upm.es\/S2i\/Acuse\/recuperarArchivo.jsp?id=800&id_archivo=7076&tipo=patente&extension=fichero ","inf":false,"departamento":"","acf":[],"lang":"es","translation":{"es":8670},"_links":{"self":[{"href":"https:\/\/www.upm.es\/recursosidi\/wp-json\/wp\/v2\/product\/8670"}],"collection":[{"href":"https:\/\/www.upm.es\/recursosidi\/wp-json\/wp\/v2\/product"}],"about":[{"href":"https:\/\/www.upm.es\/recursosidi\/wp-json\/wp\/v2\/types\/product"}],"wp:attachment":[{"href":"https:\/\/www.upm.es\/recursosidi\/wp-json\/wp\/v2\/media?parent=8670"}],"wp:term":[{"taxonomy":"product_cat","embeddable":true,"href":"https:\/\/www.upm.es\/recursosidi\/wp-json\/wp\/v2\/product_cat?post=8670"},{"taxonomy":"product_tag","embeddable":true,"href":"https:\/\/www.upm.es\/recursosidi\/wp-json\/wp\/v2\/product_tag?post=8670"},{"taxonomy":"comunidad_upm","embeddable":true,"href":"https:\/\/www.upm.es\/recursosidi\/wp-json\/wp\/v2\/comunidades-upm?post=8670"},{"taxonomy":"quien","embeddable":true,"href":"https:\/\/www.upm.es\/recursosidi\/wp-json\/wp\/v2\/quien?post=8670"},{"taxonomy":"mapa","embeddable":true,"href":"https:\/\/www.upm.es\/recursosidi\/wp-json\/wp\/v2\/mapa?post=8670"},{"taxonomy":"disponibilidad","embeddable":true,"href":"https:\/\/www.upm.es\/recursosidi\/wp-json\/wp\/v2\/disponibilidad?post=8670"},{"taxonomy":"donde","embeddable":true,"href":"https:\/\/www.upm.es\/recursosidi\/wp-json\/wp\/v2\/donde?post=8670"},{"taxonomy":"infraestructura","embeddable":true,"href":"https:\/\/www.upm.es\/recursosidi\/wp-json\/wp\/v2\/infraestructura?post=8670"},{"taxonomy":"ods","embeddable":true,"href":"https:\/\/www.upm.es\/recursosidi\/wp-json\/wp\/v2\/ods?post=8670"},{"taxonomy":"origen","embeddable":true,"href":"https:\/\/www.upm.es\/recursosidi\/wp-json\/wp\/v2\/origen?post=8670"}],"curies":[{"name":"wp","href":"https:\/\/api.w.org\/{rel}","templated":true}]}}