{"id":8671,"date":"2021-11-25T14:17:10","date_gmt":"2021-11-25T13:17:10","guid":{"rendered":"https:\/\/www.upm.es\/recursosidi\/offers-resources\/sin categor\u00eda\/metodo-de-generacion-de-datos-de-irradiacion-solar-a-partir-de-datos-de-produccion-energetica-de-instalaciones-solares-fotovoltaicas\/"},"modified":"2022-08-10T02:16:16","modified_gmt":"2022-08-10T00:16:16","slug":"metodo-de-generacion-de-datos-de-irradiacion-solar-a-partir-de-datos-de-produccion-energetica-de-instalaciones-solares-fotovoltaicas","status":"publish","type":"product","link":"https:\/\/www.upm.es\/recursosidi\/offers-resources\/patentes\/metodo-de-generacion-de-datos-de-irradiacion-solar-a-partir-de-datos-de-produccion-energetica-de-instalaciones-solares-fotovoltaicas\/","title":{"rendered":"M\u00e9todo de generaci\u00f3n de datos de irradiaci\u00f3n solar a partir de datos de producci\u00f3n energ\u00e9tica de instalaciones solares fotovoltaicas"},"content":{"rendered":"<h5>Descripci\u00f3n de la patente <\/h5>\n<p>M\u00e9todo que mide la irradiaci\u00f3n solar incidente a partir de datos de producci\u00f3n energ\u00e9tica de instalaciones solares fotovoltaicas. <\/p>\n<h5>Situaci\u00f3n <\/h5>\n<p>Concedida<\/p>\n<h5>N\u00famero de solicitud<\/h5>\n<p>P201431297<\/p>\n<h5>N\u00famero de publicaci\u00f3n<\/h5>\n<p>ES 2525883<\/p>\n<h5>Fecha de presentaci\u00f3n <\/h5>\n<p>08\/09\/2014<\/p>\n<h5>Fecha de publicaci\u00f3n <\/h5>\n<p>30\/12\/2014<\/p>\n<h5>Fecha de concesi\u00f3n <\/h5>\n<p>14\/07\/2015<\/p>\n<div class=\"pdfprnt-buttons pdfprnt-buttons-product pdfprnt-bottom-left\"><a href=\"https:\/\/www.upm.es\/recursosidi\/wp-json\/wp\/v2\/product\/8671?print=pdf\" class=\"pdfprnt-button pdfprnt-button-pdf\" target=\"_blank\"><span class=\"pdfprnt-button-title pdfprnt-button-pdf-title\">Descargar ficha<\/span><\/a><\/div>","protected":false},"excerpt":{"rendered":"<p>Descripci\u00f3n de la patente M\u00e9todo que mide la irradiaci\u00f3n solar incidente a partir de datos de producci\u00f3n energ\u00e9tica de instalaciones solares fotovoltaicas. Situaci\u00f3n Concedida N\u00famero&hellip;<\/p>\n","protected":false},"featured_media":0,"template":"","meta":{"_acf_changed":false},"product_cat":[3946],"product_tag":[],"comunidades-upm":[],"quien":[],"mapa":[],"disponibilidad":[],"donde":[{"term_id":236,"name":"Instituto de Energ\u00eda Solar (IES)","slug":"instituto-de-energia-solar-ies","term_group":0,"term_taxonomy_id":236,"taxonomy":"donde","description":"","parent":0,"count":41,"filter":"raw","term_order":"0"},{"term_id":554,"name":"Sistemas Fotovoltaicos","slug":"sistemas-fotovoltaicos","term_group":0,"term_taxonomy_id":554,"taxonomy":"donde","description":"","parent":0,"count":10,"filter":"raw","term_order":"0"}],"infraestructura":[],"ods":[],"origen":[{"term_id":180,"name":"Patente","slug":"patente","term_group":0,"term_taxonomy_id":180,"taxonomy":"origen","description":"","parent":0,"count":614,"filter":"raw","term_order":"0"}],"familia_tax":false,"quien_tax":false,"donde_tax":false,"year":"","contacto":"<strong>Principales: <\/strong><ul><li>ANTONIO-P.EDUARDO LORENZO PIGUEIRAS <blockquote><strong>antonio.lorenzo@upm.es<\/strong><\/blockquote><\/li><li>LUIS NARVARTE FERNANDEZ <blockquote><strong>luis.narvarte@upm.es<\/strong><\/blockquote><\/li><\/ul><strong>Otros inventores UPM: <\/strong><ul><li>Jonathan Leloux<\/li><li>Rodrigo Moret\u00f3n Villagr\u00e1<\/li><\/ul>","telefono":"","pagina_web":"","email":"","id_ficha_portal":"928","video":"","adjuntos":false,"adjuntos_portal":"https:\/\/www.upm.es\/S2i\/Acuse\/recuperarArchivo.jsp?id=928&id_archivo=3515&tipo=patente&extension=fichero ","inf":false,"departamento":"","acf":[],"lang":"es","translation":{"es":8671},"_links":{"self":[{"href":"https:\/\/www.upm.es\/recursosidi\/wp-json\/wp\/v2\/product\/8671"}],"collection":[{"href":"https:\/\/www.upm.es\/recursosidi\/wp-json\/wp\/v2\/product"}],"about":[{"href":"https:\/\/www.upm.es\/recursosidi\/wp-json\/wp\/v2\/types\/product"}],"wp:attachment":[{"href":"https:\/\/www.upm.es\/recursosidi\/wp-json\/wp\/v2\/media?parent=8671"}],"wp:term":[{"taxonomy":"product_cat","embeddable":true,"href":"https:\/\/www.upm.es\/recursosidi\/wp-json\/wp\/v2\/product_cat?post=8671"},{"taxonomy":"product_tag","embeddable":true,"href":"https:\/\/www.upm.es\/recursosidi\/wp-json\/wp\/v2\/product_tag?post=8671"},{"taxonomy":"comunidad_upm","embeddable":true,"href":"https:\/\/www.upm.es\/recursosidi\/wp-json\/wp\/v2\/comunidades-upm?post=8671"},{"taxonomy":"quien","embeddable":true,"href":"https:\/\/www.upm.es\/recursosidi\/wp-json\/wp\/v2\/quien?post=8671"},{"taxonomy":"mapa","embeddable":true,"href":"https:\/\/www.upm.es\/recursosidi\/wp-json\/wp\/v2\/mapa?post=8671"},{"taxonomy":"disponibilidad","embeddable":true,"href":"https:\/\/www.upm.es\/recursosidi\/wp-json\/wp\/v2\/disponibilidad?post=8671"},{"taxonomy":"donde","embeddable":true,"href":"https:\/\/www.upm.es\/recursosidi\/wp-json\/wp\/v2\/donde?post=8671"},{"taxonomy":"infraestructura","embeddable":true,"href":"https:\/\/www.upm.es\/recursosidi\/wp-json\/wp\/v2\/infraestructura?post=8671"},{"taxonomy":"ods","embeddable":true,"href":"https:\/\/www.upm.es\/recursosidi\/wp-json\/wp\/v2\/ods?post=8671"},{"taxonomy":"origen","embeddable":true,"href":"https:\/\/www.upm.es\/recursosidi\/wp-json\/wp\/v2\/origen?post=8671"}],"curies":[{"name":"wp","href":"https:\/\/api.w.org\/{rel}","templated":true}]}}