{"id":8672,"date":"2021-11-25T14:17:12","date_gmt":"2021-11-25T13:17:12","guid":{"rendered":"https:\/\/www.upm.es\/recursosidi\/offers-resources\/sin categor\u00eda\/sistema-y-metodo-de-control-de-la-rampa-de-potencia-para-grupos-hidraulicos\/"},"modified":"2022-08-10T02:16:19","modified_gmt":"2022-08-10T00:16:19","slug":"sistema-y-metodo-de-control-de-la-rampa-de-potencia-para-grupos-hidraulicos","status":"publish","type":"product","link":"https:\/\/www.upm.es\/recursosidi\/offers-resources\/patentes\/sistema-y-metodo-de-control-de-la-rampa-de-potencia-para-grupos-hidraulicos\/","title":{"rendered":"Sistema y m\u00e9todo de control de la rampa de potencia para grupos hidr\u00e1ulicos"},"content":{"rendered":"<h5>Descripci\u00f3n de la patente <\/h5>\n<p>Cuando se aumenta la potencia de una turbina<br \/>\nhidr\u00e1ulica aparece una onda de presi\u00f3n negativa que<br \/>\nse desplaza desde la turbina hasta el embalse<br \/>\nsuperior. El valor de esta onda es tanto mayor cuanto<br \/>\nmayor es la rampa de potencia. La cavitaci\u00f3n se<br \/>\npuede alcanzar si debido a esta onda de presi\u00f3n en<br \/>\nalg\u00fan punto de la tuber\u00eda se alcanzaran presiones<br \/>\ndemasiado bajas, tales que el agua cambiara a<br \/>\nestado gaseoso, produci\u00e9ndose da\u00f1os graves en la<br \/>\ntuber\u00eda o en la turbina.<br \/>\nLa presente invenci\u00f3n tiene por objeto el ajustar la<br \/>\nrampa de potencia en grupos hidr\u00e1ulicos en funci\u00f3n<br \/>\nde la altura del embalse superior, de forma que se<br \/>\nobtenga la mejor respuesta del grupo en cada<br \/>\nsituaci\u00f3n sin tener problemas de cavitaci\u00f3n en el<br \/>\nsistema hidr\u00e1ulico.<\/p>\n<h5>Situaci\u00f3n <\/h5>\n<p>Concedida<\/p>\n<h5>N\u00famero de solicitud<\/h5>\n<p>P201430850<\/p>\n<h5>N\u00famero de publicaci\u00f3n<\/h5>\n<p>ES2472142-A1<\/p>\n<h5>Fecha de presentaci\u00f3n <\/h5>\n<p>03\/06\/2014<\/p>\n<h5>Fecha de publicaci\u00f3n <\/h5>\n<p>27\/06\/2014<\/p>\n<h5>Fecha de concesi\u00f3n <\/h5>\n<p>15\/10\/2014<\/p>\n<div class=\"pdfprnt-buttons pdfprnt-buttons-product pdfprnt-bottom-left\"><a href=\"https:\/\/www.upm.es\/recursosidi\/wp-json\/wp\/v2\/product\/8672?print=pdf\" class=\"pdfprnt-button pdfprnt-button-pdf\" target=\"_blank\"><span class=\"pdfprnt-button-title pdfprnt-button-pdf-title\">Descargar ficha<\/span><\/a><\/div>","protected":false},"excerpt":{"rendered":"<p>Descripci\u00f3n de la patente Cuando se aumenta la potencia de una turbina hidr\u00e1ulica aparece una onda de presi\u00f3n negativa que se desplaza desde la turbina&hellip;<\/p>\n","protected":false},"featured_media":0,"template":"","meta":{"_acf_changed":false},"product_cat":[3946],"product_tag":[],"comunidades-upm":[],"quien":[],"mapa":[],"disponibilidad":[],"donde":[{"term_id":374,"name":"Generaci\u00f3n el\u00e9ctrica con energ\u00eda e\u00f3lica","slug":"generacion-electrica-con-energia-eolica","term_group":0,"term_taxonomy_id":374,"taxonomy":"donde","description":"","parent":0,"count":70,"filter":"raw","term_order":"0"},{"term_id":534,"name":"Hidroinform\u00e1tica y Gesti\u00f3n del Agua","slug":"hidroinformatica-y-gestion-del-agua","term_group":0,"term_taxonomy_id":534,"taxonomy":"donde","description":"El objetivo de nuestro grupo es la investigaci&oacute;n en un campo multidisciplinar que combina intereses tecnol&oacute;gicos, humanos, sociol&oacute;gicos y medioambientales con el fin de resolver problemas relacionados con el medio ambiente acu&aacute;tico y mejorar la gesti&oacute;n de los recursos h&iacute;dricos haciendo uso de las tecnolog&iacute;as de informaci&oacute;n. La hidroinform&aacute;tica utiliza soluciones tales como m&eacute;todos num&eacute;ricos de modelizaci&oacute;n y optimizaci&oacute;n, redes de sensores, sistemas de informaci&oacute;n e inteligencia artificial (an&aacute;lisis inteligente de datos, herramientas de ayuda a la decisi&oacute;n) para resolver problemas de hidr&aacute;ulica, hidrolog&iacute;a e ingenier&iacute;a ambiental con el fin de obtener un mejor manejo de los sistemas basados en recursos h&iacute;dricos.\n&nbsp;\nNuestras l&iacute;neas de investigaci&oacute;n incluyen:\n\n\n<strong>Infraestructuras y Sistemas Hidr&aacute;ulicos:<\/strong>&nbsp;Modelizaci&oacute;n, gesti&oacute;n de recursos, seguridad, sistemas hidroel&eacute;ctricos\n\n\n\n<strong>Medioambiente: <\/strong>Cambio clim&aacute;tico, sequ&iacute;a, impacto socio-econ&oacute;mico de la gesti&oacute;n del agua\n\n\n<strong>Tecnolog&iacute;as de Informaci&oacute;n: <\/strong>Sistemas de informaci&oacute;n, inteligencia artificial\n","parent":0,"count":15,"filter":"raw","term_order":"0"}],"infraestructura":[],"ods":[],"origen":[{"term_id":180,"name":"Patente","slug":"patente","term_group":0,"term_taxonomy_id":180,"taxonomy":"origen","description":"","parent":0,"count":614,"filter":"raw","term_order":"0"}],"familia_tax":false,"quien_tax":false,"donde_tax":false,"year":"","contacto":"<strong>Principales: <\/strong><ul><li>JOSE ANGEL SANCHEZ FERNANDEZ <blockquote><strong>joseangel.sanchez@upm.es<\/strong><\/blockquote><\/li><li>EMILIO DAVID REBOLLO LOPEZ <blockquote><strong>emilio.rebollo.lopez@upm.es<\/strong><\/blockquote><\/li><li>Francisco Bl\u00e1nquez Delgado <blockquote><strong><\/strong><\/blockquote><\/li><li>JOSE IGNACIO SARASUA MORENO <blockquote><strong>joseignacio.sarasua@upm.es<\/strong><\/blockquote><\/li><li>CARLOS ANTONIO PLATERO GAONA <blockquote><strong>carlosantonio.platero@upm.es<\/strong><\/blockquote><\/li><\/ul>","telefono":"","pagina_web":"","email":"","id_ficha_portal":"884","video":"","adjuntos":false,"adjuntos_portal":"https:\/\/www.upm.es\/S2i\/Acuse\/recuperarArchivo.jsp?id=884&id_archivo=2668&tipo=patente&extension=fichero ","inf":false,"departamento":"","acf":[],"lang":"es","translation":{"es":8672},"_links":{"self":[{"href":"https:\/\/www.upm.es\/recursosidi\/wp-json\/wp\/v2\/product\/8672"}],"collection":[{"href":"https:\/\/www.upm.es\/recursosidi\/wp-json\/wp\/v2\/product"}],"about":[{"href":"https:\/\/www.upm.es\/recursosidi\/wp-json\/wp\/v2\/types\/product"}],"wp:attachment":[{"href":"https:\/\/www.upm.es\/recursosidi\/wp-json\/wp\/v2\/media?parent=8672"}],"wp:term":[{"taxonomy":"product_cat","embeddable":true,"href":"https:\/\/www.upm.es\/recursosidi\/wp-json\/wp\/v2\/product_cat?post=8672"},{"taxonomy":"product_tag","embeddable":true,"href":"https:\/\/www.upm.es\/recursosidi\/wp-json\/wp\/v2\/product_tag?post=8672"},{"taxonomy":"comunidad_upm","embeddable":true,"href":"https:\/\/www.upm.es\/recursosidi\/wp-json\/wp\/v2\/comunidades-upm?post=8672"},{"taxonomy":"quien","embeddable":true,"href":"https:\/\/www.upm.es\/recursosidi\/wp-json\/wp\/v2\/quien?post=8672"},{"taxonomy":"mapa","embeddable":true,"href":"https:\/\/www.upm.es\/recursosidi\/wp-json\/wp\/v2\/mapa?post=8672"},{"taxonomy":"disponibilidad","embeddable":true,"href":"https:\/\/www.upm.es\/recursosidi\/wp-json\/wp\/v2\/disponibilidad?post=8672"},{"taxonomy":"donde","embeddable":true,"href":"https:\/\/www.upm.es\/recursosidi\/wp-json\/wp\/v2\/donde?post=8672"},{"taxonomy":"infraestructura","embeddable":true,"href":"https:\/\/www.upm.es\/recursosidi\/wp-json\/wp\/v2\/infraestructura?post=8672"},{"taxonomy":"ods","embeddable":true,"href":"https:\/\/www.upm.es\/recursosidi\/wp-json\/wp\/v2\/ods?post=8672"},{"taxonomy":"origen","embeddable":true,"href":"https:\/\/www.upm.es\/recursosidi\/wp-json\/wp\/v2\/origen?post=8672"}],"curies":[{"name":"wp","href":"https:\/\/api.w.org\/{rel}","templated":true}]}}