{"id":8673,"date":"2021-11-25T14:17:15","date_gmt":"2021-11-25T13:17:15","guid":{"rendered":"https:\/\/www.upm.es\/recursosidi\/offers-resources\/sin categor\u00eda\/atril-tetraedrico-para-sostener-dispositivos-electronicos-y-su-uso-como-soporte-publicitario\/"},"modified":"2022-08-10T02:16:22","modified_gmt":"2022-08-10T00:16:22","slug":"atril-tetraedrico-para-sostener-dispositivos-electronicos-y-su-uso-como-soporte-publicitario","status":"publish","type":"product","link":"https:\/\/www.upm.es\/recursosidi\/offers-resources\/patentes\/atril-tetraedrico-para-sostener-dispositivos-electronicos-y-su-uso-como-soporte-publicitario\/","title":{"rendered":"Atril tetra\u00e9drico para sostener dispositivos electr\u00f3nicos  y su uso como soporte publicitario"},"content":{"rendered":"<h5>Descripci\u00f3n de la patente <\/h5>\n<p>Atril para aparatos electr\u00f3nicos, tales como tel\u00e9fonos m\u00f3viles, tabletas o similares, que permite posicionarlos con unaa cierta inclinaci\u00f3n. Presenta una inclinaci\u00f3n id\u00f3nea para el uso del aparato a partir de una \u00fanica pieza de cartulina, papel, pl\u00e1stico o similar, que se pliega y encaja f\u00e1cilmente de manera que adquiere forma tetra\u00e9drica con un prisma triangular en la base. Las caras exteriores y la frontal del tetraedro soportan el aparato electr\u00f3nico y el resultado del encaje es muy estable, de manera que el dispositivo no desliza. Las caras del atril pueden ser usadas para La disposici\u00f3n de los aparatos sobre el atril permite una interesante  la exposici\u00f3n publicitaria.\t<\/p>\n<h5>Situaci\u00f3n <\/h5>\n<p>Concedida<\/p>\n<h5>N\u00famero de solicitud<\/h5>\n<p>P201431206<\/p>\n<h5>N\u00famero de publicaci\u00f3n<\/h5>\n<p>ES2558850<\/p>\n<h5>Fecha de presentaci\u00f3n <\/h5>\n<p>06\/08\/2014<\/p>\n<h5>Fecha de publicaci\u00f3n <\/h5>\n<p>09\/02\/2016<\/p>\n<h5>Fecha de concesi\u00f3n <\/h5>\n<p>13\/06\/2016<\/p>\n<div class=\"pdfprnt-buttons pdfprnt-buttons-product pdfprnt-bottom-left\"><a href=\"https:\/\/www.upm.es\/recursosidi\/wp-json\/wp\/v2\/product\/8673?print=pdf\" class=\"pdfprnt-button pdfprnt-button-pdf\" target=\"_blank\"><span class=\"pdfprnt-button-title pdfprnt-button-pdf-title\">Descargar ficha<\/span><\/a><\/div>","protected":false},"excerpt":{"rendered":"<p>Descripci\u00f3n de la patente Atril para aparatos electr\u00f3nicos, tales como tel\u00e9fonos m\u00f3viles, tabletas o similares, que permite posicionarlos con unaa cierta inclinaci\u00f3n. Presenta una inclinaci\u00f3n&hellip;<\/p>\n","protected":false},"featured_media":0,"template":"","meta":{"_acf_changed":false},"product_cat":[3946],"product_tag":[],"comunidades-upm":[],"quien":[],"mapa":[],"disponibilidad":[],"donde":[{"term_id":42,"name":"UPM","slug":"upm","term_group":0,"term_taxonomy_id":42,"taxonomy":"donde","description":"Universidad Polit\u00e9cnica de Madrid\r\nHTML \"Lorem ipsum dolor sit amet, consectetur adipiscing elit, sed do eiusmod tempor incididunt ut labore et dolore magna aliqua. Ut enim ad minim veniam, quis nostrud exercitation ullamco laboris nisi ut aliquip ex ea commodo consequat. Duis aute irure dolor in reprehenderit in voluptate velit esse cillum dolore eu fugiat nulla pariatur. Excepteur sint occaecat cupidatat non proident, sunt in culpa qui officia deserunt mollit anim id est laborum.\"","parent":0,"count":145,"filter":"raw","term_order":"0"}],"infraestructura":[],"ods":[],"origen":[{"term_id":180,"name":"Patente","slug":"patente","term_group":0,"term_taxonomy_id":180,"taxonomy":"origen","description":"","parent":0,"count":614,"filter":"raw","term_order":"0"}],"familia_tax":false,"quien_tax":false,"donde_tax":false,"year":"","contacto":"<ul><li><blockquote><strong>otri.investigacion@upm.es<\/strong><\/blockquote><\/li><\/ul>","telefono":"","pagina_web":"","email":"","id_ficha_portal":"931","video":"","adjuntos":false,"adjuntos_portal":"https:\/\/www.upm.es\/S2i\/Acuse\/recuperarArchivo.jsp?id=931&id_archivo=5521&tipo=patente&extension=fichero ","inf":false,"departamento":"","acf":[],"lang":"es","translation":{"es":8673},"_links":{"self":[{"href":"https:\/\/www.upm.es\/recursosidi\/wp-json\/wp\/v2\/product\/8673"}],"collection":[{"href":"https:\/\/www.upm.es\/recursosidi\/wp-json\/wp\/v2\/product"}],"about":[{"href":"https:\/\/www.upm.es\/recursosidi\/wp-json\/wp\/v2\/types\/product"}],"wp:attachment":[{"href":"https:\/\/www.upm.es\/recursosidi\/wp-json\/wp\/v2\/media?parent=8673"}],"wp:term":[{"taxonomy":"product_cat","embeddable":true,"href":"https:\/\/www.upm.es\/recursosidi\/wp-json\/wp\/v2\/product_cat?post=8673"},{"taxonomy":"product_tag","embeddable":true,"href":"https:\/\/www.upm.es\/recursosidi\/wp-json\/wp\/v2\/product_tag?post=8673"},{"taxonomy":"comunidad_upm","embeddable":true,"href":"https:\/\/www.upm.es\/recursosidi\/wp-json\/wp\/v2\/comunidades-upm?post=8673"},{"taxonomy":"quien","embeddable":true,"href":"https:\/\/www.upm.es\/recursosidi\/wp-json\/wp\/v2\/quien?post=8673"},{"taxonomy":"mapa","embeddable":true,"href":"https:\/\/www.upm.es\/recursosidi\/wp-json\/wp\/v2\/mapa?post=8673"},{"taxonomy":"disponibilidad","embeddable":true,"href":"https:\/\/www.upm.es\/recursosidi\/wp-json\/wp\/v2\/disponibilidad?post=8673"},{"taxonomy":"donde","embeddable":true,"href":"https:\/\/www.upm.es\/recursosidi\/wp-json\/wp\/v2\/donde?post=8673"},{"taxonomy":"infraestructura","embeddable":true,"href":"https:\/\/www.upm.es\/recursosidi\/wp-json\/wp\/v2\/infraestructura?post=8673"},{"taxonomy":"ods","embeddable":true,"href":"https:\/\/www.upm.es\/recursosidi\/wp-json\/wp\/v2\/ods?post=8673"},{"taxonomy":"origen","embeddable":true,"href":"https:\/\/www.upm.es\/recursosidi\/wp-json\/wp\/v2\/origen?post=8673"}],"curies":[{"name":"wp","href":"https:\/\/api.w.org\/{rel}","templated":true}]}}