{"id":8674,"date":"2021-11-25T14:17:17","date_gmt":"2021-11-25T13:17:17","guid":{"rendered":"https:\/\/www.upm.es\/recursosidi\/offers-resources\/sin%20categor\u00eda\/dispositivo-de-paso-de-aire-con-mosquitera-integrado-en-ventanas-y-puertas\/"},"modified":"2022-08-10T02:16:24","modified_gmt":"2022-08-10T00:16:24","slug":"dispositivo-de-paso-de-aire-con-mosquitera-integrado-en-ventanas-y-puertas","status":"publish","type":"product","link":"https:\/\/www.upm.es\/recursosidi\/offers-resources\/patentes\/dispositivo-de-paso-de-aire-con-mosquitera-integrado-en-ventanas-y-puertas\/","title":{"rendered":"Dispositivo de paso de aire con mosquitera integrado en ventanas y puertas"},"content":{"rendered":"<h5>Descripci\u00f3n de la patente <\/h5>\n<p>La invenci\u00f3n consiste en una junta de material pl\u00e1stico con una abertura lateral que permite<br \/>\nel paso del aire a trav\u00e9s de una tela mosquitera hacia el sistema de aireaci\u00f3n oculto de una<br \/>\npuerta o ventana.<\/p>\n<h5>Situaci\u00f3n <\/h5>\n<p>Concedida<\/p>\n<h5>N\u00famero de solicitud<\/h5>\n<p>P201431624<\/p>\n<h5>N\u00famero de publicaci\u00f3n<\/h5>\n<p>ES2569223<\/p>\n<h5>Fecha de presentaci\u00f3n <\/h5>\n<p>05\/11\/2014<\/p>\n<h5>Fecha de publicaci\u00f3n <\/h5>\n<p>09\/05\/2016<\/p>\n<h5>Fecha de concesi\u00f3n <\/h5>\n<p>09\/02\/2017<\/p>\n<div class=\"pdfprnt-buttons pdfprnt-buttons-product pdfprnt-bottom-left\"><a href=\"https:\/\/www.upm.es\/recursosidi\/wp-json\/wp\/v2\/product\/8674?print=pdf\" class=\"pdfprnt-button pdfprnt-button-pdf\" target=\"_blank\"><span class=\"pdfprnt-button-title pdfprnt-button-pdf-title\">Descargar ficha<\/span><\/a><\/div>","protected":false},"excerpt":{"rendered":"<p>Descripci\u00f3n de la patente La invenci\u00f3n consiste en una junta de material pl\u00e1stico con una abertura lateral que permite el paso del aire a trav\u00e9s&hellip;<\/p>\n","protected":false},"featured_media":0,"template":"","meta":{"_acf_changed":false},"product_cat":[3946],"product_tag":[],"comunidades-upm":[],"quien":[],"mapa":[],"disponibilidad":[],"donde":[{"term_id":270,"name":"Ac\u00fastica Arquitect\u00f3nica","slug":"acustica-arquitectonica","term_group":0,"term_taxonomy_id":270,"taxonomy":"donde","description":"","parent":0,"count":3,"filter":"raw","term_order":"0"}],"infraestructura":[],"ods":[],"origen":[{"term_id":180,"name":"Patente","slug":"patente","term_group":0,"term_taxonomy_id":180,"taxonomy":"origen","description":"","parent":0,"count":614,"filter":"raw","term_order":"0"}],"familia_tax":false,"quien_tax":false,"donde_tax":false,"year":"","contacto":"<strong>Principales: <\/strong><ul><li>ALEXANDER DIAZ CHYLA <blockquote><strong>alexander.diaz@upm.es<\/strong><\/blockquote><\/li><li>JULIAN CESAR DIAZ SANCHIDRIAN <blockquote><strong>cesar.diaz.sanchidrian@upm.es<\/strong><\/blockquote><\/li><li>DAVID CABALLOL BARTOLOME <blockquote><strong>david.caballol@upm.es<\/strong><\/blockquote><\/li><\/ul>","telefono":"","pagina_web":"","email":"","id_ficha_portal":"926","video":"","adjuntos":false,"adjuntos_portal":"","inf":false,"departamento":"","acf":[],"lang":"es","translation":{"es":8674},"_links":{"self":[{"href":"https:\/\/www.upm.es\/recursosidi\/wp-json\/wp\/v2\/product\/8674"}],"collection":[{"href":"https:\/\/www.upm.es\/recursosidi\/wp-json\/wp\/v2\/product"}],"about":[{"href":"https:\/\/www.upm.es\/recursosidi\/wp-json\/wp\/v2\/types\/product"}],"wp:attachment":[{"href":"https:\/\/www.upm.es\/recursosidi\/wp-json\/wp\/v2\/media?parent=8674"}],"wp:term":[{"taxonomy":"product_cat","embeddable":true,"href":"https:\/\/www.upm.es\/recursosidi\/wp-json\/wp\/v2\/product_cat?post=8674"},{"taxonomy":"product_tag","embeddable":true,"href":"https:\/\/www.upm.es\/recursosidi\/wp-json\/wp\/v2\/product_tag?post=8674"},{"taxonomy":"comunidad_upm","embeddable":true,"href":"https:\/\/www.upm.es\/recursosidi\/wp-json\/wp\/v2\/comunidades-upm?post=8674"},{"taxonomy":"quien","embeddable":true,"href":"https:\/\/www.upm.es\/recursosidi\/wp-json\/wp\/v2\/quien?post=8674"},{"taxonomy":"mapa","embeddable":true,"href":"https:\/\/www.upm.es\/recursosidi\/wp-json\/wp\/v2\/mapa?post=8674"},{"taxonomy":"disponibilidad","embeddable":true,"href":"https:\/\/www.upm.es\/recursosidi\/wp-json\/wp\/v2\/disponibilidad?post=8674"},{"taxonomy":"donde","embeddable":true,"href":"https:\/\/www.upm.es\/recursosidi\/wp-json\/wp\/v2\/donde?post=8674"},{"taxonomy":"infraestructura","embeddable":true,"href":"https:\/\/www.upm.es\/recursosidi\/wp-json\/wp\/v2\/infraestructura?post=8674"},{"taxonomy":"ods","embeddable":true,"href":"https:\/\/www.upm.es\/recursosidi\/wp-json\/wp\/v2\/ods?post=8674"},{"taxonomy":"origen","embeddable":true,"href":"https:\/\/www.upm.es\/recursosidi\/wp-json\/wp\/v2\/origen?post=8674"}],"curies":[{"name":"wp","href":"https:\/\/api.w.org\/{rel}","templated":true}]}}