{"id":8675,"date":"2021-11-25T14:17:20","date_gmt":"2021-11-25T13:17:20","guid":{"rendered":"https:\/\/www.upm.es\/recursosidi\/offers-resources\/sin categor\u00eda\/sistema-simbiotico-e-inteligente-para-ahorro-energetico-en-edificacion\/"},"modified":"2022-08-10T02:16:27","modified_gmt":"2022-08-10T00:16:27","slug":"sistema-simbiotico-e-inteligente-para-ahorro-energetico-en-edificacion","status":"publish","type":"product","link":"https:\/\/www.upm.es\/recursosidi\/offers-resources\/patentes\/sistema-simbiotico-e-inteligente-para-ahorro-energetico-en-edificacion\/","title":{"rendered":"Sistema simbi\u00f3tico e inteligente para ahorro energ\u00e9tico en edificaci\u00f3n"},"content":{"rendered":"<h5>Descripci\u00f3n de la patente <\/h5>\n<p>El sistema consiste en una serie de aut\u00f3matas (1) que env\u00edan y reciben datos de un<br \/>\nconcentrador (2) conectado a internet (3), utilizando como medio de visualizaci\u00f3n (5),<br \/>\ncomunicaci\u00f3n a la vez que como mando a distancia cualquier ordenador, tel\u00e9fono inteligente<br \/>\no tablet que pueda conectarse a internet. El sistema est\u00e1 previsto para su uso en el sector<br \/>\nde la automatizaci\u00f3n y la dom\u00f3tica, y en concreto para monitorizaci\u00f3n de dispositivos<br \/>\nel\u00e9ctricos de un edificio o de un entorno urbano para el ahorro y la gesti\u00f3n de energ\u00eda.<\/p>\n<h5>Situaci\u00f3n <\/h5>\n<p>Concedida<\/p>\n<h5>N\u00famero de solicitud<\/h5>\n<p>P201431356<\/p>\n<h5>N\u00famero de publicaci\u00f3n<\/h5>\n<p>ES2533198_B2<\/p>\n<h5>Fecha de presentaci\u00f3n <\/h5>\n<p>18\/09\/2014<\/p>\n<h5>Fecha de concesi\u00f3n <\/h5>\n<p>03\/02\/2016<\/p>\n<div class=\"pdfprnt-buttons pdfprnt-buttons-product pdfprnt-bottom-left\"><a href=\"https:\/\/www.upm.es\/recursosidi\/wp-json\/wp\/v2\/product\/8675?print=pdf\" class=\"pdfprnt-button pdfprnt-button-pdf\" target=\"_blank\"><span class=\"pdfprnt-button-title pdfprnt-button-pdf-title\">Descargar ficha<\/span><\/a><\/div>","protected":false},"excerpt":{"rendered":"<p>Descripci\u00f3n de la patente El sistema consiste en una serie de aut\u00f3matas (1) que env\u00edan y reciben datos de un concentrador (2) conectado a internet&hellip;<\/p>\n","protected":false},"featured_media":0,"template":"","meta":{"_acf_changed":false},"product_cat":[3946],"product_tag":[],"comunidades-upm":[],"quien":[],"mapa":[],"disponibilidad":[],"donde":[{"term_id":618,"name":"Centro de Investigaci\u00f3n en Simulaci\u00f3n Computacional (CCS)","slug":"centro-de-investigacion-en-simulacion-computacional-ccs","term_group":0,"term_taxonomy_id":618,"taxonomy":"donde","description":"","parent":0,"count":27,"filter":"raw","term_order":"0"},{"term_id":282,"name":"M\u00e9todos y Aplicaciones Num\u00e9ricas a la Tecnolog\u00eda Aeroespacial","slug":"metodos-y-aplicaciones-numericas-a-la-tecnologia-aeroespacial","term_group":0,"term_taxonomy_id":282,"taxonomy":"donde","description":"","parent":0,"count":4,"filter":"raw","term_order":"0"}],"infraestructura":[],"ods":[],"origen":[{"term_id":180,"name":"Patente","slug":"patente","term_group":0,"term_taxonomy_id":180,"taxonomy":"origen","description":"","parent":0,"count":614,"filter":"raw","term_order":"0"}],"familia_tax":false,"quien_tax":false,"donde_tax":false,"year":"","contacto":"<strong>Principales: <\/strong><ul><li>JUAN ANTONIO HERNANDEZ RAMOS <blockquote><strong>juanantonio.hernandez@upm.es<\/strong><\/blockquote><\/li><\/ul><strong>Otros inventores UPM: <\/strong><ul><li>Fernando del Ama Gonzalo<\/li><\/ul>","telefono":"","pagina_web":"","email":"","id_ficha_portal":"911","video":"","adjuntos":false,"adjuntos_portal":"https:\/\/www.upm.es\/S2i\/Acuse\/recuperarArchivo.jsp?id=911&id_archivo=5115&tipo=patente&extension=fichero ","inf":false,"departamento":"","acf":[],"lang":"es","translation":{"es":8675},"_links":{"self":[{"href":"https:\/\/www.upm.es\/recursosidi\/wp-json\/wp\/v2\/product\/8675"}],"collection":[{"href":"https:\/\/www.upm.es\/recursosidi\/wp-json\/wp\/v2\/product"}],"about":[{"href":"https:\/\/www.upm.es\/recursosidi\/wp-json\/wp\/v2\/types\/product"}],"wp:attachment":[{"href":"https:\/\/www.upm.es\/recursosidi\/wp-json\/wp\/v2\/media?parent=8675"}],"wp:term":[{"taxonomy":"product_cat","embeddable":true,"href":"https:\/\/www.upm.es\/recursosidi\/wp-json\/wp\/v2\/product_cat?post=8675"},{"taxonomy":"product_tag","embeddable":true,"href":"https:\/\/www.upm.es\/recursosidi\/wp-json\/wp\/v2\/product_tag?post=8675"},{"taxonomy":"comunidad_upm","embeddable":true,"href":"https:\/\/www.upm.es\/recursosidi\/wp-json\/wp\/v2\/comunidades-upm?post=8675"},{"taxonomy":"quien","embeddable":true,"href":"https:\/\/www.upm.es\/recursosidi\/wp-json\/wp\/v2\/quien?post=8675"},{"taxonomy":"mapa","embeddable":true,"href":"https:\/\/www.upm.es\/recursosidi\/wp-json\/wp\/v2\/mapa?post=8675"},{"taxonomy":"disponibilidad","embeddable":true,"href":"https:\/\/www.upm.es\/recursosidi\/wp-json\/wp\/v2\/disponibilidad?post=8675"},{"taxonomy":"donde","embeddable":true,"href":"https:\/\/www.upm.es\/recursosidi\/wp-json\/wp\/v2\/donde?post=8675"},{"taxonomy":"infraestructura","embeddable":true,"href":"https:\/\/www.upm.es\/recursosidi\/wp-json\/wp\/v2\/infraestructura?post=8675"},{"taxonomy":"ods","embeddable":true,"href":"https:\/\/www.upm.es\/recursosidi\/wp-json\/wp\/v2\/ods?post=8675"},{"taxonomy":"origen","embeddable":true,"href":"https:\/\/www.upm.es\/recursosidi\/wp-json\/wp\/v2\/origen?post=8675"}],"curies":[{"name":"wp","href":"https:\/\/api.w.org\/{rel}","templated":true}]}}