{"id":8677,"date":"2021-11-25T14:17:24","date_gmt":"2021-11-25T13:17:24","guid":{"rendered":"https:\/\/www.upm.es\/recursosidi\/offers-resources\/sin categor\u00eda\/dispositivo-audiofono-de-ecualizacion-audiometrico-para-la-correccion-de-la-escucha\/"},"modified":"2022-08-10T02:16:33","modified_gmt":"2022-08-10T00:16:33","slug":"dispositivo-audiofono-de-ecualizacion-audiometrico-para-la-correccion-de-la-escucha","status":"publish","type":"product","link":"https:\/\/www.upm.es\/recursosidi\/offers-resources\/patentes\/dispositivo-audiofono-de-ecualizacion-audiometrico-para-la-correccion-de-la-escucha\/","title":{"rendered":"Dispositivo audi\u00f3fono de ecualizaci\u00f3n audiom\u00e9trico para la correcci\u00f3n de la escucha"},"content":{"rendered":"<h5>Descripci\u00f3n de la patente <\/h5>\n<p>Un audi\u00f3fono para la ecualizaci\u00f3n audiom\u00e9trica y correcci\u00f3n de la escucha, que est\u00e1 conectado entre un equipo reproductor de sonido, mediante un cable de conexi\u00f3n, y un conjunto de auriculares, mediante un cable de conexi\u00f3n, y comprende un procesador digital de se\u00f1al que, a su vez, comprende:<br \/>\n&#8211; tres etapas de ecualizaci\u00f3n en cascada: una primera etapa de ecualizaci\u00f3n del equipo reproductor de sonido, una segunda etapa de ecualizaci\u00f3n de un sistema de audiometr\u00eda y una tercera etapa de ecualizaci\u00f3n del conjunto de auriculares;<br \/>\n&#8211; un m\u00f3dulo de comunicaci\u00f3n para recibir al menos una respuesta al impulso inversa del sistema de audiometr\u00eda que se usa en la segunda etapa de ecualizaci\u00f3n para corregir la escucha.<\/p>\n<h5>Situaci\u00f3n <\/h5>\n<p>Concedida<\/p>\n<h5>N\u00famero de solicitud<\/h5>\n<p>P201530778<\/p>\n<h5>N\u00famero de publicaci\u00f3n<\/h5>\n<p>ES2593076<\/p>\n<h5>Fecha de presentaci\u00f3n <\/h5>\n<p>03\/06\/2015<\/p>\n<h5>Fecha de publicaci\u00f3n <\/h5>\n<p>05\/12\/2016<\/p>\n<h5>Fecha de concesi\u00f3n <\/h5>\n<p>26\/07\/2017<\/p>\n<div class=\"pdfprnt-buttons pdfprnt-buttons-product pdfprnt-bottom-left\"><a href=\"https:\/\/www.upm.es\/recursosidi\/wp-json\/wp\/v2\/product\/8677?print=pdf\" class=\"pdfprnt-button pdfprnt-button-pdf\" target=\"_blank\"><span class=\"pdfprnt-button-title pdfprnt-button-pdf-title\">Descargar ficha<\/span><\/a><\/div>","protected":false},"excerpt":{"rendered":"<p>Descripci\u00f3n de la patente Un audi\u00f3fono para la ecualizaci\u00f3n audiom\u00e9trica y correcci\u00f3n de la escucha, que est\u00e1 conectado entre un equipo reproductor de sonido, mediante&hellip;<\/p>\n","protected":false},"featured_media":0,"template":"","meta":{"_acf_changed":false},"product_cat":[3946],"product_tag":[],"comunidades-upm":[],"quien":[],"mapa":[],"disponibilidad":[],"donde":[{"term_id":250,"name":"Centro de Digitalizaci\u00f3n Intermodular (CeDInt)","slug":"centro-de-digitalizacion-intermodular-cedint","term_group":0,"term_taxonomy_id":250,"taxonomy":"donde","description":"","parent":0,"count":21,"filter":"raw","term_order":"0"}],"infraestructura":[],"ods":[],"origen":[{"term_id":180,"name":"Patente","slug":"patente","term_group":0,"term_taxonomy_id":180,"taxonomy":"origen","description":"","parent":0,"count":614,"filter":"raw","term_order":"0"}],"familia_tax":false,"quien_tax":false,"donde_tax":false,"year":"","contacto":"<strong>Principales: <\/strong><ul><li>LINO PEDRO GARCIA MORALES <blockquote><strong>lino.garcia@upm.es<\/strong><\/blockquote><\/li><li>JORGE GRUNDMAN ISLA <blockquote><strong>jorge.grundman@upm.es<\/strong><\/blockquote><\/li><li>FCO. JAVIER TABERNERO GIL <blockquote><strong>franciscoj.tabernero@upm.es<\/strong><\/blockquote><\/li><li>ANTONIO MINGUEZ OLIVARES <blockquote><strong>antonio.minguez@upm.es<\/strong><\/blockquote><\/li><\/ul>","telefono":"","pagina_web":"","email":"","id_ficha_portal":"1002","video":"","adjuntos":false,"adjuntos_portal":"https:\/\/www.upm.es\/S2i\/Acuse\/recuperarArchivo.jsp?id=1002&id_archivo=8217&tipo=patente&extension=fichero ","inf":false,"departamento":"","acf":[],"lang":"es","translation":{"es":8677},"_links":{"self":[{"href":"https:\/\/www.upm.es\/recursosidi\/wp-json\/wp\/v2\/product\/8677"}],"collection":[{"href":"https:\/\/www.upm.es\/recursosidi\/wp-json\/wp\/v2\/product"}],"about":[{"href":"https:\/\/www.upm.es\/recursosidi\/wp-json\/wp\/v2\/types\/product"}],"wp:attachment":[{"href":"https:\/\/www.upm.es\/recursosidi\/wp-json\/wp\/v2\/media?parent=8677"}],"wp:term":[{"taxonomy":"product_cat","embeddable":true,"href":"https:\/\/www.upm.es\/recursosidi\/wp-json\/wp\/v2\/product_cat?post=8677"},{"taxonomy":"product_tag","embeddable":true,"href":"https:\/\/www.upm.es\/recursosidi\/wp-json\/wp\/v2\/product_tag?post=8677"},{"taxonomy":"comunidad_upm","embeddable":true,"href":"https:\/\/www.upm.es\/recursosidi\/wp-json\/wp\/v2\/comunidades-upm?post=8677"},{"taxonomy":"quien","embeddable":true,"href":"https:\/\/www.upm.es\/recursosidi\/wp-json\/wp\/v2\/quien?post=8677"},{"taxonomy":"mapa","embeddable":true,"href":"https:\/\/www.upm.es\/recursosidi\/wp-json\/wp\/v2\/mapa?post=8677"},{"taxonomy":"disponibilidad","embeddable":true,"href":"https:\/\/www.upm.es\/recursosidi\/wp-json\/wp\/v2\/disponibilidad?post=8677"},{"taxonomy":"donde","embeddable":true,"href":"https:\/\/www.upm.es\/recursosidi\/wp-json\/wp\/v2\/donde?post=8677"},{"taxonomy":"infraestructura","embeddable":true,"href":"https:\/\/www.upm.es\/recursosidi\/wp-json\/wp\/v2\/infraestructura?post=8677"},{"taxonomy":"ods","embeddable":true,"href":"https:\/\/www.upm.es\/recursosidi\/wp-json\/wp\/v2\/ods?post=8677"},{"taxonomy":"origen","embeddable":true,"href":"https:\/\/www.upm.es\/recursosidi\/wp-json\/wp\/v2\/origen?post=8677"}],"curies":[{"name":"wp","href":"https:\/\/api.w.org\/{rel}","templated":true}]}}