{"id":8678,"date":"2021-11-25T14:17:27","date_gmt":"2021-11-25T13:17:27","guid":{"rendered":"https:\/\/www.upm.es\/recursosidi\/offers-resources\/sin categor\u00eda\/dispositivo-de-sustentacion-y-aislamiento-de-cable-superconductor\/"},"modified":"2022-08-10T02:16:36","modified_gmt":"2022-08-10T00:16:36","slug":"dispositivo-de-sustentacion-y-aislamiento-de-cable-superconductor","status":"publish","type":"product","link":"https:\/\/www.upm.es\/recursosidi\/offers-resources\/patentes\/dispositivo-de-sustentacion-y-aislamiento-de-cable-superconductor\/","title":{"rendered":"Dispositivo de sustentaci\u00f3n y aislamiento de cable superconductor"},"content":{"rendered":"<h5>Descripci\u00f3n de la patente <\/h5>\n<p>El cable de material superconductor est\u00e1 alojado en un tubo o conducci\u00f3n s\u00f3lida a cuya superficie interior est\u00e1 unida por sus patas una pieza longitudinal de material no superconductor, denominada pieza somier (3), que presenta una concavidad hacia arriba, que es donde se ubica el cable, que en caso de no estar bajo tensi\u00f3n y corriente descansa sobre dicha pieza somier, debajo de la cual y sin tener contacto directo entre ellas, se halla otra pieza independiente, asimismo longitudinal alargada, a seleccionar entre continua o discontinua, hecha de material conductor met\u00e1lico de alta reflectividad a la radiaci\u00f3n electromagn\u00e9tica, o de caracter\u00edsticas superconductoras, pero que nunca se conecta a la corriente el\u00e9ctrica exterior; a la cual corriente s\u00ed se conecta el cable.<\/p>\n<h5>Situaci\u00f3n <\/h5>\n<p>Concedida<\/p>\n<h5>N\u00famero de solicitud<\/h5>\n<p>P201530141<\/p>\n<h5>N\u00famero de publicaci\u00f3n<\/h5>\n<p>ES2535151<\/p>\n<h5>Fecha de presentaci\u00f3n <\/h5>\n<p>04\/02\/2015<\/p>\n<h5>Fecha de publicaci\u00f3n <\/h5>\n<p>05\/05\/2015<\/p>\n<h5>Fecha de concesi\u00f3n <\/h5>\n<p>22\/09\/2015<\/p>\n<div class=\"pdfprnt-buttons pdfprnt-buttons-product pdfprnt-bottom-left\"><a href=\"https:\/\/www.upm.es\/recursosidi\/wp-json\/wp\/v2\/product\/8678?print=pdf\" class=\"pdfprnt-button pdfprnt-button-pdf\" target=\"_blank\"><span class=\"pdfprnt-button-title pdfprnt-button-pdf-title\">Descargar ficha<\/span><\/a><\/div>","protected":false},"excerpt":{"rendered":"<p>Descripci\u00f3n de la patente El cable de material superconductor est\u00e1 alojado en un tubo o conducci\u00f3n s\u00f3lida a cuya superficie interior est\u00e1 unida por sus&hellip;<\/p>\n","protected":false},"featured_media":0,"template":"","meta":{"_acf_changed":false},"product_cat":[3946],"product_tag":[],"comunidades-upm":[],"quien":[],"mapa":[],"disponibilidad":[],"donde":[{"term_id":238,"name":"Instituto de Fusi\u00f3n Nuclear \"Guillermo Velarde\" (IFN-GV)","slug":"instituto-de-fusion-nuclear-guillermo-velarde-ifn-gv","term_group":0,"term_taxonomy_id":238,"taxonomy":"donde","description":"","parent":0,"count":57,"filter":"raw","term_order":"0"},{"term_id":390,"name":"Thermal Energy for Sustainability","slug":"thermal-energy-for-sustainability","term_group":0,"term_taxonomy_id":390,"taxonomy":"donde","description":"","parent":0,"count":57,"filter":"raw","term_order":"0"}],"infraestructura":[],"ods":[],"origen":[{"term_id":180,"name":"Patente","slug":"patente","term_group":0,"term_taxonomy_id":180,"taxonomy":"origen","description":"","parent":0,"count":614,"filter":"raw","term_order":"0"}],"familia_tax":false,"quien_tax":false,"donde_tax":false,"year":"","contacto":"<strong>Principales: <\/strong><ul><li>JOSE MARIA MARTINEZ-VAL PE\u00d1ALOSA <blockquote><strong>josemaria.martinezval@upm.es<\/strong><\/blockquote><\/li><\/ul>","telefono":"","pagina_web":"","email":"","id_ficha_portal":"984","video":"","adjuntos":false,"adjuntos_portal":"https:\/\/www.upm.es\/S2i\/Acuse\/recuperarArchivo.jsp?id=984&id_archivo=3845&tipo=patente&extension=fichero ","inf":false,"departamento":"","acf":[],"lang":"es","translation":{"es":8678},"_links":{"self":[{"href":"https:\/\/www.upm.es\/recursosidi\/wp-json\/wp\/v2\/product\/8678"}],"collection":[{"href":"https:\/\/www.upm.es\/recursosidi\/wp-json\/wp\/v2\/product"}],"about":[{"href":"https:\/\/www.upm.es\/recursosidi\/wp-json\/wp\/v2\/types\/product"}],"wp:attachment":[{"href":"https:\/\/www.upm.es\/recursosidi\/wp-json\/wp\/v2\/media?parent=8678"}],"wp:term":[{"taxonomy":"product_cat","embeddable":true,"href":"https:\/\/www.upm.es\/recursosidi\/wp-json\/wp\/v2\/product_cat?post=8678"},{"taxonomy":"product_tag","embeddable":true,"href":"https:\/\/www.upm.es\/recursosidi\/wp-json\/wp\/v2\/product_tag?post=8678"},{"taxonomy":"comunidad_upm","embeddable":true,"href":"https:\/\/www.upm.es\/recursosidi\/wp-json\/wp\/v2\/comunidades-upm?post=8678"},{"taxonomy":"quien","embeddable":true,"href":"https:\/\/www.upm.es\/recursosidi\/wp-json\/wp\/v2\/quien?post=8678"},{"taxonomy":"mapa","embeddable":true,"href":"https:\/\/www.upm.es\/recursosidi\/wp-json\/wp\/v2\/mapa?post=8678"},{"taxonomy":"disponibilidad","embeddable":true,"href":"https:\/\/www.upm.es\/recursosidi\/wp-json\/wp\/v2\/disponibilidad?post=8678"},{"taxonomy":"donde","embeddable":true,"href":"https:\/\/www.upm.es\/recursosidi\/wp-json\/wp\/v2\/donde?post=8678"},{"taxonomy":"infraestructura","embeddable":true,"href":"https:\/\/www.upm.es\/recursosidi\/wp-json\/wp\/v2\/infraestructura?post=8678"},{"taxonomy":"ods","embeddable":true,"href":"https:\/\/www.upm.es\/recursosidi\/wp-json\/wp\/v2\/ods?post=8678"},{"taxonomy":"origen","embeddable":true,"href":"https:\/\/www.upm.es\/recursosidi\/wp-json\/wp\/v2\/origen?post=8678"}],"curies":[{"name":"wp","href":"https:\/\/api.w.org\/{rel}","templated":true}]}}