{"id":8680,"date":"2021-11-25T14:17:32","date_gmt":"2021-11-25T13:17:32","guid":{"rendered":"https:\/\/www.upm.es\/recursosidi\/offers-resources\/sin categor\u00eda\/metodo-para-la-deteccion-de-faltas-a-tierra-en-sistemas-de-corriente-continua-alimentados-mediante-un-rectificador\/"},"modified":"2022-08-10T02:16:41","modified_gmt":"2022-08-10T00:16:41","slug":"metodo-para-la-deteccion-de-faltas-a-tierra-en-sistemas-de-corriente-continua-alimentados-mediante-un-rectificador","status":"publish","type":"product","link":"https:\/\/www.upm.es\/recursosidi\/offers-resources\/patentes\/metodo-para-la-deteccion-de-faltas-a-tierra-en-sistemas-de-corriente-continua-alimentados-mediante-un-rectificador\/","title":{"rendered":"M\u00e9todo para la detecci\u00f3n de faltas a tierra en sistemas de corriente continua alimentados mediante un rectificador"},"content":{"rendered":"<h5>Descripci\u00f3n de la patente <\/h5>\n<p>M\u00e9todo y sistema para la detecci\u00f3n de faltas a tierra<br \/>\nen sistemas de corriente continua alimentados<br \/>\nmediante un rectificador.<br \/>\nLa presente invenci\u00f3n se refiere a un m\u00e9todo y un<br \/>\nsistema para la detecci\u00f3n de faltas a tierra en<br \/>\nsistemas de corriente continua alimentados mediante<br \/>\nun rectificador y un transformador. La invenci\u00f3n<br \/>\ncomprende: obtener una se\u00f1al de tensi\u00f3n en una<br \/>\nimpedancia de puesta a tierra conectada al<br \/>\ntransformador; obtener una segunda se\u00f1al de tensi\u00f3n<br \/>\nentre uno de los terminales del rectificador y el neutro<br \/>\ndel transformador; realizar una comparaci\u00f3n angular<br \/>\nentre los vectores de tensi\u00f3n correspondientes a<br \/>\nambas se\u00f1ales de tensi\u00f3n; y determinar si existe una<br \/>\nfalta en funci\u00f3n de un umbral preestablecido.<\/p>\n<h5>Situaci\u00f3n <\/h5>\n<p>Concedida<\/p>\n<h5>N\u00famero de solicitud<\/h5>\n<p>P201530567<\/p>\n<h5>N\u00famero de publicaci\u00f3n<\/h5>\n<p>ES2547468A1<\/p>\n<h5>Fecha de presentaci\u00f3n <\/h5>\n<p>28\/04\/2015<\/p>\n<h5>Fecha de concesi\u00f3n <\/h5>\n<p>09\/03\/2017<\/p>\n<div class=\"pdfprnt-buttons pdfprnt-buttons-product pdfprnt-bottom-left\"><a href=\"https:\/\/www.upm.es\/recursosidi\/wp-json\/wp\/v2\/product\/8680?print=pdf\" class=\"pdfprnt-button pdfprnt-button-pdf\" target=\"_blank\"><span class=\"pdfprnt-button-title pdfprnt-button-pdf-title\">Descargar ficha<\/span><\/a><\/div>","protected":false},"excerpt":{"rendered":"<p>Descripci\u00f3n de la patente M\u00e9todo y sistema para la detecci\u00f3n de faltas a tierra en sistemas de corriente continua alimentados mediante un rectificador. La presente&hellip;<\/p>\n","protected":false},"featured_media":0,"template":"","meta":{"_acf_changed":false},"product_cat":[3946],"product_tag":[],"comunidades-upm":[],"quien":[],"mapa":[],"disponibilidad":[],"donde":[{"term_id":374,"name":"Generaci\u00f3n el\u00e9ctrica con energ\u00eda e\u00f3lica","slug":"generacion-electrica-con-energia-eolica","term_group":0,"term_taxonomy_id":374,"taxonomy":"donde","description":"","parent":0,"count":70,"filter":"raw","term_order":"0"}],"infraestructura":[],"ods":[],"origen":[{"term_id":180,"name":"Patente","slug":"patente","term_group":0,"term_taxonomy_id":180,"taxonomy":"origen","description":"","parent":0,"count":614,"filter":"raw","term_order":"0"}],"familia_tax":false,"quien_tax":false,"donde_tax":false,"year":"","contacto":"<strong>Principales: <\/strong><ul><li>FRANCISCO BLAZQUEZ GARCIA <blockquote><strong>francisco.blazquez@upm.es<\/strong><\/blockquote><\/li><li>EMILIO DAVID REBOLLO LOPEZ <blockquote><strong>emilio.rebollo.lopez@upm.es<\/strong><\/blockquote><\/li><li>Francisco Bl\u00e1nquez Delgado <blockquote><strong><\/strong><\/blockquote><\/li><li>CARLOS ANTONIO PLATERO GAONA <blockquote><strong>carlosantonio.platero@upm.es<\/strong><\/blockquote><\/li><\/ul>","telefono":"","pagina_web":"","email":"","id_ficha_portal":"989","video":"","adjuntos":false,"adjuntos_portal":"https:\/\/www.upm.es\/S2i\/Acuse\/recuperarArchivo.jsp?id=989&id_archivo=7508&tipo=patente&extension=fichero ","inf":false,"departamento":"","acf":[],"lang":"es","translation":{"es":8680},"_links":{"self":[{"href":"https:\/\/www.upm.es\/recursosidi\/wp-json\/wp\/v2\/product\/8680"}],"collection":[{"href":"https:\/\/www.upm.es\/recursosidi\/wp-json\/wp\/v2\/product"}],"about":[{"href":"https:\/\/www.upm.es\/recursosidi\/wp-json\/wp\/v2\/types\/product"}],"wp:attachment":[{"href":"https:\/\/www.upm.es\/recursosidi\/wp-json\/wp\/v2\/media?parent=8680"}],"wp:term":[{"taxonomy":"product_cat","embeddable":true,"href":"https:\/\/www.upm.es\/recursosidi\/wp-json\/wp\/v2\/product_cat?post=8680"},{"taxonomy":"product_tag","embeddable":true,"href":"https:\/\/www.upm.es\/recursosidi\/wp-json\/wp\/v2\/product_tag?post=8680"},{"taxonomy":"comunidad_upm","embeddable":true,"href":"https:\/\/www.upm.es\/recursosidi\/wp-json\/wp\/v2\/comunidades-upm?post=8680"},{"taxonomy":"quien","embeddable":true,"href":"https:\/\/www.upm.es\/recursosidi\/wp-json\/wp\/v2\/quien?post=8680"},{"taxonomy":"mapa","embeddable":true,"href":"https:\/\/www.upm.es\/recursosidi\/wp-json\/wp\/v2\/mapa?post=8680"},{"taxonomy":"disponibilidad","embeddable":true,"href":"https:\/\/www.upm.es\/recursosidi\/wp-json\/wp\/v2\/disponibilidad?post=8680"},{"taxonomy":"donde","embeddable":true,"href":"https:\/\/www.upm.es\/recursosidi\/wp-json\/wp\/v2\/donde?post=8680"},{"taxonomy":"infraestructura","embeddable":true,"href":"https:\/\/www.upm.es\/recursosidi\/wp-json\/wp\/v2\/infraestructura?post=8680"},{"taxonomy":"ods","embeddable":true,"href":"https:\/\/www.upm.es\/recursosidi\/wp-json\/wp\/v2\/ods?post=8680"},{"taxonomy":"origen","embeddable":true,"href":"https:\/\/www.upm.es\/recursosidi\/wp-json\/wp\/v2\/origen?post=8680"}],"curies":[{"name":"wp","href":"https:\/\/api.w.org\/{rel}","templated":true}]}}