{"id":8681,"date":"2021-11-25T14:17:34","date_gmt":"2021-11-25T13:17:34","guid":{"rendered":"https:\/\/www.upm.es\/recursosidi\/offers-resources\/sin categor\u00eda\/dispositivo-de-aislamiento-de-vibraciones-semiactivo\/"},"modified":"2022-08-10T02:16:44","modified_gmt":"2022-08-10T00:16:44","slug":"dispositivo-de-aislamiento-de-vibraciones-semiactivo","status":"publish","type":"product","link":"https:\/\/www.upm.es\/recursosidi\/offers-resources\/patentes\/dispositivo-de-aislamiento-de-vibraciones-semiactivo\/","title":{"rendered":"Dispositivo de aislamiento de vibraciones semiactivo"},"content":{"rendered":"<h5>Descripci\u00f3n de la patente <\/h5>\n<p>Dispositivo de aislamiento de vibraciones semiactivo<br \/>\nque se basa en la variaci\u00f3n de las propiedades<br \/>\nmec\u00e1nicas de un material polim\u00e9rico esponjoso con<br \/>\npropiedades el\u00e1sticas mediante la compresi\u00f3n<br \/>\nmec\u00e1nica del mismo empleando para ello un actuador<br \/>\nsemiactivo para modificar el efecto de la<br \/>\namortiguaci\u00f3n interna del material. El dispositivo<br \/>\npermite realizar un ajuste adecuado del nivel de<br \/>\naislamiento ante distintos grados de vibraci\u00f3n.<\/p>\n<h5>Situaci\u00f3n <\/h5>\n<p>Concedida<\/p>\n<h5>N\u00famero de solicitud<\/h5>\n<p>P201500086<\/p>\n<h5>N\u00famero de publicaci\u00f3n<\/h5>\n<p>ES 2578807<\/p>\n<h5>Fecha de presentaci\u00f3n <\/h5>\n<p>28\/01\/2015<\/p>\n<h5>Fecha de publicaci\u00f3n <\/h5>\n<p>01\/08\/2016<\/p>\n<h5>Fecha de concesi\u00f3n <\/h5>\n<p>04\/05\/2017<\/p>\n<div class=\"pdfprnt-buttons pdfprnt-buttons-product pdfprnt-bottom-left\"><a href=\"https:\/\/www.upm.es\/recursosidi\/wp-json\/wp\/v2\/product\/8681?print=pdf\" class=\"pdfprnt-button pdfprnt-button-pdf\" target=\"_blank\"><span class=\"pdfprnt-button-title pdfprnt-button-pdf-title\">Descargar ficha<\/span><\/a><\/div>","protected":false},"excerpt":{"rendered":"<p>Descripci\u00f3n de la patente Dispositivo de aislamiento de vibraciones semiactivo que se basa en la variaci\u00f3n de las propiedades mec\u00e1nicas de un material polim\u00e9rico esponjoso&hellip;<\/p>\n","protected":false},"featured_media":0,"template":"","meta":{"_acf_changed":false},"product_cat":[3946],"product_tag":[],"comunidades-upm":[],"quien":[],"mapa":[],"disponibilidad":[],"donde":[{"term_id":576,"name":"Centro de Autom\u00e1tica y Rob\u00f3tica (CAR). Centro Mixto UPM-CSIC","slug":"centro-de-automatica-y-robotica-car-centro-mixto-upm-csic","term_group":0,"term_taxonomy_id":576,"taxonomy":"donde","description":"","parent":0,"count":42,"filter":"raw","term_order":"0"},{"term_id":364,"name":"Visi\u00f3n por Computador y Rob\u00f3tica A\u00e9rea","slug":"vision-por-computador-y-robotica-aerea","term_group":0,"term_taxonomy_id":364,"taxonomy":"donde","description":"&nbsp;\nNuestra <strong>Visi&oacute;n<\/strong> es proveer a los sistemas no tripulados (UAV, RPAS) de mayor autonom&iacute;a mediante la utilizaci&oacute;n de t&eacute;cnicas de Visi&oacute;n por Computador. Para ello, trabajamos en las siguientes l&iacute;neas de investigaci&oacute;n:\n&nbsp;\n\nProcesamiento, reconocimiento o y gesti&oacute;n automatizada de im&aacute;genes, incluyendo estabilizaci&oacute;n, seguimiento de objetos, composici&oacute;n de mosaico y ortomapas\nGuiado visual de UAV respecto a referencias exteriores, incluyendo navegaci&oacute;n en entornos pasivos sin ayuda la navegaci&oacute;n (p.e. sin GPS en sitaciones de &ldquo;spoofing&rdquo; y &ldquo;jamming&rdquo;)\nCreaci&oacute;n de mapas tridimensionales del entorno y estimaci&oacute;n de la posici&oacute;n 6D del RPAS\n","parent":0,"count":5,"filter":"raw","term_order":"0"}],"infraestructura":[],"ods":[],"origen":[{"term_id":180,"name":"Patente","slug":"patente","term_group":0,"term_taxonomy_id":180,"taxonomy":"origen","description":"","parent":0,"count":614,"filter":"raw","term_order":"0"}],"familia_tax":false,"quien_tax":false,"donde_tax":false,"year":"","contacto":"<strong>Principales: <\/strong><ul><li>PASCUAL CAMPOY CERVERA <blockquote><strong>pascual.campoy@upm.es<\/strong><\/blockquote><\/li><\/ul><strong>Otros inventores: <\/strong><ul><li>Graciliano Nicol\u00e1sMarichal Plasencia Universidad de La Laguna<\/li> <li>Isidro Padr\u00f3n Armas Universidad de La Laguna<\/li> <li>\u00c1ngelaHern\u00e1ndez L\u00f3pez Universidad de La Laguna<\/li> <li>Jos\u00e9 \u00c1ngelRodr\u00edguez Hern\u00e1ndez Universidad de La Laguna<\/li> <li>Enrique Mel\u00f3n Dom\u00ednguez Universidad de La Laguna<\/li> <li>Ra\u00fal Rodr\u00edguez Pino Universidad de La Laguna<\/li> <\/ul>","telefono":"","pagina_web":"","email":"","id_ficha_portal":"986","video":"","adjuntos":false,"adjuntos_portal":"","inf":false,"departamento":"","acf":[],"lang":"es","translation":{"es":8681},"_links":{"self":[{"href":"https:\/\/www.upm.es\/recursosidi\/wp-json\/wp\/v2\/product\/8681"}],"collection":[{"href":"https:\/\/www.upm.es\/recursosidi\/wp-json\/wp\/v2\/product"}],"about":[{"href":"https:\/\/www.upm.es\/recursosidi\/wp-json\/wp\/v2\/types\/product"}],"wp:attachment":[{"href":"https:\/\/www.upm.es\/recursosidi\/wp-json\/wp\/v2\/media?parent=8681"}],"wp:term":[{"taxonomy":"product_cat","embeddable":true,"href":"https:\/\/www.upm.es\/recursosidi\/wp-json\/wp\/v2\/product_cat?post=8681"},{"taxonomy":"product_tag","embeddable":true,"href":"https:\/\/www.upm.es\/recursosidi\/wp-json\/wp\/v2\/product_tag?post=8681"},{"taxonomy":"comunidad_upm","embeddable":true,"href":"https:\/\/www.upm.es\/recursosidi\/wp-json\/wp\/v2\/comunidades-upm?post=8681"},{"taxonomy":"quien","embeddable":true,"href":"https:\/\/www.upm.es\/recursosidi\/wp-json\/wp\/v2\/quien?post=8681"},{"taxonomy":"mapa","embeddable":true,"href":"https:\/\/www.upm.es\/recursosidi\/wp-json\/wp\/v2\/mapa?post=8681"},{"taxonomy":"disponibilidad","embeddable":true,"href":"https:\/\/www.upm.es\/recursosidi\/wp-json\/wp\/v2\/disponibilidad?post=8681"},{"taxonomy":"donde","embeddable":true,"href":"https:\/\/www.upm.es\/recursosidi\/wp-json\/wp\/v2\/donde?post=8681"},{"taxonomy":"infraestructura","embeddable":true,"href":"https:\/\/www.upm.es\/recursosidi\/wp-json\/wp\/v2\/infraestructura?post=8681"},{"taxonomy":"ods","embeddable":true,"href":"https:\/\/www.upm.es\/recursosidi\/wp-json\/wp\/v2\/ods?post=8681"},{"taxonomy":"origen","embeddable":true,"href":"https:\/\/www.upm.es\/recursosidi\/wp-json\/wp\/v2\/origen?post=8681"}],"curies":[{"name":"wp","href":"https:\/\/api.w.org\/{rel}","templated":true}]}}