{"id":8682,"date":"2021-11-25T14:17:36","date_gmt":"2021-11-25T13:17:36","guid":{"rendered":"https:\/\/www.upm.es\/recursosidi\/offers-resources\/sin categor\u00eda\/panel-reforzado-para-cerramientos-opacos-en-construcciones\/"},"modified":"2022-08-10T02:16:47","modified_gmt":"2022-08-10T00:16:47","slug":"panel-reforzado-para-cerramientos-opacos-en-construcciones","status":"publish","type":"product","link":"https:\/\/www.upm.es\/recursosidi\/offers-resources\/patentes\/panel-reforzado-para-cerramientos-opacos-en-construcciones\/","title":{"rendered":"Panel reforzado para cerramientos opacos en construcciones"},"content":{"rendered":"<h5>Descripci\u00f3n de la patente <\/h5>\n<p>Panel reforzado para cerramientos opacos en construcciones, que comprende una capa principal realizada por fabricaci\u00f3n de filamento fundido, que presenta un espesor de un valor comprendido entre 1 y 3 cm, con una o m\u00e1s curvaturas. La capa principal puede estar formada por una malla hueca o ser maciza donde ambas caras de la misma sean lisas o al menos alguna de ellas sea rugosa.<br \/>\nEl panel puede comprender una capa lisa de acabado y refuerzo, de valor comprendido entre 1 y 9 mm sobre al menos una de las caras de la capa principal tanto cuando \u00e9sta es una malla hueca como cuando es maciza y presenta al menos una cara rugosa.<\/p>\n<h5>Situaci\u00f3n <\/h5>\n<p>Concedida<\/p>\n<h5>N\u00famero de solicitud<\/h5>\n<p>U201731085<\/p>\n<h5>N\u00famero de publicaci\u00f3n<\/h5>\n<p>ES1200135<\/p>\n<h5>Fecha de presentaci\u00f3n <\/h5>\n<p>19\/05\/2015<\/p>\n<h5>Fecha de publicaci\u00f3n <\/h5>\n<p>28\/11\/2017<\/p>\n<h5>Fecha de concesi\u00f3n <\/h5>\n<p>19\/02\/2018<\/p>\n<div class=\"pdfprnt-buttons pdfprnt-buttons-product pdfprnt-bottom-left\"><a href=\"https:\/\/www.upm.es\/recursosidi\/wp-json\/wp\/v2\/product\/8682?print=pdf\" class=\"pdfprnt-button pdfprnt-button-pdf\" target=\"_blank\"><span class=\"pdfprnt-button-title pdfprnt-button-pdf-title\">Descargar ficha<\/span><\/a><\/div>","protected":false},"excerpt":{"rendered":"<p>Descripci\u00f3n de la patente Panel reforzado para cerramientos opacos en construcciones, que comprende una capa principal realizada por fabricaci\u00f3n de filamento fundido, que presenta un&hellip;<\/p>\n","protected":false},"featured_media":0,"template":"","meta":{"_acf_changed":false},"product_cat":[3946],"product_tag":[],"comunidades-upm":[],"quien":[],"mapa":[],"disponibilidad":[],"donde":[{"term_id":258,"name":"Innovaci\u00f3n en procesos urbanos y tecnolog\u00edas de la edificaci\u00f3n","slug":"innovacion-en-procesos-urbanos-y-tecnologias-de-la-edificacion","term_group":0,"term_taxonomy_id":258,"taxonomy":"donde","description":"","parent":0,"count":5,"filter":"raw","term_order":"0"}],"infraestructura":[],"ods":[],"origen":[{"term_id":180,"name":"Patente","slug":"patente","term_group":0,"term_taxonomy_id":180,"taxonomy":"origen","description":"","parent":0,"count":614,"filter":"raw","term_order":"0"}],"familia_tax":false,"quien_tax":false,"donde_tax":false,"year":"","contacto":"<strong>Principales: <\/strong><ul><li>BENITO LAURET AGUIRREGABIRIA <blockquote><strong>benito.lauret@upm.es<\/strong><\/blockquote><\/li><li>BELEN PEREZ-PUJAZON MILLAN <blockquote><strong>b.perez-pujazon@alumnos.upm.es<\/strong><\/blockquote><\/li><li>LUIS JES\u00faS CLAROS MARFIL <blockquote><strong>lj.claros@alumnos.upm.es<\/strong><\/blockquote><\/li><li>EST\u00c9FANA CASTA\u00d1EDA VERGARA <blockquote><strong>e.castaneda@alumnos.upm.es<\/strong><\/blockquote><\/li><li>GRACIELA OVANDO VACAREZZA <blockquote><strong>graciela.ovando@upm.es<\/strong><\/blockquote><\/li><li>JUAN MIGUEL LIROLA PEREZ <blockquote><strong>juanmi.lirolaperez@upm.es<\/strong><\/blockquote><\/li><\/ul><strong>Otros inventores UPM: <\/strong><ul><li>Roberto Miguel Ruiz<\/li><li>Juan Carlos S\u00e1nchez G\u00f3nzalez<\/li><li>Antonio Miguel Ruiz<\/li><li>Irene Gil Gil <\/li><\/ul>","telefono":"","pagina_web":"","email":"","id_ficha_portal":"1003","video":"","adjuntos":false,"adjuntos_portal":"https:\/\/www.upm.es\/S2i\/Acuse\/recuperarArchivo.jsp?id=1003&id_archivo=8498&tipo=patente&extension=fichero ","inf":false,"departamento":"","acf":[],"lang":"es","translation":{"es":8682},"_links":{"self":[{"href":"https:\/\/www.upm.es\/recursosidi\/wp-json\/wp\/v2\/product\/8682"}],"collection":[{"href":"https:\/\/www.upm.es\/recursosidi\/wp-json\/wp\/v2\/product"}],"about":[{"href":"https:\/\/www.upm.es\/recursosidi\/wp-json\/wp\/v2\/types\/product"}],"wp:attachment":[{"href":"https:\/\/www.upm.es\/recursosidi\/wp-json\/wp\/v2\/media?parent=8682"}],"wp:term":[{"taxonomy":"product_cat","embeddable":true,"href":"https:\/\/www.upm.es\/recursosidi\/wp-json\/wp\/v2\/product_cat?post=8682"},{"taxonomy":"product_tag","embeddable":true,"href":"https:\/\/www.upm.es\/recursosidi\/wp-json\/wp\/v2\/product_tag?post=8682"},{"taxonomy":"comunidad_upm","embeddable":true,"href":"https:\/\/www.upm.es\/recursosidi\/wp-json\/wp\/v2\/comunidades-upm?post=8682"},{"taxonomy":"quien","embeddable":true,"href":"https:\/\/www.upm.es\/recursosidi\/wp-json\/wp\/v2\/quien?post=8682"},{"taxonomy":"mapa","embeddable":true,"href":"https:\/\/www.upm.es\/recursosidi\/wp-json\/wp\/v2\/mapa?post=8682"},{"taxonomy":"disponibilidad","embeddable":true,"href":"https:\/\/www.upm.es\/recursosidi\/wp-json\/wp\/v2\/disponibilidad?post=8682"},{"taxonomy":"donde","embeddable":true,"href":"https:\/\/www.upm.es\/recursosidi\/wp-json\/wp\/v2\/donde?post=8682"},{"taxonomy":"infraestructura","embeddable":true,"href":"https:\/\/www.upm.es\/recursosidi\/wp-json\/wp\/v2\/infraestructura?post=8682"},{"taxonomy":"ods","embeddable":true,"href":"https:\/\/www.upm.es\/recursosidi\/wp-json\/wp\/v2\/ods?post=8682"},{"taxonomy":"origen","embeddable":true,"href":"https:\/\/www.upm.es\/recursosidi\/wp-json\/wp\/v2\/origen?post=8682"}],"curies":[{"name":"wp","href":"https:\/\/api.w.org\/{rel}","templated":true}]}}