{"id":8683,"date":"2021-11-25T14:17:39","date_gmt":"2021-11-25T13:17:39","guid":{"rendered":"https:\/\/www.upm.es\/recursosidi\/offers-resources\/sin%20categor\u00eda\/metodo-de-determinacion-de-lugar-en-el-que-se-produce-una-falta-monofasica-a-tierra-en-circuitos-con-transiciones-lineas-aereas-cable-subterraneo\/"},"modified":"2022-08-10T02:16:50","modified_gmt":"2022-08-10T00:16:50","slug":"metodo-de-determinacion-de-lugar-en-el-que-se-produce-una-falta-monofasica-a-tierra-en-circuitos-con-transiciones-lineas-aereas-cable-subterraneo","status":"publish","type":"product","link":"https:\/\/www.upm.es\/recursosidi\/offers-resources\/patentes\/metodo-de-determinacion-de-lugar-en-el-que-se-produce-una-falta-monofasica-a-tierra-en-circuitos-con-transiciones-lineas-aereas-cable-subterraneo\/","title":{"rendered":"M\u00e9todo de determinacion de lugar en el que se produce una falta monof\u00e1sica a tierra en circuitos con transiciones l\u00edneas a\u00e9reas-cable subterr\u00e1neo"},"content":{"rendered":"<h5>Descripci\u00f3n de la patente <\/h5>\n<p>M\u00e9todo de determinaci\u00f3n del lugar en el que se produce una falta monof\u00e1sica a tierra en circuitos con transiciones l\u00edneas a\u00e9reas \u00bf cable subterr\u00e1neo, donde las pantallas de los cables se conectan en forma traspuesta y a tierra en ambos extremos del mismo que b\u00e1sicamente comprende:  <\/p>\n<p>&#8211;\tRecibir una se\u00f1al de disparo de alguna de las protecciones de la l\u00ednea con transici\u00f3n a\u00e9rea-subterr\u00e1nea,<br \/>\n&#8211;\tEvaluar las relaciones entre los m\u00f3dulos de las intensidades que circulan por las pantallas de los cables de potencia, de secuencia directa y homopolar por un lado, e inversa y homopolar por el otro,<br \/>\n&#8211;\tEvaluar las diferencias angulares entre las intensidades que circulan por dichas pantallas,<br \/>\n&#8211;\tComparar las relaciones entre los m\u00f3dulos de intensidad con un valor de m\u00f3dulo de referencia X, y las diferencias angulares con un valor angular de referencia Z y, en funci\u00f3n de estos resultados<br \/>\n&#8211;\tPermitir o bloquear la maniobra de reenganche.<\/p>\n<h5>Situaci\u00f3n <\/h5>\n<p>Concedida<\/p>\n<h5>N\u00famero de solicitud<\/h5>\n<p>P201431962<\/p>\n<h5>N\u00famero de publicaci\u00f3n<\/h5>\n<p>ES2532966_A1<\/p>\n<h5>Fecha de presentaci\u00f3n <\/h5>\n<p>30\/12\/2014<\/p>\n<h5>Fecha de publicaci\u00f3n <\/h5>\n<p>06\/04\/2015<\/p>\n<h5>Fecha de concesi\u00f3n <\/h5>\n<p>22\/09\/2015<\/p>\n<div class=\"pdfprnt-buttons pdfprnt-buttons-product pdfprnt-bottom-left\"><a href=\"https:\/\/www.upm.es\/recursosidi\/wp-json\/wp\/v2\/product\/8683?print=pdf\" class=\"pdfprnt-button pdfprnt-button-pdf\" target=\"_blank\"><span class=\"pdfprnt-button-title pdfprnt-button-pdf-title\">Descargar ficha<\/span><\/a><\/div>","protected":false},"excerpt":{"rendered":"<p>Descripci\u00f3n de la patente M\u00e9todo de determinaci\u00f3n del lugar en el que se produce una falta monof\u00e1sica a tierra en circuitos con transiciones l\u00edneas a\u00e9reas&hellip;<\/p>\n","protected":false},"featured_media":0,"template":"","meta":{"_acf_changed":false},"product_cat":[3946],"product_tag":[],"comunidades-upm":[],"quien":[],"mapa":[],"disponibilidad":[],"donde":[{"term_id":374,"name":"Generaci\u00f3n el\u00e9ctrica con energ\u00eda e\u00f3lica","slug":"generacion-electrica-con-energia-eolica","term_group":0,"term_taxonomy_id":374,"taxonomy":"donde","description":"","parent":0,"count":70,"filter":"raw","term_order":"0"},{"term_id":656,"name":"Redes e instalaciones de baja y alta tensi\u00f3n","slug":"redes-e-instalaciones-de-baja-y-alta-tension","term_group":0,"term_taxonomy_id":656,"taxonomy":"donde","description":"","parent":0,"count":16,"filter":"raw","term_order":"0"}],"infraestructura":[],"ods":[],"origen":[{"term_id":180,"name":"Patente","slug":"patente","term_group":0,"term_taxonomy_id":180,"taxonomy":"origen","description":"","parent":0,"count":614,"filter":"raw","term_order":"0"}],"familia_tax":false,"quien_tax":false,"donde_tax":false,"year":"","contacto":"<strong>Principales: <\/strong><ul><li>EMILIO DAVID REBOLLO LOPEZ <blockquote><strong>emilio.rebollo.lopez@upm.es<\/strong><\/blockquote><\/li><li>Francisco Bl\u00e1nquez Delgado <blockquote><strong><\/strong><\/blockquote><\/li><li>RICARDO GRANIZO ARRABE <blockquote><strong>ricardo.granizo@upm.es<\/strong><\/blockquote><\/li><li>CARLOS ANTONIO PLATERO GAONA <blockquote><strong>carlosantonio.platero@upm.es<\/strong><\/blockquote><\/li><\/ul>","telefono":"","pagina_web":"","email":"","id_ficha_portal":"956","video":"","adjuntos":false,"adjuntos_portal":"","inf":false,"departamento":"","acf":[],"lang":"es","translation":{"es":8683},"_links":{"self":[{"href":"https:\/\/www.upm.es\/recursosidi\/wp-json\/wp\/v2\/product\/8683"}],"collection":[{"href":"https:\/\/www.upm.es\/recursosidi\/wp-json\/wp\/v2\/product"}],"about":[{"href":"https:\/\/www.upm.es\/recursosidi\/wp-json\/wp\/v2\/types\/product"}],"wp:attachment":[{"href":"https:\/\/www.upm.es\/recursosidi\/wp-json\/wp\/v2\/media?parent=8683"}],"wp:term":[{"taxonomy":"product_cat","embeddable":true,"href":"https:\/\/www.upm.es\/recursosidi\/wp-json\/wp\/v2\/product_cat?post=8683"},{"taxonomy":"product_tag","embeddable":true,"href":"https:\/\/www.upm.es\/recursosidi\/wp-json\/wp\/v2\/product_tag?post=8683"},{"taxonomy":"comunidad_upm","embeddable":true,"href":"https:\/\/www.upm.es\/recursosidi\/wp-json\/wp\/v2\/comunidades-upm?post=8683"},{"taxonomy":"quien","embeddable":true,"href":"https:\/\/www.upm.es\/recursosidi\/wp-json\/wp\/v2\/quien?post=8683"},{"taxonomy":"mapa","embeddable":true,"href":"https:\/\/www.upm.es\/recursosidi\/wp-json\/wp\/v2\/mapa?post=8683"},{"taxonomy":"disponibilidad","embeddable":true,"href":"https:\/\/www.upm.es\/recursosidi\/wp-json\/wp\/v2\/disponibilidad?post=8683"},{"taxonomy":"donde","embeddable":true,"href":"https:\/\/www.upm.es\/recursosidi\/wp-json\/wp\/v2\/donde?post=8683"},{"taxonomy":"infraestructura","embeddable":true,"href":"https:\/\/www.upm.es\/recursosidi\/wp-json\/wp\/v2\/infraestructura?post=8683"},{"taxonomy":"ods","embeddable":true,"href":"https:\/\/www.upm.es\/recursosidi\/wp-json\/wp\/v2\/ods?post=8683"},{"taxonomy":"origen","embeddable":true,"href":"https:\/\/www.upm.es\/recursosidi\/wp-json\/wp\/v2\/origen?post=8683"}],"curies":[{"name":"wp","href":"https:\/\/api.w.org\/{rel}","templated":true}]}}