{"id":8684,"date":"2021-11-25T14:17:41","date_gmt":"2021-11-25T13:17:41","guid":{"rendered":"https:\/\/www.upm.es\/recursosidi\/offers-resources\/sin categor\u00eda\/actuador-hidraulico-y-neumatico-toroidal\/"},"modified":"2022-08-10T02:16:54","modified_gmt":"2022-08-10T00:16:54","slug":"actuador-hidraulico-y-neumatico-toroidal","status":"publish","type":"product","link":"https:\/\/www.upm.es\/recursosidi\/offers-resources\/patentes\/actuador-hidraulico-y-neumatico-toroidal\/","title":{"rendered":"Actuador hidr\u00e1ulico y neum\u00e1tico toroidal"},"content":{"rendered":"<h5>Descripci\u00f3n de la patente <\/h5>\n<p>La invenci\u00f3n, se refiere a un actuador hidr\u00e1ulico y neum\u00e1tico, formado por uno o varios pistones cil\u00edndricos, un v\u00e1stago toroidal macizo o varios v\u00e1stagos toroidales huecos y camisa toroidal enteriza hueca, por medio de los cuales se obtiene un desplazamiento angular del v\u00e1stago en su conjunto, para su implementaci\u00f3n directa sobre un mecanismo articulado ya existente. Para el correcto funcionamiento de la invenci\u00f3n en aquellos casos en donde el eje de giro del actuador est\u00e1 descentrado y\/o desalineado ligeramente con respecto al eje de giro de la articulaci\u00f3n, la invenci\u00f3n se completa con tres elementos conectados de forma consecutiva al extremo libre del v\u00e1stago por medio de los cuales se corrige dicha desviaci\u00f3n. La invenci\u00f3n aporta una soluci\u00f3n simple e innovadora, pudiendo ser de simple o doble efecto y extensible o no extensible con m\u00ednimas variaciones.<\/p>\n<h5>Situaci\u00f3n <\/h5>\n<p>Concedida<\/p>\n<h5>N\u00famero de solicitud<\/h5>\n<p>P201530212<\/p>\n<h5>N\u00famero de publicaci\u00f3n<\/h5>\n<p>ES2580329<\/p>\n<h5>Fecha de presentaci\u00f3n <\/h5>\n<p>20\/02\/2015<\/p>\n<h5>Fecha de publicaci\u00f3n <\/h5>\n<p>23\/08\/2016<\/p>\n<h5>Fecha de concesi\u00f3n <\/h5>\n<p>17\/10\/2017<\/p>\n<div class=\"pdfprnt-buttons pdfprnt-buttons-product pdfprnt-bottom-left\"><a href=\"https:\/\/www.upm.es\/recursosidi\/wp-json\/wp\/v2\/product\/8684?print=pdf\" class=\"pdfprnt-button pdfprnt-button-pdf\" target=\"_blank\"><span class=\"pdfprnt-button-title pdfprnt-button-pdf-title\">Descargar ficha<\/span><\/a><\/div>","protected":false},"excerpt":{"rendered":"<p>Descripci\u00f3n de la patente La invenci\u00f3n, se refiere a un actuador hidr\u00e1ulico y neum\u00e1tico, formado por uno o varios pistones cil\u00edndricos, un v\u00e1stago toroidal macizo&hellip;<\/p>\n","protected":false},"featured_media":0,"template":"","meta":{"_acf_changed":false},"product_cat":[3946],"product_tag":[],"comunidades-upm":[],"quien":[],"mapa":[],"disponibilidad":[],"donde":[{"term_id":648,"name":"Modelado y Simulaci\u00f3n en Ingenier\u00eda Mec\u00e1nica","slug":"modelado-y-simulacion-en-ingenieria-mecanica","term_group":0,"term_taxonomy_id":648,"taxonomy":"donde","description":"","parent":0,"count":5,"filter":"raw","term_order":"0"}],"infraestructura":[],"ods":[],"origen":[{"term_id":180,"name":"Patente","slug":"patente","term_group":0,"term_taxonomy_id":180,"taxonomy":"origen","description":"","parent":0,"count":614,"filter":"raw","term_order":"0"}],"familia_tax":false,"quien_tax":false,"donde_tax":false,"year":"","contacto":"<strong>Principales: <\/strong><ul><li>GREGORIO ROMERO REY <blockquote><strong>gregorio.romero@upm.es<\/strong><\/blockquote><\/li><\/ul>","telefono":"","pagina_web":"","email":"","id_ficha_portal":"987","video":"","adjuntos":false,"adjuntos_portal":"https:\/\/www.upm.es\/S2i\/Acuse\/recuperarArchivo.jsp?id=987&id_archivo=8393&tipo=patente&extension=fichero ","inf":false,"departamento":"","acf":[],"lang":"es","translation":{"es":8684},"_links":{"self":[{"href":"https:\/\/www.upm.es\/recursosidi\/wp-json\/wp\/v2\/product\/8684"}],"collection":[{"href":"https:\/\/www.upm.es\/recursosidi\/wp-json\/wp\/v2\/product"}],"about":[{"href":"https:\/\/www.upm.es\/recursosidi\/wp-json\/wp\/v2\/types\/product"}],"wp:attachment":[{"href":"https:\/\/www.upm.es\/recursosidi\/wp-json\/wp\/v2\/media?parent=8684"}],"wp:term":[{"taxonomy":"product_cat","embeddable":true,"href":"https:\/\/www.upm.es\/recursosidi\/wp-json\/wp\/v2\/product_cat?post=8684"},{"taxonomy":"product_tag","embeddable":true,"href":"https:\/\/www.upm.es\/recursosidi\/wp-json\/wp\/v2\/product_tag?post=8684"},{"taxonomy":"comunidad_upm","embeddable":true,"href":"https:\/\/www.upm.es\/recursosidi\/wp-json\/wp\/v2\/comunidades-upm?post=8684"},{"taxonomy":"quien","embeddable":true,"href":"https:\/\/www.upm.es\/recursosidi\/wp-json\/wp\/v2\/quien?post=8684"},{"taxonomy":"mapa","embeddable":true,"href":"https:\/\/www.upm.es\/recursosidi\/wp-json\/wp\/v2\/mapa?post=8684"},{"taxonomy":"disponibilidad","embeddable":true,"href":"https:\/\/www.upm.es\/recursosidi\/wp-json\/wp\/v2\/disponibilidad?post=8684"},{"taxonomy":"donde","embeddable":true,"href":"https:\/\/www.upm.es\/recursosidi\/wp-json\/wp\/v2\/donde?post=8684"},{"taxonomy":"infraestructura","embeddable":true,"href":"https:\/\/www.upm.es\/recursosidi\/wp-json\/wp\/v2\/infraestructura?post=8684"},{"taxonomy":"ods","embeddable":true,"href":"https:\/\/www.upm.es\/recursosidi\/wp-json\/wp\/v2\/ods?post=8684"},{"taxonomy":"origen","embeddable":true,"href":"https:\/\/www.upm.es\/recursosidi\/wp-json\/wp\/v2\/origen?post=8684"}],"curies":[{"name":"wp","href":"https:\/\/api.w.org\/{rel}","templated":true}]}}