{"id":8686,"date":"2021-11-25T14:17:46","date_gmt":"2021-11-25T13:17:46","guid":{"rendered":"https:\/\/www.upm.es\/recursosidi\/offers-resources\/sin categor\u00eda\/maniqui-acustico-virtual-para-la-toma-de-sonido-biaural\/"},"modified":"2022-08-10T02:16:59","modified_gmt":"2022-08-10T00:16:59","slug":"maniqui-acustico-virtual-para-la-toma-de-sonido-biaural","status":"publish","type":"product","link":"https:\/\/www.upm.es\/recursosidi\/offers-resources\/patentes\/maniqui-acustico-virtual-para-la-toma-de-sonido-biaural\/","title":{"rendered":"Maniqu\u00ed ac\u00fastico virtual para la toma de sonido biaural"},"content":{"rendered":"<h5>Descripci\u00f3n de la patente <\/h5>\n<p>Sistema de audici\u00f3n biaural artificial para toma de sonido biaural, comprendiendo dos pabellones auriculares artificiales de posici\u00f3n ajustable; un micr\u00f3fono omnidireccional acoplado en el pabell\u00f3n auditivo de cada pabell\u00f3n auricular artificial y un sistema de<br \/>\nprocesamiento digital de se\u00f1al para procesar las se\u00f1ales sonoras captadas por los micr\u00f3fonos. El sistema de audici\u00f3n biaural artificial (dummy ears) permite capturar la<br \/>\nespacialidad del campo sonoro, como lo hace un maniqu\u00ed ac\u00fastico (dummy head), pero utilizando \u00fanicamente los pabellones auriculares y eliminando toda la estructura cabezatorso del maniqu\u00ed.<\/p>\n<h5>Situaci\u00f3n <\/h5>\n<p>Concedida<\/p>\n<h5>N\u00famero de solicitud<\/h5>\n<p>P201530592<\/p>\n<h5>N\u00famero de publicaci\u00f3n<\/h5>\n<p>ES 2588394<\/p>\n<h5>Fecha de presentaci\u00f3n <\/h5>\n<p>30\/04\/2015<\/p>\n<h5>Fecha de publicaci\u00f3n <\/h5>\n<p>02\/11\/2016<\/p>\n<h5>Fecha de concesi\u00f3n <\/h5>\n<p>10\/05\/2017<\/p>\n<div class=\"pdfprnt-buttons pdfprnt-buttons-product pdfprnt-bottom-left\"><a href=\"https:\/\/www.upm.es\/recursosidi\/wp-json\/wp\/v2\/product\/8686?print=pdf\" class=\"pdfprnt-button pdfprnt-button-pdf\" target=\"_blank\"><span class=\"pdfprnt-button-title pdfprnt-button-pdf-title\">Descargar ficha<\/span><\/a><\/div>","protected":false},"excerpt":{"rendered":"<p>Descripci\u00f3n de la patente Sistema de audici\u00f3n biaural artificial para toma de sonido biaural, comprendiendo dos pabellones auriculares artificiales de posici\u00f3n ajustable; un micr\u00f3fono omnidireccional&hellip;<\/p>\n","protected":false},"featured_media":0,"template":"","meta":{"_acf_changed":false},"product_cat":[3946],"product_tag":[],"comunidades-upm":[],"quien":[],"mapa":[],"disponibilidad":[],"donde":[{"term_id":250,"name":"Centro de Digitalizaci\u00f3n Intermodular (CeDInt)","slug":"centro-de-digitalizacion-intermodular-cedint","term_group":0,"term_taxonomy_id":250,"taxonomy":"donde","description":"","parent":0,"count":21,"filter":"raw","term_order":"0"}],"infraestructura":[],"ods":[],"origen":[{"term_id":180,"name":"Patente","slug":"patente","term_group":0,"term_taxonomy_id":180,"taxonomy":"origen","description":"","parent":0,"count":614,"filter":"raw","term_order":"0"}],"familia_tax":false,"quien_tax":false,"donde_tax":false,"year":"","contacto":"<strong>Principales: <\/strong><ul><li>LINO PEDRO GARCIA MORALES <blockquote><strong>lino.garcia@upm.es<\/strong><\/blockquote><\/li><li>JORGE GRUNDMAN ISLA <blockquote><strong>jorge.grundman@upm.es<\/strong><\/blockquote><\/li><li>FCO. JAVIER TABERNERO GIL <blockquote><strong>franciscoj.tabernero@upm.es<\/strong><\/blockquote><\/li><li>ANTONIO MINGUEZ OLIVARES <blockquote><strong>antonio.minguez@upm.es<\/strong><\/blockquote><\/li><\/ul>","telefono":"","pagina_web":"","email":"","id_ficha_portal":"988","video":"","adjuntos":false,"adjuntos_portal":"https:\/\/www.upm.es\/S2i\/Acuse\/recuperarArchivo.jsp?id=988&id_archivo=8032&tipo=patente&extension=fichero ","inf":false,"departamento":"","acf":[],"lang":"es","translation":{"es":8686},"_links":{"self":[{"href":"https:\/\/www.upm.es\/recursosidi\/wp-json\/wp\/v2\/product\/8686"}],"collection":[{"href":"https:\/\/www.upm.es\/recursosidi\/wp-json\/wp\/v2\/product"}],"about":[{"href":"https:\/\/www.upm.es\/recursosidi\/wp-json\/wp\/v2\/types\/product"}],"wp:attachment":[{"href":"https:\/\/www.upm.es\/recursosidi\/wp-json\/wp\/v2\/media?parent=8686"}],"wp:term":[{"taxonomy":"product_cat","embeddable":true,"href":"https:\/\/www.upm.es\/recursosidi\/wp-json\/wp\/v2\/product_cat?post=8686"},{"taxonomy":"product_tag","embeddable":true,"href":"https:\/\/www.upm.es\/recursosidi\/wp-json\/wp\/v2\/product_tag?post=8686"},{"taxonomy":"comunidad_upm","embeddable":true,"href":"https:\/\/www.upm.es\/recursosidi\/wp-json\/wp\/v2\/comunidades-upm?post=8686"},{"taxonomy":"quien","embeddable":true,"href":"https:\/\/www.upm.es\/recursosidi\/wp-json\/wp\/v2\/quien?post=8686"},{"taxonomy":"mapa","embeddable":true,"href":"https:\/\/www.upm.es\/recursosidi\/wp-json\/wp\/v2\/mapa?post=8686"},{"taxonomy":"disponibilidad","embeddable":true,"href":"https:\/\/www.upm.es\/recursosidi\/wp-json\/wp\/v2\/disponibilidad?post=8686"},{"taxonomy":"donde","embeddable":true,"href":"https:\/\/www.upm.es\/recursosidi\/wp-json\/wp\/v2\/donde?post=8686"},{"taxonomy":"infraestructura","embeddable":true,"href":"https:\/\/www.upm.es\/recursosidi\/wp-json\/wp\/v2\/infraestructura?post=8686"},{"taxonomy":"ods","embeddable":true,"href":"https:\/\/www.upm.es\/recursosidi\/wp-json\/wp\/v2\/ods?post=8686"},{"taxonomy":"origen","embeddable":true,"href":"https:\/\/www.upm.es\/recursosidi\/wp-json\/wp\/v2\/origen?post=8686"}],"curies":[{"name":"wp","href":"https:\/\/api.w.org\/{rel}","templated":true}]}}