{"id":8689,"date":"2021-11-25T14:17:54","date_gmt":"2021-11-25T13:17:54","guid":{"rendered":"https:\/\/www.upm.es\/recursosidi\/offers-resources\/sin categor\u00eda\/varilla-para-gafas-con-pantalla-externa\/"},"modified":"2022-08-10T02:17:08","modified_gmt":"2022-08-10T00:17:08","slug":"varilla-para-gafas-con-pantalla-externa","status":"publish","type":"product","link":"https:\/\/www.upm.es\/recursosidi\/offers-resources\/patentes\/varilla-para-gafas-con-pantalla-externa\/","title":{"rendered":"Varilla para gafas con pantalla externa"},"content":{"rendered":"<h5>Descripci\u00f3n de la patente <\/h5>\n<p>La presente invenci\u00f3n se refiere a varillas para gafas que portan en su superficie exterior una pantalla por la que se pueden proyectar im\u00e1genes publicitarias, 5 esl\u00f3ganes publicitarios, mensajes de diversa \u00edndole, o bien adornos, colores, y\/u otros tipos de elementos decorativos. La invenci\u00f3n tambi\u00e9n incluye la posibilidad de utilizar un sistema remoto de control, una tarjeta de memoria y una bater\u00eda.<br \/>\nAdem\u00e1s, la invenci\u00f3n se refiere a gafas que incluyen una o dos varillas con pantalla en su superficie exterior.<\/p>\n<h5>Situaci\u00f3n <\/h5>\n<p>Concedida<\/p>\n<h5>N\u00famero de solicitud<\/h5>\n<p>U201600786<\/p>\n<h5>N\u00famero de publicaci\u00f3n<\/h5>\n<p>ES1174487<\/p>\n<h5>Fecha de presentaci\u00f3n <\/h5>\n<p>21\/07\/2015<\/p>\n<h5>Fecha de publicaci\u00f3n <\/h5>\n<p>19\/01\/2017<\/p>\n<h5>Fecha de concesi\u00f3n <\/h5>\n<p>05\/04\/2017<\/p>\n<div class=\"pdfprnt-buttons pdfprnt-buttons-product pdfprnt-bottom-left\"><a href=\"https:\/\/www.upm.es\/recursosidi\/wp-json\/wp\/v2\/product\/8689?print=pdf\" class=\"pdfprnt-button pdfprnt-button-pdf\" target=\"_blank\"><span class=\"pdfprnt-button-title pdfprnt-button-pdf-title\">Descargar ficha<\/span><\/a><\/div>","protected":false},"excerpt":{"rendered":"<p>Descripci\u00f3n de la patente La presente invenci\u00f3n se refiere a varillas para gafas que portan en su superficie exterior una pantalla por la que se&hellip;<\/p>\n","protected":false},"featured_media":0,"template":"","meta":{"_acf_changed":false},"product_cat":[3946],"product_tag":[],"comunidades-upm":[],"quien":[],"mapa":[],"disponibilidad":[],"donde":[{"term_id":42,"name":"UPM","slug":"upm","term_group":0,"term_taxonomy_id":42,"taxonomy":"donde","description":"Universidad Polit\u00e9cnica de Madrid\r\nHTML \"Lorem ipsum dolor sit amet, consectetur adipiscing elit, sed do eiusmod tempor incididunt ut labore et dolore magna aliqua. Ut enim ad minim veniam, quis nostrud exercitation ullamco laboris nisi ut aliquip ex ea commodo consequat. Duis aute irure dolor in reprehenderit in voluptate velit esse cillum dolore eu fugiat nulla pariatur. Excepteur sint occaecat cupidatat non proident, sunt in culpa qui officia deserunt mollit anim id est laborum.\"","parent":0,"count":146,"filter":"raw","term_order":"0"}],"infraestructura":[],"ods":[],"origen":[{"term_id":180,"name":"Patente","slug":"patente","term_group":0,"term_taxonomy_id":180,"taxonomy":"origen","description":"","parent":0,"count":614,"filter":"raw","term_order":"0"}],"familia_tax":false,"quien_tax":false,"donde_tax":false,"year":"","contacto":"<ul><li><blockquote><strong>otri.investigacion@upm.es<\/strong><\/blockquote><\/li><\/ul>","telefono":"","pagina_web":"","email":"","id_ficha_portal":"1012","video":"","adjuntos":false,"adjuntos_portal":"https:\/\/www.upm.es\/S2i\/Acuse\/recuperarArchivo.jsp?id=1012&id_archivo=7232&tipo=patente&extension=fichero ","inf":false,"departamento":"","acf":[],"lang":"es","translation":{"es":8689},"_links":{"self":[{"href":"https:\/\/www.upm.es\/recursosidi\/wp-json\/wp\/v2\/product\/8689"}],"collection":[{"href":"https:\/\/www.upm.es\/recursosidi\/wp-json\/wp\/v2\/product"}],"about":[{"href":"https:\/\/www.upm.es\/recursosidi\/wp-json\/wp\/v2\/types\/product"}],"wp:attachment":[{"href":"https:\/\/www.upm.es\/recursosidi\/wp-json\/wp\/v2\/media?parent=8689"}],"wp:term":[{"taxonomy":"product_cat","embeddable":true,"href":"https:\/\/www.upm.es\/recursosidi\/wp-json\/wp\/v2\/product_cat?post=8689"},{"taxonomy":"product_tag","embeddable":true,"href":"https:\/\/www.upm.es\/recursosidi\/wp-json\/wp\/v2\/product_tag?post=8689"},{"taxonomy":"comunidad_upm","embeddable":true,"href":"https:\/\/www.upm.es\/recursosidi\/wp-json\/wp\/v2\/comunidades-upm?post=8689"},{"taxonomy":"quien","embeddable":true,"href":"https:\/\/www.upm.es\/recursosidi\/wp-json\/wp\/v2\/quien?post=8689"},{"taxonomy":"mapa","embeddable":true,"href":"https:\/\/www.upm.es\/recursosidi\/wp-json\/wp\/v2\/mapa?post=8689"},{"taxonomy":"disponibilidad","embeddable":true,"href":"https:\/\/www.upm.es\/recursosidi\/wp-json\/wp\/v2\/disponibilidad?post=8689"},{"taxonomy":"donde","embeddable":true,"href":"https:\/\/www.upm.es\/recursosidi\/wp-json\/wp\/v2\/donde?post=8689"},{"taxonomy":"infraestructura","embeddable":true,"href":"https:\/\/www.upm.es\/recursosidi\/wp-json\/wp\/v2\/infraestructura?post=8689"},{"taxonomy":"ods","embeddable":true,"href":"https:\/\/www.upm.es\/recursosidi\/wp-json\/wp\/v2\/ods?post=8689"},{"taxonomy":"origen","embeddable":true,"href":"https:\/\/www.upm.es\/recursosidi\/wp-json\/wp\/v2\/origen?post=8689"}],"curies":[{"name":"wp","href":"https:\/\/api.w.org\/{rel}","templated":true}]}}