{"id":8691,"date":"2021-11-25T14:17:58","date_gmt":"2021-11-25T13:17:58","guid":{"rendered":"https:\/\/www.upm.es\/recursosidi\/offers-resources\/sin categor\u00eda\/metodo-de-fabricacion-de-materiales-compuestos-con-capacidad-de-monitorizacion-y-material-obtenible\/"},"modified":"2022-08-10T02:17:13","modified_gmt":"2022-08-10T00:17:13","slug":"metodo-de-fabricacion-de-materiales-compuestos-con-capacidad-de-monitorizacion-y-material-obtenible","status":"publish","type":"product","link":"https:\/\/www.upm.es\/recursosidi\/offers-resources\/patentes\/metodo-de-fabricacion-de-materiales-compuestos-con-capacidad-de-monitorizacion-y-material-obtenible\/","title":{"rendered":"M\u00e9todo de fabricaci\u00f3n de materiales compuestos con capacidad de monitorizaci\u00f3n y material obtenible"},"content":{"rendered":"<h5>Descripci\u00f3n de la patente <\/h5>\n<p>M\u00e9todo de obtenci\u00f3n de un material compuesto, es decir un procedimiento de fabricaci\u00f3n de un material compuesto, as\u00ed como el material compuesto obtenible mediante dicho m\u00e9todo de obtenci\u00f3n. El material compuesto presenta unos medios de toma de datos, sensor, que se encuentra embedido en el propio material y que presentan contactos externos de manera que pueden ser conectados a cualquier 10 tipo de instrumentaci\u00f3n que permite llevar a cabo ensayos o test de diversa \u00edndole en el material fabricado, durante su fabricaci\u00f3n o cuando el material se encuentre en r\u00e9gimen de trabajo.<\/p>\n<h5>Situaci\u00f3n <\/h5>\n<p>Concedida<\/p>\n<h5>N\u00famero de solicitud<\/h5>\n<p>P201531352<\/p>\n<h5>N\u00famero de publicaci\u00f3n<\/h5>\n<p>ES 2567527<\/p>\n<h5>Fecha de presentaci\u00f3n <\/h5>\n<p>22\/09\/2015<\/p>\n<h5>Fecha de publicaci\u00f3n <\/h5>\n<p>22\/04\/2016<\/p>\n<h5>Fecha de concesi\u00f3n <\/h5>\n<p>03\/03\/2017<\/p>\n<div class=\"pdfprnt-buttons pdfprnt-buttons-product pdfprnt-bottom-left\"><a href=\"https:\/\/www.upm.es\/recursosidi\/wp-json\/wp\/v2\/product\/8691?print=pdf\" class=\"pdfprnt-button pdfprnt-button-pdf\" target=\"_blank\"><span class=\"pdfprnt-button-title pdfprnt-button-pdf-title\">Descargar ficha<\/span><\/a><\/div>","protected":false},"excerpt":{"rendered":"<p>Descripci\u00f3n de la patente M\u00e9todo de obtenci\u00f3n de un material compuesto, es decir un procedimiento de fabricaci\u00f3n de un material compuesto, as\u00ed como el material&hellip;<\/p>\n","protected":false},"featured_media":0,"template":"","meta":{"_acf_changed":false},"product_cat":[3946],"product_tag":[],"comunidades-upm":[],"quien":[],"mapa":[],"disponibilidad":[],"donde":[{"term_id":606,"name":"Centro de Investigaci\u00f3n en Materiales Estructurales (CIME)","slug":"centro-de-investigacion-en-materiales-estructurales-cime","term_group":0,"term_taxonomy_id":606,"taxonomy":"donde","description":"","parent":0,"count":42,"filter":"raw","term_order":"0"},{"term_id":342,"name":"Materiales Estructurales Avanzados y Nanomateriales","slug":"materiales-estructurales-avanzados-y-nanomateriales","term_group":0,"term_taxonomy_id":342,"taxonomy":"donde","description":"Llevamos m&aacute;s de 20 a&ntilde;os desarrollando numerosas t&eacute;cnicas experimentales con las que podemos estudiar y caracterizar casi cualquier tipo de material y geometr&iacute;a en una variedad muy amplia de condiciones de servicio.\n&nbsp;\nNuestras l&iacute;neas de investigaci&oacute;n se pueden resumir en:\n&nbsp;\n\nMateriales compuestos\nMateriales para la seguridad\nBiomateriales estructurales\nIntegridad y seguridad estructural\nMateriales para la construcci&oacute;n\nNanomateriales\n","parent":0,"count":32,"filter":"raw","term_order":"0"}],"infraestructura":[],"ods":[],"origen":[{"term_id":180,"name":"Patente","slug":"patente","term_group":0,"term_taxonomy_id":180,"taxonomy":"origen","description":"","parent":0,"count":614,"filter":"raw","term_order":"0"}],"familia_tax":false,"quien_tax":false,"donde_tax":false,"year":"","contacto":"<strong>Principales: <\/strong><ul><li>CARLOS DANIEL GONZALEZ MARTINEZ <blockquote><strong>c.gonzalez@upm.es<\/strong><\/blockquote><\/li><\/ul><strong>Otros inventores: <\/strong><ul><li>Juan Jos\u00e9 Vilatela Garc\u00eda INSTITUTO IMDEA MATERIALES<\/li> <\/ul>","telefono":"","pagina_web":"","email":"","id_ficha_portal":"1135","video":"","adjuntos":false,"adjuntos_portal":"","inf":false,"departamento":"","acf":[],"lang":"es","translation":{"es":8691},"_links":{"self":[{"href":"https:\/\/www.upm.es\/recursosidi\/wp-json\/wp\/v2\/product\/8691"}],"collection":[{"href":"https:\/\/www.upm.es\/recursosidi\/wp-json\/wp\/v2\/product"}],"about":[{"href":"https:\/\/www.upm.es\/recursosidi\/wp-json\/wp\/v2\/types\/product"}],"wp:attachment":[{"href":"https:\/\/www.upm.es\/recursosidi\/wp-json\/wp\/v2\/media?parent=8691"}],"wp:term":[{"taxonomy":"product_cat","embeddable":true,"href":"https:\/\/www.upm.es\/recursosidi\/wp-json\/wp\/v2\/product_cat?post=8691"},{"taxonomy":"product_tag","embeddable":true,"href":"https:\/\/www.upm.es\/recursosidi\/wp-json\/wp\/v2\/product_tag?post=8691"},{"taxonomy":"comunidad_upm","embeddable":true,"href":"https:\/\/www.upm.es\/recursosidi\/wp-json\/wp\/v2\/comunidades-upm?post=8691"},{"taxonomy":"quien","embeddable":true,"href":"https:\/\/www.upm.es\/recursosidi\/wp-json\/wp\/v2\/quien?post=8691"},{"taxonomy":"mapa","embeddable":true,"href":"https:\/\/www.upm.es\/recursosidi\/wp-json\/wp\/v2\/mapa?post=8691"},{"taxonomy":"disponibilidad","embeddable":true,"href":"https:\/\/www.upm.es\/recursosidi\/wp-json\/wp\/v2\/disponibilidad?post=8691"},{"taxonomy":"donde","embeddable":true,"href":"https:\/\/www.upm.es\/recursosidi\/wp-json\/wp\/v2\/donde?post=8691"},{"taxonomy":"infraestructura","embeddable":true,"href":"https:\/\/www.upm.es\/recursosidi\/wp-json\/wp\/v2\/infraestructura?post=8691"},{"taxonomy":"ods","embeddable":true,"href":"https:\/\/www.upm.es\/recursosidi\/wp-json\/wp\/v2\/ods?post=8691"},{"taxonomy":"origen","embeddable":true,"href":"https:\/\/www.upm.es\/recursosidi\/wp-json\/wp\/v2\/origen?post=8691"}],"curies":[{"name":"wp","href":"https:\/\/api.w.org\/{rel}","templated":true}]}}