{"id":8692,"date":"2021-11-25T14:18:01","date_gmt":"2021-11-25T13:18:01","guid":{"rendered":"https:\/\/www.upm.es\/recursosidi\/offers-resources\/sin categor\u00eda\/convertidor-multinivel-con-tension-adaptativa\/"},"modified":"2022-08-10T02:17:16","modified_gmt":"2022-08-10T00:17:16","slug":"convertidor-multinivel-con-tension-adaptativa","status":"publish","type":"product","link":"https:\/\/www.upm.es\/recursosidi\/offers-resources\/patentes\/convertidor-multinivel-con-tension-adaptativa\/","title":{"rendered":"Convertidor multinivel con tensi\u00f3n adaptativa"},"content":{"rendered":"<h5>Descripci\u00f3n de la patente <\/h5>\n<p>Sistema y procedimiento de control de la corriente<br \/>\nalterna de un convertidor modular multinivel mediante<br \/>\ntensi\u00f3n proporcional al error de corriente. El sistema<br \/>\ncomprende:<br \/>\n1) Medios de medida de la tensi\u00f3n continuaVDC<br \/>\ny alterna voabc del convertidor.<br \/>\n2) Medios de medida de la tensi\u00f3n de red vabc.<br \/>\n3) Medios de medida de la corriente alter niaabc.<br \/>\n4) Medios de medida de la tensi\u00f3n vSM en los m\u00f3dulos.<br \/>\n5) Medios de control encargados de:<br \/>\na. Obtener el \u00e1ngulo \u00bf del vector de la tensi\u00f3n de red<br \/>\nvabc.<br \/>\nb. Obtener las componentes \u00bf\u00df de la tensi\u00f3n de<br \/>\nr ed vabc (V\u00bf y V\u00df) y de la corriente alterna iabc (i\u00bf e i\u00df)<br \/>\nc. Obtener las componentes dq de la tensi\u00f3n de red<br \/>\nv abc (vd y vq) y de la corriente alterna iabc (id e iq).<br \/>\nd. Generar las referencias de corriente alterna<br \/>\niabc en ejes dq (id* e iq*).<br \/>\ne. Obtener las referencias de corriente alterna<br \/>\niabc en ejes \u00bf\u00df (i\u00bf* e i\u00df*).<br \/>\nf. Obtener las referencias de corriente alterna iabc*.<br \/>\ng. Calcular el n\u00famero de m\u00f3dulos en estado ON en<br \/>\ncada rama.<\/p>\n<h5>Situaci\u00f3n <\/h5>\n<p>Concedida<\/p>\n<h5>N\u00famero de solicitud<\/h5>\n<p>P201500590<\/p>\n<h5>N\u00famero de publicaci\u00f3n<\/h5>\n<p>ES2600757<\/p>\n<h5>Fecha de presentaci\u00f3n <\/h5>\n<p>30\/07\/2015<\/p>\n<h5>Fecha de publicaci\u00f3n <\/h5>\n<p>10\/02\/2017<\/p>\n<h5>Fecha de concesi\u00f3n <\/h5>\n<p>19\/12\/2017<\/p>\n<div class=\"pdfprnt-buttons pdfprnt-buttons-product pdfprnt-bottom-left\"><a href=\"https:\/\/www.upm.es\/recursosidi\/wp-json\/wp\/v2\/product\/8692?print=pdf\" class=\"pdfprnt-button pdfprnt-button-pdf\" target=\"_blank\"><span class=\"pdfprnt-button-title pdfprnt-button-pdf-title\">Descargar ficha<\/span><\/a><\/div>","protected":false},"excerpt":{"rendered":"<p>Descripci\u00f3n de la patente Sistema y procedimiento de control de la corriente alterna de un convertidor modular multinivel mediante tensi\u00f3n proporcional al error de corriente.&hellip;<\/p>\n","protected":false},"featured_media":0,"template":"","meta":{"_acf_changed":false},"product_cat":[3946],"product_tag":[],"comunidades-upm":[],"quien":[],"mapa":[],"disponibilidad":[],"donde":[{"term_id":546,"name":"Centro de Electr\u00f3nica Industrial (CEI)","slug":"centro-de-electronica-industrial-cei","term_group":0,"term_taxonomy_id":546,"taxonomy":"donde","description":"","parent":0,"count":25,"filter":"raw","term_order":"0"},{"term_id":374,"name":"Generaci\u00f3n el\u00e9ctrica con energ\u00eda e\u00f3lica","slug":"generacion-electrica-con-energia-eolica","term_group":0,"term_taxonomy_id":374,"taxonomy":"donde","description":"","parent":0,"count":70,"filter":"raw","term_order":"0"}],"infraestructura":[],"ods":[],"origen":[{"term_id":180,"name":"Patente","slug":"patente","term_group":0,"term_taxonomy_id":180,"taxonomy":"origen","description":"","parent":0,"count":614,"filter":"raw","term_order":"0"}],"familia_tax":false,"quien_tax":false,"donde_tax":false,"year":"","contacto":"<strong>Principales: <\/strong><ul><li>DIONISIO RAMIREZ PRIETO <blockquote><strong>dionisio.ramirez@upm.es<\/strong><\/blockquote><\/li><\/ul>","telefono":"","pagina_web":"","email":"","id_ficha_portal":"1053","video":"","adjuntos":false,"adjuntos_portal":"","inf":false,"departamento":"","acf":[],"lang":"es","translation":{"es":8692},"_links":{"self":[{"href":"https:\/\/www.upm.es\/recursosidi\/wp-json\/wp\/v2\/product\/8692"}],"collection":[{"href":"https:\/\/www.upm.es\/recursosidi\/wp-json\/wp\/v2\/product"}],"about":[{"href":"https:\/\/www.upm.es\/recursosidi\/wp-json\/wp\/v2\/types\/product"}],"wp:attachment":[{"href":"https:\/\/www.upm.es\/recursosidi\/wp-json\/wp\/v2\/media?parent=8692"}],"wp:term":[{"taxonomy":"product_cat","embeddable":true,"href":"https:\/\/www.upm.es\/recursosidi\/wp-json\/wp\/v2\/product_cat?post=8692"},{"taxonomy":"product_tag","embeddable":true,"href":"https:\/\/www.upm.es\/recursosidi\/wp-json\/wp\/v2\/product_tag?post=8692"},{"taxonomy":"comunidad_upm","embeddable":true,"href":"https:\/\/www.upm.es\/recursosidi\/wp-json\/wp\/v2\/comunidades-upm?post=8692"},{"taxonomy":"quien","embeddable":true,"href":"https:\/\/www.upm.es\/recursosidi\/wp-json\/wp\/v2\/quien?post=8692"},{"taxonomy":"mapa","embeddable":true,"href":"https:\/\/www.upm.es\/recursosidi\/wp-json\/wp\/v2\/mapa?post=8692"},{"taxonomy":"disponibilidad","embeddable":true,"href":"https:\/\/www.upm.es\/recursosidi\/wp-json\/wp\/v2\/disponibilidad?post=8692"},{"taxonomy":"donde","embeddable":true,"href":"https:\/\/www.upm.es\/recursosidi\/wp-json\/wp\/v2\/donde?post=8692"},{"taxonomy":"infraestructura","embeddable":true,"href":"https:\/\/www.upm.es\/recursosidi\/wp-json\/wp\/v2\/infraestructura?post=8692"},{"taxonomy":"ods","embeddable":true,"href":"https:\/\/www.upm.es\/recursosidi\/wp-json\/wp\/v2\/ods?post=8692"},{"taxonomy":"origen","embeddable":true,"href":"https:\/\/www.upm.es\/recursosidi\/wp-json\/wp\/v2\/origen?post=8692"}],"curies":[{"name":"wp","href":"https:\/\/api.w.org\/{rel}","templated":true}]}}