{"id":8694,"date":"2021-11-25T14:18:06","date_gmt":"2021-11-25T13:18:06","guid":{"rendered":"https:\/\/www.upm.es\/recursosidi\/offers-resources\/sin categor\u00eda\/procedimiento-para-la-reduccion-selectiva-de-oxidos-de-nitrogeno\/"},"modified":"2022-08-10T02:17:21","modified_gmt":"2022-08-10T00:17:21","slug":"procedimiento-para-la-reduccion-selectiva-de-oxidos-de-nitrogeno","status":"publish","type":"product","link":"https:\/\/www.upm.es\/recursosidi\/offers-resources\/patentes\/procedimiento-para-la-reduccion-selectiva-de-oxidos-de-nitrogeno\/","title":{"rendered":"PROCEDIMIENTO PARA LA REDUCCI\u00d3N SELECTIVA DE \u00d3XIDOS DE NITR\u00d3GENO"},"content":{"rendered":"<h5>Descripci\u00f3n de la patente <\/h5>\n<p>La invenci\u00f3n se refiere a un procedimiento de reducci\u00f3n selectiva de \u00f3xidos de nitr\u00f3geno (NOx)a nitr\u00f3geno en presencia de ox\u00edgeno que comprende el uso de hidr\u00f3geno como agente reductor y un catalizador activo y selectivo basado en platino.<br \/>\nContribuye a la eliminaci\u00f3n de \u00f3xidos de nitr\u00f3geno procedente de emisiones  de combusti\u00f3n de fuentes fijas y m\u00f3viles mediante su reducci\u00f3n catal\u00edtica selectiva (SCR, selective catalytic reduction) a nitr\u00f3geno usando hidr\u00f3geno como agente reductor.<\/p>\n<h5>Situaci\u00f3n <\/h5>\n<p>Concedida<\/p>\n<h5>N\u00famero de solicitud<\/h5>\n<p>P201531744<\/p>\n<h5>N\u00famero de publicaci\u00f3n<\/h5>\n<p>ES2621416<\/p>\n<h5>Fecha de presentaci\u00f3n <\/h5>\n<p>01\/12\/2015<\/p>\n<h5>Fecha de publicaci\u00f3n <\/h5>\n<p>04\/07\/2017<\/p>\n<h5>Fecha de concesi\u00f3n <\/h5>\n<p>09\/04\/2018<\/p>\n<div class=\"pdfprnt-buttons pdfprnt-buttons-product pdfprnt-bottom-left\"><a href=\"https:\/\/www.upm.es\/recursosidi\/wp-json\/wp\/v2\/product\/8694?print=pdf\" class=\"pdfprnt-button pdfprnt-button-pdf\" target=\"_blank\"><span class=\"pdfprnt-button-title pdfprnt-button-pdf-title\">Descargar ficha<\/span><\/a><\/div>","protected":false},"excerpt":{"rendered":"<p>Descripci\u00f3n de la patente La invenci\u00f3n se refiere a un procedimiento de reducci\u00f3n selectiva de \u00f3xidos de nitr\u00f3geno (NOx)a nitr\u00f3geno en presencia de ox\u00edgeno que&hellip;<\/p>\n","protected":false},"featured_media":0,"template":"","meta":{"_acf_changed":false},"product_cat":[3946],"product_tag":[],"comunidades-upm":[],"quien":[],"mapa":[],"disponibilidad":[],"donde":[{"term_id":376,"name":"Grupo de Inv. en Seguridad e Impacto Medioambiental de Veh\u00edculos y Transportes (GIVET)","slug":"grupo-de-inv-en-seguridad-e-impacto-medioambiental-de-vehiculos-y-transportes-givet","term_group":0,"term_taxonomy_id":376,"taxonomy":"donde","description":"Podemos resumir nuestras <strong>l\u00edneas de investigaci\u00f3n<\/strong> en:\r\n\r\nSeguridad en el transporte colectivo de personas y en el transporte de mercanc\u00edas.\r\nInvestigaci\u00f3n de accidentes de tr\u00e1fico.\r\nBiomec\u00e1nica del impacto aplicada a la mejora de la seguridad pasiva de los veh\u00edculos\r\nSistemas de asistencia al conductor (ADAS).\r\nEvaluaci\u00f3n y predicci\u00f3n de los impactos del transporte por carretera en la seguridad y medio ambiente. Desarrollo y aplicaci\u00f3n de modelos\r\nSistemas alternativos de propulsi\u00f3n e impacto medioambiental de los veh\u00edculos autom\u00f3viles\r\nMec\u00e1nica computacional aplicada al estudio del comportamiento din\u00e1mico de los veh\u00edculos","parent":0,"count":14,"filter":"raw","term_order":"0"},{"term_id":240,"name":"Instituto Universitario de Investigaci\u00f3n del Autom\u00f3vil (INSIA)","slug":"instituto-universitario-de-investigacion-del-automovil-insia","term_group":0,"term_taxonomy_id":240,"taxonomy":"donde","description":"","parent":0,"count":18,"filter":"raw","term_order":"0"}],"infraestructura":[],"ods":[],"origen":[{"term_id":180,"name":"Patente","slug":"patente","term_group":0,"term_taxonomy_id":180,"taxonomy":"origen","description":"","parent":0,"count":614,"filter":"raw","term_order":"0"}],"familia_tax":false,"quien_tax":false,"donde_tax":false,"year":"","contacto":"<strong>Principales: <\/strong><ul><li>JOSE MARIA LOPEZ MARTINEZ <blockquote><strong>josemaria.lopez@upm.es<\/strong><\/blockquote><\/li><li>Daniel Resino Zamora <blockquote><strong>daniel.resino@upm.es<\/strong><\/blockquote><\/li><li>Nuria Flores Holgado <blockquote><strong>nuria.fholgado@upm.es<\/strong><\/blockquote><\/li><\/ul><strong>Otros inventores UPM: <\/strong><ul><li>David<\/li><\/ul><strong>Otros inventores: <\/strong><ul><li>Antonio Ullate Sebasti\u00e1n INYECCIONES PLASTICAS MECACONTROL S.L.<\/li> <li>Rufino ManuelNavarro Yerga  CSIC - Consejo Superior de Investigaciones Cient\u00edficas<\/li> <li>Jos\u00e9 LuisGarc\u00eda Fierro CSIC - Consejo Superior de Investigaciones Cient\u00edficas<\/li> <li>Pedro Manuel Simon Garcia INYECCIONES PLASTICAS MECACONTROL S.L.<\/li> <li>RutGuil L\u00f3penz CSIC - Consejo Superior de Investigaciones Cient\u00edficas<\/li> <li>NoeliaMota Toledo CSIC - Consejo Superior de Investigaciones Cient\u00edficas<\/li> <li>Maria Rodriguez Vicente INYECCIONES PLASTICAS MECACONTROL S.L.<\/li> <\/ul>","telefono":"","pagina_web":"","email":"","id_ficha_portal":"1150","video":"","adjuntos":false,"adjuntos_portal":"","inf":false,"departamento":"","acf":[],"lang":"es","translation":{"es":8694},"_links":{"self":[{"href":"https:\/\/www.upm.es\/recursosidi\/wp-json\/wp\/v2\/product\/8694"}],"collection":[{"href":"https:\/\/www.upm.es\/recursosidi\/wp-json\/wp\/v2\/product"}],"about":[{"href":"https:\/\/www.upm.es\/recursosidi\/wp-json\/wp\/v2\/types\/product"}],"wp:attachment":[{"href":"https:\/\/www.upm.es\/recursosidi\/wp-json\/wp\/v2\/media?parent=8694"}],"wp:term":[{"taxonomy":"product_cat","embeddable":true,"href":"https:\/\/www.upm.es\/recursosidi\/wp-json\/wp\/v2\/product_cat?post=8694"},{"taxonomy":"product_tag","embeddable":true,"href":"https:\/\/www.upm.es\/recursosidi\/wp-json\/wp\/v2\/product_tag?post=8694"},{"taxonomy":"comunidad_upm","embeddable":true,"href":"https:\/\/www.upm.es\/recursosidi\/wp-json\/wp\/v2\/comunidades-upm?post=8694"},{"taxonomy":"quien","embeddable":true,"href":"https:\/\/www.upm.es\/recursosidi\/wp-json\/wp\/v2\/quien?post=8694"},{"taxonomy":"mapa","embeddable":true,"href":"https:\/\/www.upm.es\/recursosidi\/wp-json\/wp\/v2\/mapa?post=8694"},{"taxonomy":"disponibilidad","embeddable":true,"href":"https:\/\/www.upm.es\/recursosidi\/wp-json\/wp\/v2\/disponibilidad?post=8694"},{"taxonomy":"donde","embeddable":true,"href":"https:\/\/www.upm.es\/recursosidi\/wp-json\/wp\/v2\/donde?post=8694"},{"taxonomy":"infraestructura","embeddable":true,"href":"https:\/\/www.upm.es\/recursosidi\/wp-json\/wp\/v2\/infraestructura?post=8694"},{"taxonomy":"ods","embeddable":true,"href":"https:\/\/www.upm.es\/recursosidi\/wp-json\/wp\/v2\/ods?post=8694"},{"taxonomy":"origen","embeddable":true,"href":"https:\/\/www.upm.es\/recursosidi\/wp-json\/wp\/v2\/origen?post=8694"}],"curies":[{"name":"wp","href":"https:\/\/api.w.org\/{rel}","templated":true}]}}