{"id":8695,"date":"2021-11-25T14:18:08","date_gmt":"2021-11-25T13:18:08","guid":{"rendered":"https:\/\/www.upm.es\/recursosidi\/offers-resources\/sin categor\u00eda\/dispositivo-terapeutico-portatil-para-el-tratamiento-de-la-artritis-mediante-estimulacion-magneto-termica\/"},"modified":"2022-08-10T02:17:24","modified_gmt":"2022-08-10T00:17:24","slug":"dispositivo-terapeutico-portatil-para-el-tratamiento-de-la-artritis-mediante-estimulacion-magneto-termica","status":"publish","type":"product","link":"https:\/\/www.upm.es\/recursosidi\/offers-resources\/patentes\/dispositivo-terapeutico-portatil-para-el-tratamiento-de-la-artritis-mediante-estimulacion-magneto-termica\/","title":{"rendered":"Dispositivo terap\u00e9utico port\u00e1til para el tratamiento de la artritis mediante estimulaci\u00f3n magneto-t\u00e9rmica"},"content":{"rendered":"<h5>Descripci\u00f3n de la patente <\/h5>\n<p>Dispositivo portable para el tratamiento de la artritis mediante estimulaci\u00f3n termomagn\u00e9tica que consiste en un guante port\u00e1til con un sistema de bobinas para la generaci\u00f3n del campo magn\u00e9tico y un sistema de calentamiento basado en un material conductor que act\u00faa como un resistor que al paso de una determinada corriente produce un calentamiento. Este sistema es retroalimentado con sensores en los dedos para controlar la temperatura. Ambos sistemas son independientes y son controlados mediante un circuito generador. El sistema funciona en su totalidad con bater\u00edas colocadas en una mu\u00f1equera que tiene un circuito interno de carga de bater\u00edas y un conector para el cable que viene del guante estimulador y otro para conectarse a la red el\u00e9ctrica para la carga de las bater\u00edas.<\/p>\n<h5>Situaci\u00f3n <\/h5>\n<p>Concedida<\/p>\n<h5>N\u00famero de solicitud<\/h5>\n<p>P201630077<\/p>\n<h5>N\u00famero de publicaci\u00f3n<\/h5>\n<p>ES2584255<\/p>\n<h5>Fecha de presentaci\u00f3n <\/h5>\n<p>22\/01\/2016<\/p>\n<h5>Fecha de publicaci\u00f3n <\/h5>\n<p>26\/09\/2016<\/p>\n<h5>Fecha de concesi\u00f3n <\/h5>\n<p>17\/07\/2017<\/p>\n<div class=\"pdfprnt-buttons pdfprnt-buttons-product pdfprnt-bottom-left\"><a href=\"https:\/\/www.upm.es\/recursosidi\/wp-json\/wp\/v2\/product\/8695?print=pdf\" class=\"pdfprnt-button pdfprnt-button-pdf\" target=\"_blank\"><span class=\"pdfprnt-button-title pdfprnt-button-pdf-title\">Descargar ficha<\/span><\/a><\/div>","protected":false},"excerpt":{"rendered":"<p>Descripci\u00f3n de la patente Dispositivo portable para el tratamiento de la artritis mediante estimulaci\u00f3n termomagn\u00e9tica que consiste en un guante port\u00e1til con un sistema de&hellip;<\/p>\n","protected":false},"featured_media":0,"template":"","meta":{"_acf_changed":false},"product_cat":[3946],"product_tag":[],"comunidades-upm":[],"quien":[],"mapa":[],"disponibilidad":[],"donde":[{"term_id":556,"name":"Centro de Tecnolog\u00eda Biom\u00e9dica (CTB)","slug":"centro-de-tecnologia-biomedica-ctb","term_group":0,"term_taxonomy_id":556,"taxonomy":"donde","description":"","parent":0,"count":84,"filter":"raw","term_order":"0"},{"term_id":620,"name":"Tecnolog\u00edas para Ciencias de la Salud","slug":"tecnologias-para-ciencias-de-la-salud","term_group":0,"term_taxonomy_id":620,"taxonomy":"donde","description":"","parent":0,"count":21,"filter":"raw","term_order":"0"}],"infraestructura":[],"ods":[],"origen":[{"term_id":180,"name":"Patente","slug":"patente","term_group":0,"term_taxonomy_id":180,"taxonomy":"origen","description":"","parent":0,"count":614,"filter":"raw","term_order":"0"}],"familia_tax":false,"quien_tax":false,"donde_tax":false,"year":"","contacto":"<strong>Principales: <\/strong><ul><li>CEFERINO MAESTU UNTURBE <blockquote><strong>ceferino.maestu@upm.es<\/strong><\/blockquote><\/li><li>NAZARIO FELIX GONZALEZ <blockquote><strong>n.felix@upm.es<\/strong><\/blockquote><\/li><\/ul><strong>Otros inventores UPM: <\/strong><ul><li>Irene<\/li><\/ul>","telefono":"","pagina_web":"","email":"","id_ficha_portal":"1152","video":"","adjuntos":false,"adjuntos_portal":"https:\/\/www.upm.es\/S2i\/Acuse\/recuperarArchivo.jsp?id=1152&id_archivo=8206&tipo=patente&extension=fichero ","inf":false,"departamento":"","acf":[],"lang":"es","translation":{"es":8695},"_links":{"self":[{"href":"https:\/\/www.upm.es\/recursosidi\/wp-json\/wp\/v2\/product\/8695"}],"collection":[{"href":"https:\/\/www.upm.es\/recursosidi\/wp-json\/wp\/v2\/product"}],"about":[{"href":"https:\/\/www.upm.es\/recursosidi\/wp-json\/wp\/v2\/types\/product"}],"wp:attachment":[{"href":"https:\/\/www.upm.es\/recursosidi\/wp-json\/wp\/v2\/media?parent=8695"}],"wp:term":[{"taxonomy":"product_cat","embeddable":true,"href":"https:\/\/www.upm.es\/recursosidi\/wp-json\/wp\/v2\/product_cat?post=8695"},{"taxonomy":"product_tag","embeddable":true,"href":"https:\/\/www.upm.es\/recursosidi\/wp-json\/wp\/v2\/product_tag?post=8695"},{"taxonomy":"comunidad_upm","embeddable":true,"href":"https:\/\/www.upm.es\/recursosidi\/wp-json\/wp\/v2\/comunidades-upm?post=8695"},{"taxonomy":"quien","embeddable":true,"href":"https:\/\/www.upm.es\/recursosidi\/wp-json\/wp\/v2\/quien?post=8695"},{"taxonomy":"mapa","embeddable":true,"href":"https:\/\/www.upm.es\/recursosidi\/wp-json\/wp\/v2\/mapa?post=8695"},{"taxonomy":"disponibilidad","embeddable":true,"href":"https:\/\/www.upm.es\/recursosidi\/wp-json\/wp\/v2\/disponibilidad?post=8695"},{"taxonomy":"donde","embeddable":true,"href":"https:\/\/www.upm.es\/recursosidi\/wp-json\/wp\/v2\/donde?post=8695"},{"taxonomy":"infraestructura","embeddable":true,"href":"https:\/\/www.upm.es\/recursosidi\/wp-json\/wp\/v2\/infraestructura?post=8695"},{"taxonomy":"ods","embeddable":true,"href":"https:\/\/www.upm.es\/recursosidi\/wp-json\/wp\/v2\/ods?post=8695"},{"taxonomy":"origen","embeddable":true,"href":"https:\/\/www.upm.es\/recursosidi\/wp-json\/wp\/v2\/origen?post=8695"}],"curies":[{"name":"wp","href":"https:\/\/api.w.org\/{rel}","templated":true}]}}