{"id":8696,"date":"2021-11-25T14:18:10","date_gmt":"2021-11-25T13:18:10","guid":{"rendered":"https:\/\/www.upm.es\/recursosidi\/offers-resources\/sin categor\u00eda\/procedimiento-y-sistema-de-comunicaciones-para-sensores\/"},"modified":"2022-08-10T02:17:27","modified_gmt":"2022-08-10T00:17:27","slug":"procedimiento-y-sistema-de-comunicaciones-para-sensores","status":"publish","type":"product","link":"https:\/\/www.upm.es\/recursosidi\/offers-resources\/patentes\/procedimiento-y-sistema-de-comunicaciones-para-sensores\/","title":{"rendered":"Procedimiento y sistema de comunicaciones para sensores"},"content":{"rendered":"<h5>Descripci\u00f3n de la patente <\/h5>\n<p>Procedimiento y sistema de comunicaci\u00f3n para sensores con capacidades heterog\u00e9neas comprendiendo al menos un dispositivo esclavo con al menos un sensor y un<br \/>\ndispositivo maestro comunicado con el esclavo mediante un canal de radiofrecuencia semi-d\u00faplex a corta distancia. Maestro y esclavo comprenden:<br \/>\n&#8211; un microcontrolador, conectado a una cadena de modulaci\u00f3n\/adaptaci\u00f3n de se\u00f1al y un transceptor de acoplamiento, y a medios de almacenamiento;<br \/>\ny est\u00e1n configurados para:<br \/>\n&#8211; El maestro enviar un mensaje a un esclavo conteniendo la identificaci\u00f3n y capacidades del maestro;<br \/>\n&#8211; El esclavo en respuesta y tras un tiempo de espera, enviar un mensaje al maestro, indicando identificaci\u00f3n del maestro e identificaci\u00f3n y capacidades del esclavo;<br \/>\n&#8211; En base a todas las respuestas y a unas preferencias de descargas, el maestro habilita un modo de descarga de datos a uno o m\u00e1s esclavos seleccionados.<\/p>\n<h5>Situaci\u00f3n <\/h5>\n<p>Concedida<\/p>\n<h5>N\u00famero de solicitud<\/h5>\n<p>P201630171<\/p>\n<h5>N\u00famero de publicaci\u00f3n<\/h5>\n<p>ES2629990<\/p>\n<h5>Fecha de presentaci\u00f3n <\/h5>\n<p>15\/02\/2016<\/p>\n<h5>Fecha de publicaci\u00f3n <\/h5>\n<p>17\/08\/2017<\/p>\n<h5>Fecha de concesi\u00f3n <\/h5>\n<p>14\/02\/2018<\/p>\n<div class=\"pdfprnt-buttons pdfprnt-buttons-product pdfprnt-bottom-left\"><a href=\"https:\/\/www.upm.es\/recursosidi\/wp-json\/wp\/v2\/product\/8696?print=pdf\" class=\"pdfprnt-button pdfprnt-button-pdf\" target=\"_blank\"><span class=\"pdfprnt-button-title pdfprnt-button-pdf-title\">Descargar ficha<\/span><\/a><\/div>","protected":false},"excerpt":{"rendered":"<p>Descripci\u00f3n de la patente Procedimiento y sistema de comunicaci\u00f3n para sensores con capacidades heterog\u00e9neas comprendiendo al menos un dispositivo esclavo con al menos un sensor&hellip;<\/p>\n","protected":false},"featured_media":0,"template":"","meta":{"_acf_changed":false},"product_cat":[3946],"product_tag":[],"comunidades-upm":[],"quien":[],"mapa":[],"disponibilidad":[],"donde":[{"term_id":604,"name":"Grupo de Ingenier\u00eda de Redes y Servicios Avanzados de Telecomunicaci\u00f3n","slug":"grupo-de-ingenieria-de-redes-y-servicios-avanzados-de-telecomunicacion","term_group":0,"term_taxonomy_id":604,"taxonomy":"donde","description":"","parent":0,"count":3,"filter":"raw","term_order":"0"}],"infraestructura":[],"ods":[],"origen":[{"term_id":180,"name":"Patente","slug":"patente","term_group":0,"term_taxonomy_id":180,"taxonomy":"origen","description":"","parent":0,"count":614,"filter":"raw","term_order":"0"}],"familia_tax":false,"quien_tax":false,"donde_tax":false,"year":"","contacto":"<strong>Principales: <\/strong><ul><li>RAMON PABLO ALCARRIA GARRIDO <blockquote><strong>ramon.alcarria@upm.es<\/strong><\/blockquote><\/li><li>MARINA PEREZ JIMENEZ <blockquote><strong>marina.perez@upm.es<\/strong><\/blockquote><\/li><li>BORJA BORDEL SANCHEZ <blockquote><strong>borja.bordel@upm.es<\/strong><\/blockquote><\/li><li>TOMAS ENRIQUE ROBLES VALLADARES <blockquote><strong>tomas.robles@upm.es<\/strong><\/blockquote><\/li><\/ul>","telefono":"","pagina_web":"","email":"","id_ficha_portal":"1157","video":"","adjuntos":false,"adjuntos_portal":"https:\/\/www.upm.es\/S2i\/Acuse\/recuperarArchivo.jsp?id=1157&id_archivo=8752&tipo=patente&extension=fichero ","inf":false,"departamento":"","acf":[],"lang":"es","translation":{"es":8696},"_links":{"self":[{"href":"https:\/\/www.upm.es\/recursosidi\/wp-json\/wp\/v2\/product\/8696"}],"collection":[{"href":"https:\/\/www.upm.es\/recursosidi\/wp-json\/wp\/v2\/product"}],"about":[{"href":"https:\/\/www.upm.es\/recursosidi\/wp-json\/wp\/v2\/types\/product"}],"wp:attachment":[{"href":"https:\/\/www.upm.es\/recursosidi\/wp-json\/wp\/v2\/media?parent=8696"}],"wp:term":[{"taxonomy":"product_cat","embeddable":true,"href":"https:\/\/www.upm.es\/recursosidi\/wp-json\/wp\/v2\/product_cat?post=8696"},{"taxonomy":"product_tag","embeddable":true,"href":"https:\/\/www.upm.es\/recursosidi\/wp-json\/wp\/v2\/product_tag?post=8696"},{"taxonomy":"comunidad_upm","embeddable":true,"href":"https:\/\/www.upm.es\/recursosidi\/wp-json\/wp\/v2\/comunidades-upm?post=8696"},{"taxonomy":"quien","embeddable":true,"href":"https:\/\/www.upm.es\/recursosidi\/wp-json\/wp\/v2\/quien?post=8696"},{"taxonomy":"mapa","embeddable":true,"href":"https:\/\/www.upm.es\/recursosidi\/wp-json\/wp\/v2\/mapa?post=8696"},{"taxonomy":"disponibilidad","embeddable":true,"href":"https:\/\/www.upm.es\/recursosidi\/wp-json\/wp\/v2\/disponibilidad?post=8696"},{"taxonomy":"donde","embeddable":true,"href":"https:\/\/www.upm.es\/recursosidi\/wp-json\/wp\/v2\/donde?post=8696"},{"taxonomy":"infraestructura","embeddable":true,"href":"https:\/\/www.upm.es\/recursosidi\/wp-json\/wp\/v2\/infraestructura?post=8696"},{"taxonomy":"ods","embeddable":true,"href":"https:\/\/www.upm.es\/recursosidi\/wp-json\/wp\/v2\/ods?post=8696"},{"taxonomy":"origen","embeddable":true,"href":"https:\/\/www.upm.es\/recursosidi\/wp-json\/wp\/v2\/origen?post=8696"}],"curies":[{"name":"wp","href":"https:\/\/api.w.org\/{rel}","templated":true}]}}