{"id":8697,"date":"2021-11-25T14:18:13","date_gmt":"2021-11-25T13:18:13","guid":{"rendered":"https:\/\/www.upm.es\/recursosidi\/offers-resources\/sin categor\u00eda\/elemento-optico-y-metodo-de-fabricacion-con-multiples-imagenes-latentes-para-seguridad-documental\/"},"modified":"2022-08-10T02:17:30","modified_gmt":"2022-08-10T00:17:30","slug":"elemento-optico-y-metodo-de-fabricacion-con-multiples-imagenes-latentes-para-seguridad-documental","status":"publish","type":"product","link":"https:\/\/www.upm.es\/recursosidi\/offers-resources\/patentes\/elemento-optico-y-metodo-de-fabricacion-con-multiples-imagenes-latentes-para-seguridad-documental\/","title":{"rendered":"Elemento \u00f3ptico y m\u00e9todo de fabricaci\u00f3n con m\u00faltiples im\u00e1genes latentes para seguridad documental"},"content":{"rendered":"<h5>Descripci\u00f3n de la patente <\/h5>\n<p>Nuevo sistema de   autenticaci\u00f3n documental y el procedimiento apra su fabricaci\u00f3n basado en una l\u00e1mitan transparente que cuando se observa con una luz polarizada, presenta una o varias im\u00e1genes qeu no son visibles con luz natural.  Cada cara del dispositivo puede tener im\u00e1genes distintas e independientes. <\/p>\n<h5>Situaci\u00f3n <\/h5>\n<p>Presentada<\/p>\n<h5>N\u00famero de solicitud<\/h5>\n<p>PCT\/ES2015\/070731<\/p>\n<h5>Fecha de presentaci\u00f3n <\/h5>\n<p>08\/10\/2015<\/p>\n<h4><strong>Extensiones Internacionales<\/strong><\/h4>\n<h5>EUROPA<\/h5>\n<p><strong>Referencia de la solicitud: <\/strong>EP15905746.2<br \/>\nEP3364378<br \/><strong>T\u00edtulo:\t\t\t\t\t   <\/strong>OPTICAL ELEMENT AND PRODUCTION METHOD WITH MULTIPLE LATENT IMAGES FOR DOCUMENT SECURITY<br \/><strong>Situacion: \t\t\t\t   <\/strong>Presentada<\/p>\n<h5>PA\u00cdSES<\/h5>\n<p><strong>Pa\u00eds: <\/strong>EEUU<br \/><strong>N\u00famero de solicitud: <\/strong>US15\/766,767 US20180290479A1<br \/><strong>Titulo: <\/strong>Optical device and method for achieving multiple latent images for document security<br \/><strong>Situaci\u00f3n: <\/strong>Presentada<br \/><strong>Pa\u00eds: <\/strong>CHINA<br \/><strong>N\u00famero de solicitud: <\/strong>201580085226.9 CN108369760A<br \/><strong>Situaci\u00f3n: <\/strong>Concedida<br \/><strong>Pa\u00eds: <\/strong>AUSTRALIA<br \/><strong>N\u00famero de solicitud: <\/strong>AU2015411341<br \/><strong>Situaci\u00f3n: <\/strong>Presentada<\/p>\n<div class=\"pdfprnt-buttons pdfprnt-buttons-product pdfprnt-bottom-left\"><a href=\"https:\/\/www.upm.es\/recursosidi\/wp-json\/wp\/v2\/product\/8697?print=pdf\" class=\"pdfprnt-button pdfprnt-button-pdf\" target=\"_blank\"><span class=\"pdfprnt-button-title pdfprnt-button-pdf-title\">Descargar ficha<\/span><\/a><\/div>","protected":false},"excerpt":{"rendered":"<p>Descripci\u00f3n de la patente Nuevo sistema de autenticaci\u00f3n documental y el procedimiento apra su fabricaci\u00f3n basado en una l\u00e1mitan transparente que cuando se observa con&hellip;<\/p>\n","protected":false},"featured_media":0,"template":"","meta":{"_acf_changed":false},"product_cat":[3946],"product_tag":[],"comunidades-upm":[],"quien":[],"mapa":[],"disponibilidad":[],"donde":[{"term_id":590,"name":"Centro de Materiales y Dispositivos Avanzados para Tecnolog\u00edas de Informaci\u00f3n y Comunicaciones (CEMDATIC)","slug":"centro-de-materiales-y-dispositivos-avanzados-para-tecnologias-de-informacion-y-comunicaciones-cemdatic","term_group":0,"term_taxonomy_id":590,"taxonomy":"donde","description":"","parent":0,"count":20,"filter":"raw","term_order":"0"},{"term_id":472,"name":"Grupo de Fot\u00f3nica Aplicada","slug":"grupo-de-fotonica-aplicada","term_group":0,"term_taxonomy_id":472,"taxonomy":"donde","description":"Las actividades del GFA se centran en la fabricaci&oacute;n y caracterizaci&oacute;n de dispositivos de Cristal L&iacute;quido y dispositivos emisivos org&aacute;nicos basados en OLEDs y PLEDs as&iacute; como en el estudio y caracterizaci&oacute;n de l&aacute;seres de semiconductor.\n&nbsp;\nLas&nbsp; <strong>l&iacute;neas de investigaci&oacute;n <\/strong>de nuestro grupo son:\n\nDispositivos de cristal l&iacute;quido. Fabricamos y caracterizamos dispositivos basados en cristales l&iacute;quidos nem&aacute;ticos, polim&eacute;ricos y liotr&oacute;picos con aplicaciones a dispositivos de seguridad documental, gu&iacute;as de onda activas y biosensores para detecci&oacute;n de pat&oacute;genos en &aacute;reas de salud y alimentaci&oacute;n\nRedes de fase &oacute;pticas para conmutaci&oacute;n y encaminamiento de haces luminosos. A destacar deflectores de haces l&aacute;ser 1D y 2D sin partes m&oacute;viles para uso en sat&eacute;lites.&nbsp;\nDispositivos OLED. Investigamos sobre nuevos materiales base u dopantes, algunos de ellos cristales l&iacute;quidos electroluminiscentes\nModelado y caracterizaci&oacute;n de diodos l&aacute;ser. Dispositivos de potencia para aplicaciones LIDAR y l&aacute;seres de bombeo.\n","parent":0,"count":12,"filter":"raw","term_order":"0"}],"infraestructura":[],"ods":[],"origen":[{"term_id":180,"name":"Patente","slug":"patente","term_group":0,"term_taxonomy_id":180,"taxonomy":"origen","description":"","parent":0,"count":614,"filter":"raw","term_order":"0"}],"familia_tax":false,"quien_tax":false,"donde_tax":false,"year":"","contacto":"<strong>Principales: <\/strong><ul><li>JOSE MANUEL OTON SANCHEZ <blockquote><strong>jm.oton@upm.es<\/strong><\/blockquote><\/li><li>MORTEN ANDREAS GEDAY  <blockquote><strong>morten.geday@upm.es<\/strong><\/blockquote><\/li><li>PATXI XABIER QUINTANA ARREGUI <blockquote><strong>x.quintana@upm.es<\/strong><\/blockquote><\/li><\/ul><strong>Otros inventores: <\/strong><ul><li>Beatriz Cerrolaza Mart\u00ednez Alise Devices, S.L.<\/li> <li>Carlos Carrasco Vela Alise Devices, S.L.<\/li> <\/ul>","telefono":"","pagina_web":"","email":"","id_ficha_portal":"1050","video":"","adjuntos":false,"adjuntos_portal":"","inf":false,"departamento":"","acf":[],"lang":"es","translation":{"es":8697},"_links":{"self":[{"href":"https:\/\/www.upm.es\/recursosidi\/wp-json\/wp\/v2\/product\/8697"}],"collection":[{"href":"https:\/\/www.upm.es\/recursosidi\/wp-json\/wp\/v2\/product"}],"about":[{"href":"https:\/\/www.upm.es\/recursosidi\/wp-json\/wp\/v2\/types\/product"}],"wp:attachment":[{"href":"https:\/\/www.upm.es\/recursosidi\/wp-json\/wp\/v2\/media?parent=8697"}],"wp:term":[{"taxonomy":"product_cat","embeddable":true,"href":"https:\/\/www.upm.es\/recursosidi\/wp-json\/wp\/v2\/product_cat?post=8697"},{"taxonomy":"product_tag","embeddable":true,"href":"https:\/\/www.upm.es\/recursosidi\/wp-json\/wp\/v2\/product_tag?post=8697"},{"taxonomy":"comunidad_upm","embeddable":true,"href":"https:\/\/www.upm.es\/recursosidi\/wp-json\/wp\/v2\/comunidades-upm?post=8697"},{"taxonomy":"quien","embeddable":true,"href":"https:\/\/www.upm.es\/recursosidi\/wp-json\/wp\/v2\/quien?post=8697"},{"taxonomy":"mapa","embeddable":true,"href":"https:\/\/www.upm.es\/recursosidi\/wp-json\/wp\/v2\/mapa?post=8697"},{"taxonomy":"disponibilidad","embeddable":true,"href":"https:\/\/www.upm.es\/recursosidi\/wp-json\/wp\/v2\/disponibilidad?post=8697"},{"taxonomy":"donde","embeddable":true,"href":"https:\/\/www.upm.es\/recursosidi\/wp-json\/wp\/v2\/donde?post=8697"},{"taxonomy":"infraestructura","embeddable":true,"href":"https:\/\/www.upm.es\/recursosidi\/wp-json\/wp\/v2\/infraestructura?post=8697"},{"taxonomy":"ods","embeddable":true,"href":"https:\/\/www.upm.es\/recursosidi\/wp-json\/wp\/v2\/ods?post=8697"},{"taxonomy":"origen","embeddable":true,"href":"https:\/\/www.upm.es\/recursosidi\/wp-json\/wp\/v2\/origen?post=8697"}],"curies":[{"name":"wp","href":"https:\/\/api.w.org\/{rel}","templated":true}]}}