{"id":8698,"date":"2021-11-25T14:18:16","date_gmt":"2021-11-25T13:18:16","guid":{"rendered":"https:\/\/www.upm.es\/recursosidi\/offers-resources\/sin categor\u00eda\/plasma-accelerator-with-modulated-thrust\/"},"modified":"2022-11-15T02:00:34","modified_gmt":"2022-11-15T01:00:34","slug":"plasma-accelerator-with-modulated-thrust","status":"publish","type":"product","link":"https:\/\/www.upm.es\/recursosidi\/offers-resources\/patentes\/plasma-accelerator-with-modulated-thrust\/","title":{"rendered":"Plasma Accelerator with Modulated Thrust"},"content":{"rendered":"<h5>Descripci\u00f3n de la patente <\/h5>\n<p>La invenci\u00f3n se encuentra en el campo de los dispositivos electrost\u00e1ticos de propulsi\u00f3n donde del gas empleado como combustible es introducido en una c\u00e1mara donde es ionizado. Los iones de dicho plasma son extraidos y acelerados por diversos m\u00e9todos y, de este modo, el momento impartido al veh\u00edculo es producido por el chorro de plasma de iones y electrones producido cuando se neutraliza el flujo de iones acelerados. La modulaci\u00f3n de velocidad i\u00f3nica del chorro permite el control preciso del empuje, esencial para las maniobras orbitales y\/o de formaciones de sat\u00e9lites. <\/p>\n<h5>Situaci\u00f3n <\/h5>\n<p>Presentada<\/p>\n<h5>N\u00famero de solicitud<\/h5>\n<p>PCT\/EP2015\/074879<\/p>\n<h5>N\u00famero de publicaci\u00f3n<\/h5>\n<p>WO2017071739<\/p>\n<h5>Fecha de presentaci\u00f3n <\/h5>\n<p>27\/10\/2015<\/p>\n<h5>Fecha de publicaci\u00f3n <\/h5>\n<p>04\/05\/2017<\/p>\n<h4><strong>Extensiones Internacionales<\/strong><\/h4>\n<h5>EUROPA<\/h5>\n<p><strong>Referencia de la solicitud: <\/strong>EP15790868.2<br \/>\nEP3369294<br \/>\n<br \/><strong>T\u00edtulo:\t\t\t\t\t   <\/strong>Plasma Accelerator with Modulated Thrust <br \/><strong>Situacion: \t\t\t\t   <\/strong>Concedida<\/p>\n<h5>PA\u00cdSES<\/h5>\n<p><strong>Pa\u00eds: <\/strong>EEUU<br \/><strong>N\u00famero de solicitud: <\/strong>US15\/769,251; US10172227(B2) <br \/><strong>Titulo: <\/strong>Plasma accelerator with modulated thrust<br \/><strong>Situaci\u00f3n: <\/strong>Concedida<br \/><strong>Pa\u00eds: <\/strong>ALEMANIA<br \/><strong>Situaci\u00f3n: <\/strong>Concedida<br \/><strong>Pa\u00eds: <\/strong>ITALIA<br \/><strong>N\u00famero de solicitud: <\/strong>EP3369294<br \/><strong>Titulo: <\/strong>ACCELERATORE AL PLASMA CON SPINTA MODULATA E<br \/>\nVEICOLO SPAZIALE CON LO STESSO<br \/><strong>Situaci\u00f3n: <\/strong>Concedida<br \/><strong>Pa\u00eds: <\/strong>REINO UNIDO<br \/><strong>Situaci\u00f3n: <\/strong>Concedida<br \/><strong>Pa\u00eds: <\/strong>ESPA\u00d1A<br \/><strong>N\u00famero de solicitud: <\/strong>E15790868<br \/><strong>Titulo: <\/strong>Acelerador de plasma con empuje modulado y veh\u00edculo espacial con el mismo<br \/><strong>Situaci\u00f3n: <\/strong>Concedida<br \/><strong>Pa\u00eds: <\/strong>FRANCIA<br \/><strong>N\u00famero de solicitud: <\/strong>EP3369294<br \/><strong>Situaci\u00f3n: <\/strong>Concedida<\/p>\n<div class=\"pdfprnt-buttons pdfprnt-buttons-product pdfprnt-bottom-left\"><a href=\"https:\/\/www.upm.es\/recursosidi\/wp-json\/wp\/v2\/product\/8698?print=pdf\" class=\"pdfprnt-button pdfprnt-button-pdf\" target=\"_blank\"><span class=\"pdfprnt-button-title pdfprnt-button-pdf-title\">Descargar ficha<\/span><\/a><\/div>","protected":false},"excerpt":{"rendered":"<p>Descripci\u00f3n de la patente La invenci\u00f3n se encuentra en el campo de los dispositivos electrost\u00e1ticos de propulsi\u00f3n donde del gas empleado como combustible es introducido&hellip;<\/p>\n","protected":false},"featured_media":0,"template":"","meta":{"_acf_changed":false},"product_cat":[3946],"product_tag":[],"comunidades-upm":[],"quien":[],"mapa":[],"disponibilidad":[],"donde":[{"term_id":278,"name":"Fusi\u00f3n Inercial y F\u00edsica de Plasmas","slug":"fusion-inercial-y-fisica-de-plasmas","term_group":0,"term_taxonomy_id":278,"taxonomy":"donde","description":"","parent":0,"count":1,"filter":"raw","term_order":"0"}],"infraestructura":[],"ods":[],"origen":[{"term_id":180,"name":"Patente","slug":"patente","term_group":0,"term_taxonomy_id":180,"taxonomy":"origen","description":"","parent":0,"count":614,"filter":"raw","term_order":"0"}],"familia_tax":false,"quien_tax":false,"donde_tax":false,"year":"","contacto":"<strong>Principales: <\/strong><ul><li>JOSE MANUEL DONOSO VARGAS <blockquote><strong>josemanuel.donoso@upm.es<\/strong><\/blockquote><\/li><li>LUIS CONDE LOPEZ <blockquote><strong>luis.conde@upm.es<\/strong><\/blockquote><\/li><li>JUAN LUIS DOMENECH GARRET <blockquote><strong>domenech.garret@upm.es<\/strong><\/blockquote><\/li><li>EZEQUIEL DEL RIO FERNANDEZ <blockquote><strong>ezequiel.delrio@upm.es<\/strong><\/blockquote><\/li><\/ul><strong>Otros inventores: <\/strong><ul><li>Miguel \u00c1ngelCastillo Acero AERNNOVA AEROSPACE SAU<\/li> <\/ul>","telefono":"","pagina_web":"","email":"","id_ficha_portal":"1018","video":"","adjuntos":false,"adjuntos_portal":"","inf":false,"departamento":"","acf":[],"lang":"es","translation":{"es":8698},"_links":{"self":[{"href":"https:\/\/www.upm.es\/recursosidi\/wp-json\/wp\/v2\/product\/8698"}],"collection":[{"href":"https:\/\/www.upm.es\/recursosidi\/wp-json\/wp\/v2\/product"}],"about":[{"href":"https:\/\/www.upm.es\/recursosidi\/wp-json\/wp\/v2\/types\/product"}],"wp:attachment":[{"href":"https:\/\/www.upm.es\/recursosidi\/wp-json\/wp\/v2\/media?parent=8698"}],"wp:term":[{"taxonomy":"product_cat","embeddable":true,"href":"https:\/\/www.upm.es\/recursosidi\/wp-json\/wp\/v2\/product_cat?post=8698"},{"taxonomy":"product_tag","embeddable":true,"href":"https:\/\/www.upm.es\/recursosidi\/wp-json\/wp\/v2\/product_tag?post=8698"},{"taxonomy":"comunidad_upm","embeddable":true,"href":"https:\/\/www.upm.es\/recursosidi\/wp-json\/wp\/v2\/comunidades-upm?post=8698"},{"taxonomy":"quien","embeddable":true,"href":"https:\/\/www.upm.es\/recursosidi\/wp-json\/wp\/v2\/quien?post=8698"},{"taxonomy":"mapa","embeddable":true,"href":"https:\/\/www.upm.es\/recursosidi\/wp-json\/wp\/v2\/mapa?post=8698"},{"taxonomy":"disponibilidad","embeddable":true,"href":"https:\/\/www.upm.es\/recursosidi\/wp-json\/wp\/v2\/disponibilidad?post=8698"},{"taxonomy":"donde","embeddable":true,"href":"https:\/\/www.upm.es\/recursosidi\/wp-json\/wp\/v2\/donde?post=8698"},{"taxonomy":"infraestructura","embeddable":true,"href":"https:\/\/www.upm.es\/recursosidi\/wp-json\/wp\/v2\/infraestructura?post=8698"},{"taxonomy":"ods","embeddable":true,"href":"https:\/\/www.upm.es\/recursosidi\/wp-json\/wp\/v2\/ods?post=8698"},{"taxonomy":"origen","embeddable":true,"href":"https:\/\/www.upm.es\/recursosidi\/wp-json\/wp\/v2\/origen?post=8698"}],"curies":[{"name":"wp","href":"https:\/\/api.w.org\/{rel}","templated":true}]}}