{"id":8701,"date":"2021-11-25T14:18:23","date_gmt":"2021-11-25T13:18:23","guid":{"rendered":"https:\/\/www.upm.es\/recursosidi\/offers-resources\/sin categor\u00eda\/dispositivo-modular-plegable-para-el-aislamiento-electromagnetico-durante-el-diagnostico-y-o-tratamiento-clinico-con-senales-de-baja-intensidad\/"},"modified":"2022-08-10T02:17:41","modified_gmt":"2022-08-10T00:17:41","slug":"dispositivo-modular-plegable-para-el-aislamiento-electromagnetico-durante-el-diagnostico-y-o-tratamiento-clinico-con-senales-de-baja-intensidad","status":"publish","type":"product","link":"https:\/\/www.upm.es\/recursosidi\/offers-resources\/patentes\/dispositivo-modular-plegable-para-el-aislamiento-electromagnetico-durante-el-diagnostico-y-o-tratamiento-clinico-con-senales-de-baja-intensidad\/","title":{"rendered":"Dispositivo modular plegable para el aislamiento electromagn\u00e9tico durante el diagn\u00f3stico y\/o tratamiento cl\u00ednico con se\u00f1ales de baja intensidad"},"content":{"rendered":"<h5>Descripci\u00f3n de la patente <\/h5>\n<p>El objeto de la presente invenci\u00f3n consiste en proporcionar un dispositivo modular capaz de servir como aislamiento o apantallamiento para se\u00f1ales electromagn\u00e9ticas y se\u00f1ales de baja frecuencia, con el fin de facilitar el registro y aplicaci\u00f3n de tratamientos diagn\u00f3sticos y\/o terap\u00e9uticos que utilicen este tipo de se\u00f1ales.<\/p>\n<h5>Situaci\u00f3n <\/h5>\n<p>Concedida<\/p>\n<h5>N\u00famero de solicitud<\/h5>\n<p>U201730337<\/p>\n<h5>N\u00famero de publicaci\u00f3n<\/h5>\n<p>ES1180686<\/p>\n<h5>Fecha de presentaci\u00f3n <\/h5>\n<p>08\/10\/2015<\/p>\n<h5>Fecha de publicaci\u00f3n <\/h5>\n<p>17\/04\/2017<\/p>\n<h5>Fecha de concesi\u00f3n <\/h5>\n<p>10\/07\/2017<\/p>\n<div class=\"pdfprnt-buttons pdfprnt-buttons-product pdfprnt-bottom-left\"><a href=\"https:\/\/www.upm.es\/recursosidi\/wp-json\/wp\/v2\/product\/8701?print=pdf\" class=\"pdfprnt-button pdfprnt-button-pdf\" target=\"_blank\"><span class=\"pdfprnt-button-title pdfprnt-button-pdf-title\">Descargar ficha<\/span><\/a><\/div>","protected":false},"excerpt":{"rendered":"<p>Descripci\u00f3n de la patente El objeto de la presente invenci\u00f3n consiste en proporcionar un dispositivo modular capaz de servir como aislamiento o apantallamiento para se\u00f1ales&hellip;<\/p>\n","protected":false},"featured_media":0,"template":"","meta":{"_acf_changed":false},"product_cat":[3946],"product_tag":[],"comunidades-upm":[],"quien":[],"mapa":[],"disponibilidad":[],"donde":[{"term_id":556,"name":"Centro de Tecnolog\u00eda Biom\u00e9dica (CTB)","slug":"centro-de-tecnologia-biomedica-ctb","term_group":0,"term_taxonomy_id":556,"taxonomy":"donde","description":"","parent":0,"count":84,"filter":"raw","term_order":"0"},{"term_id":620,"name":"Tecnolog\u00edas para Ciencias de la Salud","slug":"tecnologias-para-ciencias-de-la-salud","term_group":0,"term_taxonomy_id":620,"taxonomy":"donde","description":"","parent":0,"count":21,"filter":"raw","term_order":"0"}],"infraestructura":[],"ods":[],"origen":[{"term_id":180,"name":"Patente","slug":"patente","term_group":0,"term_taxonomy_id":180,"taxonomy":"origen","description":"","parent":0,"count":614,"filter":"raw","term_order":"0"}],"familia_tax":false,"quien_tax":false,"donde_tax":false,"year":"","contacto":"<strong>Principales: <\/strong><ul><li>CEFERINO MAESTU UNTURBE <blockquote><strong>ceferino.maestu@upm.es<\/strong><\/blockquote><\/li><li>NAZARIO FELIX GONZALEZ <blockquote><strong>n.felix@upm.es<\/strong><\/blockquote><\/li><\/ul>","telefono":"","pagina_web":"","email":"","id_ficha_portal":"1033","video":"","adjuntos":false,"adjuntos_portal":"https:\/\/www.upm.es\/S2i\/Acuse\/recuperarArchivo.jsp?id=1033&id_archivo=7857&tipo=patente&extension=fichero ","inf":false,"departamento":"","acf":[],"lang":"es","translation":{"es":8701},"_links":{"self":[{"href":"https:\/\/www.upm.es\/recursosidi\/wp-json\/wp\/v2\/product\/8701"}],"collection":[{"href":"https:\/\/www.upm.es\/recursosidi\/wp-json\/wp\/v2\/product"}],"about":[{"href":"https:\/\/www.upm.es\/recursosidi\/wp-json\/wp\/v2\/types\/product"}],"wp:attachment":[{"href":"https:\/\/www.upm.es\/recursosidi\/wp-json\/wp\/v2\/media?parent=8701"}],"wp:term":[{"taxonomy":"product_cat","embeddable":true,"href":"https:\/\/www.upm.es\/recursosidi\/wp-json\/wp\/v2\/product_cat?post=8701"},{"taxonomy":"product_tag","embeddable":true,"href":"https:\/\/www.upm.es\/recursosidi\/wp-json\/wp\/v2\/product_tag?post=8701"},{"taxonomy":"comunidad_upm","embeddable":true,"href":"https:\/\/www.upm.es\/recursosidi\/wp-json\/wp\/v2\/comunidades-upm?post=8701"},{"taxonomy":"quien","embeddable":true,"href":"https:\/\/www.upm.es\/recursosidi\/wp-json\/wp\/v2\/quien?post=8701"},{"taxonomy":"mapa","embeddable":true,"href":"https:\/\/www.upm.es\/recursosidi\/wp-json\/wp\/v2\/mapa?post=8701"},{"taxonomy":"disponibilidad","embeddable":true,"href":"https:\/\/www.upm.es\/recursosidi\/wp-json\/wp\/v2\/disponibilidad?post=8701"},{"taxonomy":"donde","embeddable":true,"href":"https:\/\/www.upm.es\/recursosidi\/wp-json\/wp\/v2\/donde?post=8701"},{"taxonomy":"infraestructura","embeddable":true,"href":"https:\/\/www.upm.es\/recursosidi\/wp-json\/wp\/v2\/infraestructura?post=8701"},{"taxonomy":"ods","embeddable":true,"href":"https:\/\/www.upm.es\/recursosidi\/wp-json\/wp\/v2\/ods?post=8701"},{"taxonomy":"origen","embeddable":true,"href":"https:\/\/www.upm.es\/recursosidi\/wp-json\/wp\/v2\/origen?post=8701"}],"curies":[{"name":"wp","href":"https:\/\/api.w.org\/{rel}","templated":true}]}}