{"id":8702,"date":"2021-11-25T14:18:26","date_gmt":"2021-11-25T13:18:26","guid":{"rendered":"https:\/\/www.upm.es\/recursosidi\/offers-resources\/sin categor\u00eda\/sensor-dispositivo-y-procedimiento-para-la-determinacion-de-la-concentracion-de-solutos-en-disoluciones\/"},"modified":"2022-08-10T02:17:44","modified_gmt":"2022-08-10T00:17:44","slug":"sensor-dispositivo-y-procedimiento-para-la-determinacion-de-la-concentracion-de-solutos-en-disoluciones","status":"publish","type":"product","link":"https:\/\/www.upm.es\/recursosidi\/offers-resources\/patentes\/sensor-dispositivo-y-procedimiento-para-la-determinacion-de-la-concentracion-de-solutos-en-disoluciones\/","title":{"rendered":"Sensor, dispositivo y procedimiento para la determinaci\u00f3n de la concentraci\u00f3n de solutos en disoluciones"},"content":{"rendered":"<h5>Descripci\u00f3n de la patente <\/h5>\n<p>En este documento se describe un sensor, un aparato y procedimiento que permite un an\u00e1lisis<br \/>\ndirecto de fluidos para determinar cantidades de solutos en disoluciones. Para ello se puede<br \/>\nhacer uso de transductores con estructuras monocapa o multicapa (como puede ser una<br \/>\nestructura fot\u00f3nica planar en forma de microcavidad de Bragg) porosa birrefringente. El<br \/>\nprocedimiento de la invenci\u00f3n presenta dos posibles configuraciones; una primera<br \/>\nconfiguraci\u00f3n en la cual se tiene un sensor que es cristal fot\u00f3nico en una estructura<br \/>\nmicroflu\u00eddica que comprende dos ventanas transparentes, llev\u00e1ndose a cabo la toma de datos<br \/>\nen modo de transmisi\u00f3n, y una segunda configuraci\u00f3n en las cual el cristal fot\u00f3nico que act\u00faa<br \/>\ncomo sensor se encuentra ubicado en un extremo de una fibra \u00f3ptica, procedi\u00e9ndose a la toma<br \/>\nde datos en el modo de reflexi\u00f3n.<\/p>\n<h5>N\u00famero de solicitud<\/h5>\n<p>P201531540<\/p>\n<h5>N\u00famero de publicaci\u00f3n<\/h5>\n<p>ES2612340<\/p>\n<h5>Fecha de presentaci\u00f3n <\/h5>\n<p>27\/10\/2015<\/p>\n<h5>Fecha de publicaci\u00f3n <\/h5>\n<p>16\/05\/2017<\/p>\n<h5>Fecha de concesi\u00f3n <\/h5>\n<p>02\/03\/2018<\/p>\n<div class=\"pdfprnt-buttons pdfprnt-buttons-product pdfprnt-bottom-left\"><a href=\"https:\/\/www.upm.es\/recursosidi\/wp-json\/wp\/v2\/product\/8702?print=pdf\" class=\"pdfprnt-button pdfprnt-button-pdf\" target=\"_blank\"><span class=\"pdfprnt-button-title pdfprnt-button-pdf-title\">Descargar ficha<\/span><\/a><\/div>","protected":false},"excerpt":{"rendered":"<p>Descripci\u00f3n de la patente En este documento se describe un sensor, un aparato y procedimiento que permite un an\u00e1lisis directo de fluidos para determinar cantidades&hellip;<\/p>\n","protected":false},"featured_media":0,"template":"","meta":{"_acf_changed":false},"product_cat":[3946],"product_tag":[],"comunidades-upm":[],"quien":[],"mapa":[],"disponibilidad":[],"donde":[{"term_id":556,"name":"Centro de Tecnolog\u00eda Biom\u00e9dica (CTB)","slug":"centro-de-tecnologia-biomedica-ctb","term_group":0,"term_taxonomy_id":556,"taxonomy":"donde","description":"","parent":0,"count":84,"filter":"raw","term_order":"0"},{"term_id":652,"name":"Grupo de \u00d3ptica F\u00f3tonica y Biofot\u00f3nica (GOFB)","slug":"grupo-de-optica-fotonica-y-biofotonica-gofb","term_group":0,"term_taxonomy_id":652,"taxonomy":"donde","description":"Nuestro objetivo principal es investigar y desarrollar sistemas &oacute;pticos y fot&oacute;nicos para aplicaciones biol&oacute;gicas y opto-qu&iacute;micas como puedan ser sistemas <em>Point-of-Care <\/em>para diagn&oacute;stico <em>In-Vitro<\/em>, sistemas para an&aacute;lisis y diagn&oacute;stico el l&iacute;quidos, chips y micro-chips para sistemas de detecci&oacute;n y para aplicaciones <em>body-on-a-chip.<\/em> Para alcanzar este objetivo nos centramos en diversas &aacute;reas de investigaci&oacute;n:\n&nbsp;\n\nSimulaci&oacute;n de estructuras micro y nano fot&oacute;nicas\nMicro-nano fabricaci&oacute;n de transductores&nbsp; en chips y biochips\nCaracterizaci&oacute;n &oacute;ptica avanzada de transductores\nDesarrollo de sistemas &oacute;ptica avanzados\nMicro y nano flu&iacute;dica\nFuncionalizaci&oacute;n y biofuncionalizaci&oacute;n de superficies\nInmunoensayos y bioqu&iacute;mica\n","parent":0,"count":15,"filter":"raw","term_order":"0"}],"infraestructura":[],"ods":[],"origen":[{"term_id":180,"name":"Patente","slug":"patente","term_group":0,"term_taxonomy_id":180,"taxonomy":"origen","description":"","parent":0,"count":614,"filter":"raw","term_order":"0"}],"familia_tax":false,"quien_tax":false,"donde_tax":false,"year":"","contacto":"<strong>Principales: <\/strong><ul><li>MIGUEL HOLGADO BOLA\u00d1OS <blockquote><strong>m.holgado@upm.es<\/strong><\/blockquote><\/li><\/ul><strong>Otros inventores: <\/strong><ul><li>Jos\u00e9 Luis Fern\u00e1ndez Ledesma <blockquote><strong>luisf@unizar.es<\/strong><\/blockquote> UNIZAR - Universidad de Zaragoza<\/li> <li>ManuelOliva Ram\u00edrez <blockquote><strong>manuel.oliva@icmse.csic.es<\/strong><\/blockquote> CSIC - Consejo Superior de Investigaciones Cient\u00edficas<\/li> <li>FranciscoYubero Valencia <blockquote><strong>yubero@icmse.csic.es<\/strong><\/blockquote> CSIC - Consejo Superior de Investigaciones Cient\u00edficas<\/li> <li>\u00c1ngelBarranco Quero <blockquote><strong>angelbar@icmse.csic.es<\/strong><\/blockquote> CSIC - Consejo Superior de Investigaciones Cient\u00edficas<\/li> <li>Agust\u00edn Rodr\u00edguez Gonz\u00e1lez-Elipe <blockquote><strong>arge@icmse.csic.es<\/strong><\/blockquote> CSIC - Consejo Superior de Investigaciones Cient\u00edficas<\/li> <\/ul>","telefono":"","pagina_web":"","email":"","id_ficha_portal":"1029","video":"","adjuntos":false,"adjuntos_portal":"","inf":false,"departamento":"","acf":[],"lang":"es","translation":{"es":8702},"_links":{"self":[{"href":"https:\/\/www.upm.es\/recursosidi\/wp-json\/wp\/v2\/product\/8702"}],"collection":[{"href":"https:\/\/www.upm.es\/recursosidi\/wp-json\/wp\/v2\/product"}],"about":[{"href":"https:\/\/www.upm.es\/recursosidi\/wp-json\/wp\/v2\/types\/product"}],"wp:attachment":[{"href":"https:\/\/www.upm.es\/recursosidi\/wp-json\/wp\/v2\/media?parent=8702"}],"wp:term":[{"taxonomy":"product_cat","embeddable":true,"href":"https:\/\/www.upm.es\/recursosidi\/wp-json\/wp\/v2\/product_cat?post=8702"},{"taxonomy":"product_tag","embeddable":true,"href":"https:\/\/www.upm.es\/recursosidi\/wp-json\/wp\/v2\/product_tag?post=8702"},{"taxonomy":"comunidad_upm","embeddable":true,"href":"https:\/\/www.upm.es\/recursosidi\/wp-json\/wp\/v2\/comunidades-upm?post=8702"},{"taxonomy":"quien","embeddable":true,"href":"https:\/\/www.upm.es\/recursosidi\/wp-json\/wp\/v2\/quien?post=8702"},{"taxonomy":"mapa","embeddable":true,"href":"https:\/\/www.upm.es\/recursosidi\/wp-json\/wp\/v2\/mapa?post=8702"},{"taxonomy":"disponibilidad","embeddable":true,"href":"https:\/\/www.upm.es\/recursosidi\/wp-json\/wp\/v2\/disponibilidad?post=8702"},{"taxonomy":"donde","embeddable":true,"href":"https:\/\/www.upm.es\/recursosidi\/wp-json\/wp\/v2\/donde?post=8702"},{"taxonomy":"infraestructura","embeddable":true,"href":"https:\/\/www.upm.es\/recursosidi\/wp-json\/wp\/v2\/infraestructura?post=8702"},{"taxonomy":"ods","embeddable":true,"href":"https:\/\/www.upm.es\/recursosidi\/wp-json\/wp\/v2\/ods?post=8702"},{"taxonomy":"origen","embeddable":true,"href":"https:\/\/www.upm.es\/recursosidi\/wp-json\/wp\/v2\/origen?post=8702"}],"curies":[{"name":"wp","href":"https:\/\/api.w.org\/{rel}","templated":true}]}}