{"id":8704,"date":"2021-11-25T14:18:30","date_gmt":"2021-11-25T13:18:30","guid":{"rendered":"https:\/\/www.upm.es\/recursosidi\/offers-resources\/sin categor\u00eda\/sistema-de-estabilizacion-de-tension-de-alta-precision-y-alto-rendimiento\/"},"modified":"2022-08-10T02:17:51","modified_gmt":"2022-08-10T00:17:51","slug":"sistema-de-estabilizacion-de-tension-de-alta-precision-y-alto-rendimiento","status":"publish","type":"product","link":"https:\/\/www.upm.es\/recursosidi\/offers-resources\/patentes\/sistema-de-estabilizacion-de-tension-de-alta-precision-y-alto-rendimiento\/","title":{"rendered":"Sistema de estabilizaci\u00f3n de tensi\u00f3n de alta precisi\u00f3n y alto rendimiento"},"content":{"rendered":"<h5>Descripci\u00f3n de la patente <\/h5>\n<p>Sistema de estabilizaci\u00f3n de tensi\u00f3n de alta precisi\u00f3n basado en un autotransformador regulable con toma media y con un dispositivo de regulaci\u00f3n. La tensi\u00f3n de salida del autotransformador alimenta a un transformador.<\/p>\n<p>Y, por \u00faltimo, la tensi\u00f3n de salida del transformador se suma a la tensi\u00f3n de la red, obteniendo una tensi\u00f3n de salida estabilizada. Adicionalmente existe un sistema de control, que modifica la tensi\u00f3n de salida del estabilizador compar\u00e1ndola con una consigna determinada.<\/p>\n<h5>N\u00famero de solicitud<\/h5>\n<p>P201531892<\/p>\n<h5>N\u00famero de publicaci\u00f3n<\/h5>\n<p>ES2581866<\/p>\n<h5>Fecha de presentaci\u00f3n <\/h5>\n<p>23\/12\/2015<\/p>\n<h5>Fecha de publicaci\u00f3n <\/h5>\n<p>07\/09\/2016<\/p>\n<div class=\"pdfprnt-buttons pdfprnt-buttons-product pdfprnt-bottom-left\"><a href=\"https:\/\/www.upm.es\/recursosidi\/wp-json\/wp\/v2\/product\/8704?print=pdf\" class=\"pdfprnt-button pdfprnt-button-pdf\" target=\"_blank\"><span class=\"pdfprnt-button-title pdfprnt-button-pdf-title\">Descargar ficha<\/span><\/a><\/div>","protected":false},"excerpt":{"rendered":"<p>Descripci\u00f3n de la patente Sistema de estabilizaci\u00f3n de tensi\u00f3n de alta precisi\u00f3n basado en un autotransformador regulable con toma media y con un dispositivo de&hellip;<\/p>\n","protected":false},"featured_media":0,"template":"","meta":{"_acf_changed":false},"product_cat":[3946],"product_tag":[],"comunidades-upm":[],"quien":[],"mapa":[],"disponibilidad":[],"donde":[{"term_id":374,"name":"Generaci\u00f3n el\u00e9ctrica con energ\u00eda e\u00f3lica","slug":"generacion-electrica-con-energia-eolica","term_group":0,"term_taxonomy_id":374,"taxonomy":"donde","description":"","parent":0,"count":70,"filter":"raw","term_order":"0"},{"term_id":390,"name":"Thermal Energy for Sustainability","slug":"thermal-energy-for-sustainability","term_group":0,"term_taxonomy_id":390,"taxonomy":"donde","description":"","parent":0,"count":57,"filter":"raw","term_order":"0"}],"infraestructura":[],"ods":[],"origen":[{"term_id":180,"name":"Patente","slug":"patente","term_group":0,"term_taxonomy_id":180,"taxonomy":"origen","description":"","parent":0,"count":614,"filter":"raw","term_order":"0"}],"familia_tax":false,"quien_tax":false,"donde_tax":false,"year":"","contacto":"<strong>Principales: <\/strong><ul><li>MARCOS LAFOZ PASTOR <blockquote><strong>marcos.lafoz@upm.es<\/strong><\/blockquote><\/li><li>JOSE ANTONIO FERNANDEZ BENITEZ <blockquote><strong>ja.fbenitez@upm.es<\/strong><\/blockquote><\/li><li>DAVID TALAVERA MIGUEL <blockquote><strong>david.talavera@upm.es<\/strong><\/blockquote><\/li><li>CARLOS ANTONIO PLATERO GAONA <blockquote><strong>carlosantonio.platero@upm.es<\/strong><\/blockquote><\/li><\/ul>","telefono":"","pagina_web":"","email":"","id_ficha_portal":"1156","video":"","adjuntos":false,"adjuntos_portal":"","inf":false,"departamento":"","acf":[],"lang":"es","translation":{"es":8704},"_links":{"self":[{"href":"https:\/\/www.upm.es\/recursosidi\/wp-json\/wp\/v2\/product\/8704"}],"collection":[{"href":"https:\/\/www.upm.es\/recursosidi\/wp-json\/wp\/v2\/product"}],"about":[{"href":"https:\/\/www.upm.es\/recursosidi\/wp-json\/wp\/v2\/types\/product"}],"wp:attachment":[{"href":"https:\/\/www.upm.es\/recursosidi\/wp-json\/wp\/v2\/media?parent=8704"}],"wp:term":[{"taxonomy":"product_cat","embeddable":true,"href":"https:\/\/www.upm.es\/recursosidi\/wp-json\/wp\/v2\/product_cat?post=8704"},{"taxonomy":"product_tag","embeddable":true,"href":"https:\/\/www.upm.es\/recursosidi\/wp-json\/wp\/v2\/product_tag?post=8704"},{"taxonomy":"comunidad_upm","embeddable":true,"href":"https:\/\/www.upm.es\/recursosidi\/wp-json\/wp\/v2\/comunidades-upm?post=8704"},{"taxonomy":"quien","embeddable":true,"href":"https:\/\/www.upm.es\/recursosidi\/wp-json\/wp\/v2\/quien?post=8704"},{"taxonomy":"mapa","embeddable":true,"href":"https:\/\/www.upm.es\/recursosidi\/wp-json\/wp\/v2\/mapa?post=8704"},{"taxonomy":"disponibilidad","embeddable":true,"href":"https:\/\/www.upm.es\/recursosidi\/wp-json\/wp\/v2\/disponibilidad?post=8704"},{"taxonomy":"donde","embeddable":true,"href":"https:\/\/www.upm.es\/recursosidi\/wp-json\/wp\/v2\/donde?post=8704"},{"taxonomy":"infraestructura","embeddable":true,"href":"https:\/\/www.upm.es\/recursosidi\/wp-json\/wp\/v2\/infraestructura?post=8704"},{"taxonomy":"ods","embeddable":true,"href":"https:\/\/www.upm.es\/recursosidi\/wp-json\/wp\/v2\/ods?post=8704"},{"taxonomy":"origen","embeddable":true,"href":"https:\/\/www.upm.es\/recursosidi\/wp-json\/wp\/v2\/origen?post=8704"}],"curies":[{"name":"wp","href":"https:\/\/api.w.org\/{rel}","templated":true}]}}