{"id":8709,"date":"2021-11-25T14:18:42","date_gmt":"2021-11-25T13:18:42","guid":{"rendered":"https:\/\/www.upm.es\/recursosidi\/offers-resources\/sin categor\u00eda\/metodo-de-medicion-de-esfuerzos-generados-en-el-contacto-entre-el-neumatico-y-la-calzada-mediante-la-instrumentacion-de-la-llanta\/"},"modified":"2022-08-10T02:18:05","modified_gmt":"2022-08-10T00:18:05","slug":"metodo-de-medicion-de-esfuerzos-generados-en-el-contacto-entre-el-neumatico-y-la-calzada-mediante-la-instrumentacion-de-la-llanta","status":"publish","type":"product","link":"https:\/\/www.upm.es\/recursosidi\/offers-resources\/patentes\/metodo-de-medicion-de-esfuerzos-generados-en-el-contacto-entre-el-neumatico-y-la-calzada-mediante-la-instrumentacion-de-la-llanta\/","title":{"rendered":"M\u00e9todo de medici\u00f3n de esfuerzos generados en el contacto entre el neum\u00e1tico y la calzada mediante la instrumentaci\u00f3n de la llanta"},"content":{"rendered":"<h5>Descripci\u00f3n de la patente <\/h5>\n<p>M\u00e9todo de medici\u00f3n de los esfuerzos generados en el contacto entre el neum\u00e1tico y la calzada a partir de las deformaciones medidas por sensores de deformaci\u00f3n distribuidos en dos circunferencias conc\u00e9ntricas con respecto al centro de la rueda. Dentro de cada<br \/>\ncircunferencia, se seleccionan al menos cuatro puntos espaciados \u00e1ngulos equidistantes entre s\u00ed, denominados puntos de medida. Se debe obtener una se\u00f1al por punto de medida, bien procedente de un sensor colocado directamente sobre dicho punto, o bien como resultado de la suma de las deformaciones medidas por dos sensores situados en puntos sim\u00e9tricos con respecto al plano que contiene al eje de la rueda y a la recta que une el centro de la rueda con el punto de medida. Las fuerzas y momentos en el contacto neum\u00e1tico-calzada se obtienen mediante la combinaci\u00f3n lineal de las se\u00f1ales de<br \/>\ndeformaci\u00f3n en los puntos de medida de la llanta con coeficientes que dependen de la posici\u00f3n angular de la rueda.<\/p>\n<h5>Situaci\u00f3n <\/h5>\n<p>Concedida<\/p>\n<h5>N\u00famero de solicitud<\/h5>\n<p>P201630032<\/p>\n<h5>N\u00famero de publicaci\u00f3n<\/h5>\n<p>ES2566048<\/p>\n<h5>Fecha de presentaci\u00f3n <\/h5>\n<p>15\/01\/2016<\/p>\n<h5>Fecha de concesi\u00f3n <\/h5>\n<p>13\/09\/2016<\/p>\n<div class=\"pdfprnt-buttons pdfprnt-buttons-product pdfprnt-bottom-left\"><a href=\"https:\/\/www.upm.es\/recursosidi\/wp-json\/wp\/v2\/product\/8709?print=pdf\" class=\"pdfprnt-button pdfprnt-button-pdf\" target=\"_blank\"><span class=\"pdfprnt-button-title pdfprnt-button-pdf-title\">Descargar ficha<\/span><\/a><\/div>","protected":false},"excerpt":{"rendered":"<p>Descripci\u00f3n de la patente M\u00e9todo de medici\u00f3n de los esfuerzos generados en el contacto entre el neum\u00e1tico y la calzada a partir de las deformaciones&hellip;<\/p>\n","protected":false},"featured_media":0,"template":"","meta":{"_acf_changed":false},"product_cat":[3946],"product_tag":[],"comunidades-upm":[],"quien":[],"mapa":[],"disponibilidad":[],"donde":[{"term_id":240,"name":"Instituto Universitario de Investigaci\u00f3n del Autom\u00f3vil (INSIA)","slug":"instituto-universitario-de-investigacion-del-automovil-insia","term_group":0,"term_taxonomy_id":240,"taxonomy":"donde","description":"","parent":0,"count":18,"filter":"raw","term_order":"0"}],"infraestructura":[],"ods":[],"origen":[{"term_id":180,"name":"Patente","slug":"patente","term_group":0,"term_taxonomy_id":180,"taxonomy":"origen","description":"","parent":0,"count":614,"filter":"raw","term_order":"0"}],"familia_tax":false,"quien_tax":false,"donde_tax":false,"year":"","contacto":"<strong>Principales: <\/strong><ul><li>FRANCISCO JAVIER GARCIA DE JALON DE LA FUENTE <blockquote><strong>javier.garciadejalon@upm.es<\/strong><\/blockquote><\/li><li>Maria Dolores Gutierrez Lopez <blockquote><strong>md.gutierrez@upm.es<\/strong><\/blockquote><\/li><\/ul>","telefono":"","pagina_web":"","email":"","id_ficha_portal":"1160","video":"","adjuntos":false,"adjuntos_portal":"https:\/\/www.upm.es\/S2i\/Acuse\/recuperarArchivo.jsp?id=1160&id_archivo=6673&tipo=patente&extension=fichero ","inf":false,"departamento":"","acf":[],"lang":"es","translation":{"es":8709},"_links":{"self":[{"href":"https:\/\/www.upm.es\/recursosidi\/wp-json\/wp\/v2\/product\/8709"}],"collection":[{"href":"https:\/\/www.upm.es\/recursosidi\/wp-json\/wp\/v2\/product"}],"about":[{"href":"https:\/\/www.upm.es\/recursosidi\/wp-json\/wp\/v2\/types\/product"}],"wp:attachment":[{"href":"https:\/\/www.upm.es\/recursosidi\/wp-json\/wp\/v2\/media?parent=8709"}],"wp:term":[{"taxonomy":"product_cat","embeddable":true,"href":"https:\/\/www.upm.es\/recursosidi\/wp-json\/wp\/v2\/product_cat?post=8709"},{"taxonomy":"product_tag","embeddable":true,"href":"https:\/\/www.upm.es\/recursosidi\/wp-json\/wp\/v2\/product_tag?post=8709"},{"taxonomy":"comunidad_upm","embeddable":true,"href":"https:\/\/www.upm.es\/recursosidi\/wp-json\/wp\/v2\/comunidades-upm?post=8709"},{"taxonomy":"quien","embeddable":true,"href":"https:\/\/www.upm.es\/recursosidi\/wp-json\/wp\/v2\/quien?post=8709"},{"taxonomy":"mapa","embeddable":true,"href":"https:\/\/www.upm.es\/recursosidi\/wp-json\/wp\/v2\/mapa?post=8709"},{"taxonomy":"disponibilidad","embeddable":true,"href":"https:\/\/www.upm.es\/recursosidi\/wp-json\/wp\/v2\/disponibilidad?post=8709"},{"taxonomy":"donde","embeddable":true,"href":"https:\/\/www.upm.es\/recursosidi\/wp-json\/wp\/v2\/donde?post=8709"},{"taxonomy":"infraestructura","embeddable":true,"href":"https:\/\/www.upm.es\/recursosidi\/wp-json\/wp\/v2\/infraestructura?post=8709"},{"taxonomy":"ods","embeddable":true,"href":"https:\/\/www.upm.es\/recursosidi\/wp-json\/wp\/v2\/ods?post=8709"},{"taxonomy":"origen","embeddable":true,"href":"https:\/\/www.upm.es\/recursosidi\/wp-json\/wp\/v2\/origen?post=8709"}],"curies":[{"name":"wp","href":"https:\/\/api.w.org\/{rel}","templated":true}]}}