{"id":8710,"date":"2021-11-25T14:18:44","date_gmt":"2021-11-25T13:18:44","guid":{"rendered":"https:\/\/www.upm.es\/recursosidi\/offers-resources\/sin%20categor\u00eda\/sistema-de-propulsion-en-orbita-por-medio-de-cables-conductores-flotantes\/"},"modified":"2022-08-10T02:18:08","modified_gmt":"2022-08-10T00:18:08","slug":"sistema-de-propulsion-en-orbita-por-medio-de-cables-conductores-flotantes","status":"publish","type":"product","link":"https:\/\/www.upm.es\/recursosidi\/offers-resources\/patentes\/sistema-de-propulsion-en-orbita-por-medio-de-cables-conductores-flotantes\/","title":{"rendered":"Sistema de propulsi\u00f3n en \u00f3rbita por medio de cables conductores flotantes"},"content":{"rendered":"<h5>Descripci\u00f3n de la patente <\/h5>\n<p>El sistema de propulsi\u00f3n en \u00f3rbita por medio de cables conductores flotantes embarcado en un veh\u00edculo espacial comprende dos conjuntos de cables conductores electrodin\u00e1micos<br \/>\nconectados respectivamente a cada uno de los dos polos de una fuente generadora de potencia el\u00e9ctrica, y en donde cada conjunto est\u00e1 formado por al menos un cable conductor.<br \/>\nEn presencia de un plasma y un campo magn\u00e9tico, como es el caso de un sat\u00e9lite orbitando en la ionosfera terrestre, una corriente el\u00e9ctrica fluye de forma natural a lo largo de los cables conductores. Como resultado de la interacci\u00f3n del campo<br \/>\nmagn\u00e9tico con dicha corriente, se genera una fuerza de Lorentz sobre los cables. Dicha fuerza se puede utilizar para controlar la \u00f3rbita del veh\u00edculo espacial y puede ser variada, en sentido y magnitud, por medio de la fuente generadora de potencia el\u00e9ctrica que permite modificar la intensidad y sentido de la corriente a lo largo de los cables. La eficiencia del sistema depender\u00e1 del ambiente espacial, de la velocidad del sat\u00e9lite relativa al plasma, y de las propiedades y dise\u00f1o de los cables (longitud, secci\u00f3n y material). El sistema se podr\u00e1 optimizar aislando parcialmente los cables a lo largo de su longitud y empleando materiales que favorezcan la emisi\u00f3n de electrones por efecto termi\u00f3nico o fotoel\u00e9ctrico. Dichos materiales se utilizar\u00e1n en la composici\u00f3n de los cables o para revestir su superficie a lo largo de su extensi\u00f3n completa o de partes de ella. A diferencia de los sistemas de propulsi\u00f3n convencionales, como<br \/>\ncohetes qu\u00edmicos o el\u00e9ctricos, o los cables electrodin\u00e1micos propuestos hasta la fecha, el sistema propuesto no requiere ni propulsante ni expelante.<\/p>\n<h5>Situaci\u00f3n <\/h5>\n<p>Concedida<\/p>\n<h5>N\u00famero de solicitud<\/h5>\n<p>P201531649<\/p>\n<h5>N\u00famero de publicaci\u00f3n<\/h5>\n<p>ES2569540<\/p>\n<h5>Fecha de presentaci\u00f3n <\/h5>\n<p>13\/11\/2015<\/p>\n<h5>Fecha de publicaci\u00f3n <\/h5>\n<p>11\/05\/2016<\/p>\n<h5>Fecha de concesi\u00f3n <\/h5>\n<p>15\/02\/2017<\/p>\n<h4><strong>Extensiones Internacionales<\/strong><\/h4>\n<h5>EUROPA<\/h5>\n<p><strong>Referencia de la solicitud: <\/strong>EP16863722.1<br \/>\nEP3375714 A1<br \/><strong>T\u00edtulo:\t\t\t\t\t   <\/strong>SYSTEM FOR IN-ORBIT PROPULSION VIA FLOATING CONDUCTIVE TETHERS<br \/><strong>Situacion: \t\t\t\t   <\/strong>Concedida<\/p>\n<h5>PA\u00cdSES<\/h5>\n<p><strong>Pa\u00eds: <\/strong>FRANCIA<br \/><strong>Titulo: <\/strong>SYSTEME DE PROPULSION EN ORBITE AU MOYEN DE CABLES CONDUCTEURS FLOTTANTS<br \/><strong>Situaci\u00f3n: <\/strong>Concedida<br \/><strong>Pa\u00eds: <\/strong>ALEMANIA<br \/><strong>Situaci\u00f3n: <\/strong>Concedida<\/p>\n<div class=\"pdfprnt-buttons pdfprnt-buttons-product pdfprnt-bottom-left\"><a href=\"https:\/\/www.upm.es\/recursosidi\/wp-json\/wp\/v2\/product\/8710?print=pdf\" class=\"pdfprnt-button pdfprnt-button-pdf\" target=\"_blank\"><span class=\"pdfprnt-button-title pdfprnt-button-pdf-title\">Descargar ficha<\/span><\/a><\/div>","protected":false},"excerpt":{"rendered":"<p>Descripci\u00f3n de la patente El sistema de propulsi\u00f3n en \u00f3rbita por medio de cables conductores flotantes embarcado en un veh\u00edculo espacial comprende dos conjuntos de&hellip;<\/p>\n","protected":false},"featured_media":0,"template":"","meta":{"_acf_changed":false},"product_cat":[3946],"product_tag":[],"comunidades-upm":[],"quien":[],"mapa":[],"disponibilidad":[],"donde":[{"term_id":616,"name":"Din\u00e1mica Espacial (SDG-UPM)","slug":"dinamica-espacial-sdg-upm","term_group":0,"term_taxonomy_id":616,"taxonomy":"donde","description":"","parent":0,"count":9,"filter":"raw","term_order":"0"}],"infraestructura":[],"ods":[],"origen":[{"term_id":180,"name":"Patente","slug":"patente","term_group":0,"term_taxonomy_id":180,"taxonomy":"origen","description":"","parent":0,"count":614,"filter":"raw","term_order":"0"}],"familia_tax":false,"quien_tax":false,"donde_tax":false,"year":"","contacto":"<strong>Principales: <\/strong><ul><li>CLAUDIO BOMBARDELLI  <blockquote><strong>claudio.bombardelli@upm.es<\/strong><\/blockquote><\/li><\/ul><strong>Otros inventores: <\/strong><ul><li>GonzaloS\u00e1nchez Arriaga Fundaci\u00f3n Universidad Carlos III<\/li> <\/ul>","telefono":"","pagina_web":"","email":"","id_ficha_portal":"1147","video":"","adjuntos":false,"adjuntos_portal":"https:\/\/www.upm.es\/S2i\/Acuse\/recuperarArchivo.jsp?id=1147&id_archivo=7403&tipo=patente&extension=fichero ","inf":false,"departamento":"","acf":[],"lang":"es","translation":{"es":8710},"_links":{"self":[{"href":"https:\/\/www.upm.es\/recursosidi\/wp-json\/wp\/v2\/product\/8710"}],"collection":[{"href":"https:\/\/www.upm.es\/recursosidi\/wp-json\/wp\/v2\/product"}],"about":[{"href":"https:\/\/www.upm.es\/recursosidi\/wp-json\/wp\/v2\/types\/product"}],"wp:attachment":[{"href":"https:\/\/www.upm.es\/recursosidi\/wp-json\/wp\/v2\/media?parent=8710"}],"wp:term":[{"taxonomy":"product_cat","embeddable":true,"href":"https:\/\/www.upm.es\/recursosidi\/wp-json\/wp\/v2\/product_cat?post=8710"},{"taxonomy":"product_tag","embeddable":true,"href":"https:\/\/www.upm.es\/recursosidi\/wp-json\/wp\/v2\/product_tag?post=8710"},{"taxonomy":"comunidad_upm","embeddable":true,"href":"https:\/\/www.upm.es\/recursosidi\/wp-json\/wp\/v2\/comunidades-upm?post=8710"},{"taxonomy":"quien","embeddable":true,"href":"https:\/\/www.upm.es\/recursosidi\/wp-json\/wp\/v2\/quien?post=8710"},{"taxonomy":"mapa","embeddable":true,"href":"https:\/\/www.upm.es\/recursosidi\/wp-json\/wp\/v2\/mapa?post=8710"},{"taxonomy":"disponibilidad","embeddable":true,"href":"https:\/\/www.upm.es\/recursosidi\/wp-json\/wp\/v2\/disponibilidad?post=8710"},{"taxonomy":"donde","embeddable":true,"href":"https:\/\/www.upm.es\/recursosidi\/wp-json\/wp\/v2\/donde?post=8710"},{"taxonomy":"infraestructura","embeddable":true,"href":"https:\/\/www.upm.es\/recursosidi\/wp-json\/wp\/v2\/infraestructura?post=8710"},{"taxonomy":"ods","embeddable":true,"href":"https:\/\/www.upm.es\/recursosidi\/wp-json\/wp\/v2\/ods?post=8710"},{"taxonomy":"origen","embeddable":true,"href":"https:\/\/www.upm.es\/recursosidi\/wp-json\/wp\/v2\/origen?post=8710"}],"curies":[{"name":"wp","href":"https:\/\/api.w.org\/{rel}","templated":true}]}}