{"id":8711,"date":"2021-11-25T14:18:47","date_gmt":"2021-11-25T13:18:47","guid":{"rendered":"https:\/\/www.upm.es\/recursosidi\/offers-resources\/sin categor\u00eda\/dispositivo-captador-de-particulas-presentes-en-el-aire-de-caracter-portatil-y-autonomo\/"},"modified":"2022-08-10T02:18:11","modified_gmt":"2022-08-10T00:18:11","slug":"dispositivo-captador-de-particulas-presentes-en-el-aire-de-caracter-portatil-y-autonomo","status":"publish","type":"product","link":"https:\/\/www.upm.es\/recursosidi\/offers-resources\/patentes\/dispositivo-captador-de-particulas-presentes-en-el-aire-de-caracter-portatil-y-autonomo\/","title":{"rendered":"Dispositivo captador de part\u00edculas presentes en el aire de car\u00e1cter port\u00e1til y aut\u00f3nomo"},"content":{"rendered":"<h5>Descripci\u00f3n de la patente <\/h5>\n<p>Dispositivo captador de part\u00edculas presentes en el aire de funcionamiento port\u00e1til<br \/>\ny aut\u00f3nomo, el cual comprende un recipiente (1) que presenta una entrada (2) de<br \/>\naire desde el exterior hacia el interior del recipiente (1), y una salida (3) de aire<br \/>\ndesde el interior del recipiente (1) hacia el exterior; de forma que entre la entrada<br \/>\n(2) y salida (3) de aire, el recipiente (1) comprende, en su interior, un primer<br \/>\nm\u00f3dulo (7) de captaci\u00f3n de aire, el cual comprende a su vez: un primer medio de<br \/>\nfiltrado (4) del aire, que permite el paso de aire y part\u00edculas m\u00e1s peque\u00f1as que el<br \/>\ntama\u00f1o de poro; y un primer recept\u00e1culo que comprende, a su vez, una primera<br \/>\nplaca de retenci\u00f3n (5) recubierta de una sustancia crasa u otra superficie<br \/>\nadherente sobre su superficie mayor anterior, y configurada para recolectar al<br \/>\nmenos parte de las part\u00edculas presentes en el aire.<\/p>\n<h5>Situaci\u00f3n <\/h5>\n<p>Concedida<\/p>\n<h5>N\u00famero de solicitud<\/h5>\n<p>P201531836<\/p>\n<h5>N\u00famero de publicaci\u00f3n<\/h5>\n<p>ES2558792_A1<\/p>\n<h5>Fecha de presentaci\u00f3n <\/h5>\n<p>18\/12\/2015<\/p>\n<h5>Fecha de concesi\u00f3n <\/h5>\n<p>07\/12\/2016<\/p>\n<div class=\"pdfprnt-buttons pdfprnt-buttons-product pdfprnt-bottom-left\"><a href=\"https:\/\/www.upm.es\/recursosidi\/wp-json\/wp\/v2\/product\/8711?print=pdf\" class=\"pdfprnt-button pdfprnt-button-pdf\" target=\"_blank\"><span class=\"pdfprnt-button-title pdfprnt-button-pdf-title\">Descargar ficha<\/span><\/a><\/div>","protected":false},"excerpt":{"rendered":"<p>Descripci\u00f3n de la patente Dispositivo captador de part\u00edculas presentes en el aire de funcionamiento port\u00e1til y aut\u00f3nomo, el cual comprende un recipiente (1) que presenta&hellip;<\/p>\n","protected":false},"featured_media":0,"template":"","meta":{"_acf_changed":false},"product_cat":[3946],"product_tag":[],"comunidades-upm":[],"quien":[],"mapa":[],"disponibilidad":[],"donde":[{"term_id":392,"name":"Bioingenier\u00eda y Materiales (BIO-MAT)","slug":"bioingenieria-y-materiales-bio-mat","term_group":0,"term_taxonomy_id":392,"taxonomy":"donde","description":"En el <a href=\"http:\/\/www.upm.es\/observatorio\/vi\/index.jsp?pageac=grupo.jsp&amp;idGrupo=222\">Grupo de Bioingenier&iacute;a y Materiales (BIO-MAT)<\/a> desarrollamos nuestro trabajo en base a las siguientes l&iacute;neas de investigaci&oacute;n:\n&nbsp;\n\nBiopel&iacute;culas, Biodeterioro y Corrosi&oacute;n Microbiana\nBiodegradaci&oacute;n y Biorremediaci&oacute;n\nNanotecnolog&iacute;a de Pol&iacute;meros y Biopol&iacute;meros\nComportamiento de Materiales en Servicio\nSinterizados y Nuevos Materiales\nMicrobiolog&iacute;a Molecular y Biotecnolog&iacute;a\n","parent":0,"count":17,"filter":"raw","term_order":"0"}],"infraestructura":[],"ods":[],"origen":[{"term_id":180,"name":"Patente","slug":"patente","term_group":0,"term_taxonomy_id":180,"taxonomy":"origen","description":"","parent":0,"count":614,"filter":"raw","term_order":"0"}],"familia_tax":false,"quien_tax":false,"donde_tax":false,"year":"","contacto":"<strong>Principales: <\/strong><ul><li>ANDR\u00c9S NU\u00d1EZ HERN\u00c1NDEZ <blockquote><strong>andres.nunez@upm.es<\/strong><\/blockquote><\/li><li>ANA MARIA GARCIA RUIZ <blockquote><strong>ana.garcia.ruiz@upm.es<\/strong><\/blockquote><\/li><li>DIEGO ALEJANDRO MORENO GOMEZ <blockquote><strong>diego.moreno@upm.es<\/strong><\/blockquote><\/li><\/ul>","telefono":"","pagina_web":"","email":"","id_ficha_portal":"1165","video":"","adjuntos":false,"adjuntos_portal":"https:\/\/www.upm.es\/S2i\/Acuse\/recuperarArchivo.jsp?id=1165&id_archivo=7163&tipo=patente&extension=fichero ","inf":false,"departamento":"","acf":[],"lang":"es","translation":{"es":8711},"_links":{"self":[{"href":"https:\/\/www.upm.es\/recursosidi\/wp-json\/wp\/v2\/product\/8711"}],"collection":[{"href":"https:\/\/www.upm.es\/recursosidi\/wp-json\/wp\/v2\/product"}],"about":[{"href":"https:\/\/www.upm.es\/recursosidi\/wp-json\/wp\/v2\/types\/product"}],"wp:attachment":[{"href":"https:\/\/www.upm.es\/recursosidi\/wp-json\/wp\/v2\/media?parent=8711"}],"wp:term":[{"taxonomy":"product_cat","embeddable":true,"href":"https:\/\/www.upm.es\/recursosidi\/wp-json\/wp\/v2\/product_cat?post=8711"},{"taxonomy":"product_tag","embeddable":true,"href":"https:\/\/www.upm.es\/recursosidi\/wp-json\/wp\/v2\/product_tag?post=8711"},{"taxonomy":"comunidad_upm","embeddable":true,"href":"https:\/\/www.upm.es\/recursosidi\/wp-json\/wp\/v2\/comunidades-upm?post=8711"},{"taxonomy":"quien","embeddable":true,"href":"https:\/\/www.upm.es\/recursosidi\/wp-json\/wp\/v2\/quien?post=8711"},{"taxonomy":"mapa","embeddable":true,"href":"https:\/\/www.upm.es\/recursosidi\/wp-json\/wp\/v2\/mapa?post=8711"},{"taxonomy":"disponibilidad","embeddable":true,"href":"https:\/\/www.upm.es\/recursosidi\/wp-json\/wp\/v2\/disponibilidad?post=8711"},{"taxonomy":"donde","embeddable":true,"href":"https:\/\/www.upm.es\/recursosidi\/wp-json\/wp\/v2\/donde?post=8711"},{"taxonomy":"infraestructura","embeddable":true,"href":"https:\/\/www.upm.es\/recursosidi\/wp-json\/wp\/v2\/infraestructura?post=8711"},{"taxonomy":"ods","embeddable":true,"href":"https:\/\/www.upm.es\/recursosidi\/wp-json\/wp\/v2\/ods?post=8711"},{"taxonomy":"origen","embeddable":true,"href":"https:\/\/www.upm.es\/recursosidi\/wp-json\/wp\/v2\/origen?post=8711"}],"curies":[{"name":"wp","href":"https:\/\/api.w.org\/{rel}","templated":true}]}}