{"id":8712,"date":"2021-11-25T14:18:49","date_gmt":"2021-11-25T13:18:49","guid":{"rendered":"https:\/\/www.upm.es\/recursosidi\/offers-resources\/sin categor\u00eda\/sistema-para-la-obtencion-de-un-vehiculo-con-carroceria-descapotable\/"},"modified":"2022-08-10T02:18:14","modified_gmt":"2022-08-10T00:18:14","slug":"sistema-para-la-obtencion-de-un-vehiculo-con-carroceria-descapotable","status":"publish","type":"product","link":"https:\/\/www.upm.es\/recursosidi\/offers-resources\/patentes\/sistema-para-la-obtencion-de-un-vehiculo-con-carroceria-descapotable\/","title":{"rendered":"Sistema para la obtenci\u00f3n de un veh\u00edculo con carrocer\u00eda descapotable"},"content":{"rendered":"<h5>Descripci\u00f3n de la patente <\/h5>\n<p>La presente invenci\u00f3n es un dispositivo para transformar la carrocer\u00eda de un veh\u00edculo con configuraci\u00f3n de carrocer\u00eda cerrada a otra con configuraci\u00f3n de carrocer\u00eda descapotable o cabriol\u00e9.<\/p>\n<h5>Situaci\u00f3n <\/h5>\n<p>Concedida<\/p>\n<h5>N\u00famero de solicitud<\/h5>\n<p>P201630363<\/p>\n<h5>N\u00famero de publicaci\u00f3n<\/h5>\n<p>ES2578809<\/p>\n<h5>Fecha de presentaci\u00f3n <\/h5>\n<p>29\/03\/2016<\/p>\n<h5>Fecha de publicaci\u00f3n <\/h5>\n<p>01\/08\/2016<\/p>\n<h5>Fecha de concesi\u00f3n <\/h5>\n<p>04\/04\/2017<\/p>\n<div class=\"pdfprnt-buttons pdfprnt-buttons-product pdfprnt-bottom-left\"><a href=\"https:\/\/www.upm.es\/recursosidi\/wp-json\/wp\/v2\/product\/8712?print=pdf\" class=\"pdfprnt-button pdfprnt-button-pdf\" target=\"_blank\"><span class=\"pdfprnt-button-title pdfprnt-button-pdf-title\">Descargar ficha<\/span><\/a><\/div>","protected":false},"excerpt":{"rendered":"<p>Descripci\u00f3n de la patente La presente invenci\u00f3n es un dispositivo para transformar la carrocer\u00eda de un veh\u00edculo con configuraci\u00f3n de carrocer\u00eda cerrada a otra con&hellip;<\/p>\n","protected":false},"featured_media":0,"template":"","meta":{"_acf_changed":false},"product_cat":[3946],"product_tag":[],"comunidades-upm":[],"quien":[],"mapa":[],"disponibilidad":[],"donde":[{"term_id":608,"name":"An\u00e1lisis y Caracterizaci\u00f3n \u00d3ptica de Materiales","slug":"analisis-y-caracterizacion-optica-de-materiales","term_group":0,"term_taxonomy_id":608,"taxonomy":"donde","description":"","parent":0,"count":15,"filter":"raw","term_order":"0"},{"term_id":248,"name":"Centro L\u00e1ser","slug":"centro-laser","term_group":0,"term_taxonomy_id":248,"taxonomy":"donde","description":"","parent":0,"count":10,"filter":"raw","term_order":"0"},{"term_id":396,"name":"Grupo de Investigaci\u00f3n en Ingenier\u00eda y Aplicaciones del L\u00e1ser","slug":"grupo-de-investigacion-en-ingenieria-y-aplicaciones-del-laser","term_group":0,"term_taxonomy_id":396,"taxonomy":"donde","description":"El grupo enfoca su actividad al desarrollo e instrumentaci&oacute;n experimental de aplicaciones industriales de la Tecnolog&iacute;a L&aacute;ser y a la concepci&oacute;n y desarrollo de aplicaciones avanzadas de dicha Tecnolog&iacute;a. Las <strong>l&iacute;neas principales de investigaci&oacute;n<\/strong> son:\n&nbsp;\n\nModelizaci&oacute;n te&oacute;rica, desarrollo e instrumentaci&oacute;n experimental de aplicaciones industriales de los L&aacute;seres de potencia y de L&aacute;seres de elevada intensidad.\nDesarrollo de procesos de micro\/nano-fabricaci&oacute;n con L&aacute;ser, incluidos procesos avanzados de fabricaci&oacute;n de estructuras y componentes de c&eacute;lulas fotovoltaicas y fabricaci&oacute;n de estructuras microflu&iacute;dicas y nanofot&oacute;nicas para dispositivos metrol&oacute;gicos y biosensores.\nDesarrollo de t&eacute;cnicas avanzadas de instrumentaci&oacute;n de sistemas y procesos de fabricaci&oacute;n con l&aacute;ser.\n","parent":0,"count":7,"filter":"raw","term_order":"0"}],"infraestructura":[],"ods":[],"origen":[{"term_id":180,"name":"Patente","slug":"patente","term_group":0,"term_taxonomy_id":180,"taxonomy":"origen","description":"","parent":0,"count":614,"filter":"raw","term_order":"0"}],"familia_tax":false,"quien_tax":false,"donde_tax":false,"year":"","contacto":"<strong>Principales: <\/strong><ul><li>JOSE LUIS OCA\u00d1A MORENO <blockquote><strong>joseluis.ocana@upm.es<\/strong><\/blockquote><\/li><li>ENRIQUE SORIANO HERAS <blockquote><strong>enrique.soriano@upm.es<\/strong><\/blockquote><\/li><li>FERNANDO BLAYA HARO <blockquote><strong>fernando.blaya@upm.es<\/strong><\/blockquote><\/li><li>FRANCISCO CORDOVILLA BARO <blockquote><strong>francisco.cordovilla.baro@upm.es<\/strong><\/blockquote><\/li><\/ul>","telefono":"","pagina_web":"","email":"","id_ficha_portal":"1172","video":"","adjuntos":false,"adjuntos_portal":"https:\/\/www.upm.es\/S2i\/Acuse\/recuperarArchivo.jsp?id=1172&id_archivo=7855&tipo=patente&extension=fichero ","inf":false,"departamento":"","acf":[],"lang":"es","translation":{"es":8712},"_links":{"self":[{"href":"https:\/\/www.upm.es\/recursosidi\/wp-json\/wp\/v2\/product\/8712"}],"collection":[{"href":"https:\/\/www.upm.es\/recursosidi\/wp-json\/wp\/v2\/product"}],"about":[{"href":"https:\/\/www.upm.es\/recursosidi\/wp-json\/wp\/v2\/types\/product"}],"wp:attachment":[{"href":"https:\/\/www.upm.es\/recursosidi\/wp-json\/wp\/v2\/media?parent=8712"}],"wp:term":[{"taxonomy":"product_cat","embeddable":true,"href":"https:\/\/www.upm.es\/recursosidi\/wp-json\/wp\/v2\/product_cat?post=8712"},{"taxonomy":"product_tag","embeddable":true,"href":"https:\/\/www.upm.es\/recursosidi\/wp-json\/wp\/v2\/product_tag?post=8712"},{"taxonomy":"comunidad_upm","embeddable":true,"href":"https:\/\/www.upm.es\/recursosidi\/wp-json\/wp\/v2\/comunidades-upm?post=8712"},{"taxonomy":"quien","embeddable":true,"href":"https:\/\/www.upm.es\/recursosidi\/wp-json\/wp\/v2\/quien?post=8712"},{"taxonomy":"mapa","embeddable":true,"href":"https:\/\/www.upm.es\/recursosidi\/wp-json\/wp\/v2\/mapa?post=8712"},{"taxonomy":"disponibilidad","embeddable":true,"href":"https:\/\/www.upm.es\/recursosidi\/wp-json\/wp\/v2\/disponibilidad?post=8712"},{"taxonomy":"donde","embeddable":true,"href":"https:\/\/www.upm.es\/recursosidi\/wp-json\/wp\/v2\/donde?post=8712"},{"taxonomy":"infraestructura","embeddable":true,"href":"https:\/\/www.upm.es\/recursosidi\/wp-json\/wp\/v2\/infraestructura?post=8712"},{"taxonomy":"ods","embeddable":true,"href":"https:\/\/www.upm.es\/recursosidi\/wp-json\/wp\/v2\/ods?post=8712"},{"taxonomy":"origen","embeddable":true,"href":"https:\/\/www.upm.es\/recursosidi\/wp-json\/wp\/v2\/origen?post=8712"}],"curies":[{"name":"wp","href":"https:\/\/api.w.org\/{rel}","templated":true}]}}