{"id":8714,"date":"2021-11-25T14:18:55","date_gmt":"2021-11-25T13:18:55","guid":{"rendered":"https:\/\/www.upm.es\/recursosidi\/offers-resources\/sin categor\u00eda\/dispositivo-para-combar-placas-planas-y-procedimiento-de-uso\/"},"modified":"2022-08-10T02:18:20","modified_gmt":"2022-08-10T00:18:20","slug":"dispositivo-para-combar-placas-planas-y-procedimiento-de-uso","status":"publish","type":"product","link":"https:\/\/www.upm.es\/recursosidi\/offers-resources\/patentes\/dispositivo-para-combar-placas-planas-y-procedimiento-de-uso\/","title":{"rendered":"Dispositivo para combar placas planas y procedimiento de uso"},"content":{"rendered":"<h5>Descripci\u00f3n de la patente <\/h5>\n<p>Comprende al menos un par de pinzas, opuestas entre s\u00ed, cada una de ellas formada por dos larguerillos longitudinales, uno superior que pinza por la cara c\u00f3ncava y otro inferior, que a su vez unen entre s\u00ed en ambos extremos longitudinales mediante una pletina transversal que gira alrededor de un eje solidario con el armaz\u00f3n fijo del conjunto. Para combar la placa se cuenta con la acci\u00f3n de un gato mec\u00e1nico o herramienta similar, que transmite el par de giro a los largueros; y alcanzada la pendiente de la l\u00ednea el\u00e1stica combada, en sus extremos, se calza el sistema en dicha posici\u00f3n.<\/p>\n<h5>Situaci\u00f3n <\/h5>\n<p>Concedida<\/p>\n<h5>N\u00famero de solicitud<\/h5>\n<p>P201630832<\/p>\n<h5>N\u00famero de publicaci\u00f3n<\/h5>\n<p>ES 2596294<\/p>\n<h5>Fecha de presentaci\u00f3n <\/h5>\n<p>20\/06\/2016<\/p>\n<h5>Fecha de publicaci\u00f3n <\/h5>\n<p>05\/01\/2017<\/p>\n<h5>Fecha de concesi\u00f3n <\/h5>\n<p>29\/08\/2017<\/p>\n<div class=\"pdfprnt-buttons pdfprnt-buttons-product pdfprnt-bottom-left\"><a href=\"https:\/\/www.upm.es\/recursosidi\/wp-json\/wp\/v2\/product\/8714?print=pdf\" class=\"pdfprnt-button pdfprnt-button-pdf\" target=\"_blank\"><span class=\"pdfprnt-button-title pdfprnt-button-pdf-title\">Descargar ficha<\/span><\/a><\/div>","protected":false},"excerpt":{"rendered":"<p>Descripci\u00f3n de la patente Comprende al menos un par de pinzas, opuestas entre s\u00ed, cada una de ellas formada por dos larguerillos longitudinales, uno superior&hellip;<\/p>\n","protected":false},"featured_media":0,"template":"","meta":{"_acf_changed":false},"product_cat":[3946],"product_tag":[],"comunidades-upm":[],"quien":[],"mapa":[],"disponibilidad":[],"donde":[{"term_id":238,"name":"Instituto de Fusi\u00f3n Nuclear \"Guillermo Velarde\" (IFN-GV)","slug":"instituto-de-fusion-nuclear-guillermo-velarde-ifn-gv","term_group":0,"term_taxonomy_id":238,"taxonomy":"donde","description":"","parent":0,"count":57,"filter":"raw","term_order":"0"},{"term_id":390,"name":"Thermal Energy for Sustainability","slug":"thermal-energy-for-sustainability","term_group":0,"term_taxonomy_id":390,"taxonomy":"donde","description":"","parent":0,"count":57,"filter":"raw","term_order":"0"}],"infraestructura":[],"ods":[],"origen":[{"term_id":180,"name":"Patente","slug":"patente","term_group":0,"term_taxonomy_id":180,"taxonomy":"origen","description":"","parent":0,"count":614,"filter":"raw","term_order":"0"}],"familia_tax":false,"quien_tax":false,"donde_tax":false,"year":"","contacto":"<strong>Principales: <\/strong><ul><li>JOSE MARIA MARTINEZ-VAL PE\u00d1ALOSA <blockquote><strong>josemaria.martinezval@upm.es<\/strong><\/blockquote><\/li><li>Maria Jose Montes Pita <blockquote><strong>mj_montes_pita@yahoo.es<\/strong><\/blockquote><\/li><li>JAVIER MU\u00d1OZ ANTON <blockquote><strong>javier.munoz.anton@upm.es<\/strong><\/blockquote><\/li><li>Antonio Rovira De Antonio <blockquote><strong>rovira@ind.uned.es<\/strong><\/blockquote><\/li><li>RUBEN ABBAS CAMARA <blockquote><strong>ruben.abbas@upm.es<\/strong><\/blockquote><\/li><li>Mireia Piera Carrete <blockquote><strong>mpiera@ind.uned.es<\/strong><\/blockquote><\/li><\/ul>","telefono":"","pagina_web":"","email":"","id_ficha_portal":"1191","video":"","adjuntos":false,"adjuntos_portal":"https:\/\/www.upm.es\/S2i\/Acuse\/recuperarArchivo.jsp?id=1191&id_archivo=8274&tipo=patente&extension=fichero ","inf":false,"departamento":"","acf":[],"lang":"es","translation":{"es":8714},"_links":{"self":[{"href":"https:\/\/www.upm.es\/recursosidi\/wp-json\/wp\/v2\/product\/8714"}],"collection":[{"href":"https:\/\/www.upm.es\/recursosidi\/wp-json\/wp\/v2\/product"}],"about":[{"href":"https:\/\/www.upm.es\/recursosidi\/wp-json\/wp\/v2\/types\/product"}],"wp:attachment":[{"href":"https:\/\/www.upm.es\/recursosidi\/wp-json\/wp\/v2\/media?parent=8714"}],"wp:term":[{"taxonomy":"product_cat","embeddable":true,"href":"https:\/\/www.upm.es\/recursosidi\/wp-json\/wp\/v2\/product_cat?post=8714"},{"taxonomy":"product_tag","embeddable":true,"href":"https:\/\/www.upm.es\/recursosidi\/wp-json\/wp\/v2\/product_tag?post=8714"},{"taxonomy":"comunidad_upm","embeddable":true,"href":"https:\/\/www.upm.es\/recursosidi\/wp-json\/wp\/v2\/comunidades-upm?post=8714"},{"taxonomy":"quien","embeddable":true,"href":"https:\/\/www.upm.es\/recursosidi\/wp-json\/wp\/v2\/quien?post=8714"},{"taxonomy":"mapa","embeddable":true,"href":"https:\/\/www.upm.es\/recursosidi\/wp-json\/wp\/v2\/mapa?post=8714"},{"taxonomy":"disponibilidad","embeddable":true,"href":"https:\/\/www.upm.es\/recursosidi\/wp-json\/wp\/v2\/disponibilidad?post=8714"},{"taxonomy":"donde","embeddable":true,"href":"https:\/\/www.upm.es\/recursosidi\/wp-json\/wp\/v2\/donde?post=8714"},{"taxonomy":"infraestructura","embeddable":true,"href":"https:\/\/www.upm.es\/recursosidi\/wp-json\/wp\/v2\/infraestructura?post=8714"},{"taxonomy":"ods","embeddable":true,"href":"https:\/\/www.upm.es\/recursosidi\/wp-json\/wp\/v2\/ods?post=8714"},{"taxonomy":"origen","embeddable":true,"href":"https:\/\/www.upm.es\/recursosidi\/wp-json\/wp\/v2\/origen?post=8714"}],"curies":[{"name":"wp","href":"https:\/\/api.w.org\/{rel}","templated":true}]}}