{"id":8716,"date":"2021-11-25T14:19:00","date_gmt":"2021-11-25T13:19:00","guid":{"rendered":"https:\/\/www.upm.es\/recursosidi\/offers-resources\/sin categor\u00eda\/uso-de-compuestos-para-la-regulacion-del-crecimiento-vegetal\/"},"modified":"2022-08-10T02:18:26","modified_gmt":"2022-08-10T00:18:26","slug":"uso-de-compuestos-para-la-regulacion-del-crecimiento-vegetal","status":"publish","type":"product","link":"https:\/\/www.upm.es\/recursosidi\/offers-resources\/patentes\/uso-de-compuestos-para-la-regulacion-del-crecimiento-vegetal\/","title":{"rendered":"Uso de compuestos para la regulaci\u00f3n del crecimiento vegetal"},"content":{"rendered":"<h5>Descripci\u00f3n de la patente <\/h5>\n<p>La presente invenci\u00f3n se refiere al uso de compuestos de f\u00f3rmula (I) para la<br \/>\nregulaci\u00f3n del crecimiento vegetal, preferentemente para la regulaci\u00f3n del crecimiento<br \/>\nradicular, y por extensi\u00f3n, el crecimiento de la planta en general. El uso de dichos<br \/>\ncompuestos da lugar a un incremento significativo de la masa radicular de las plantas,<br \/>\nas\u00ed como a la inducci\u00f3n precoz de la floraci\u00f3n y la formaci\u00f3n de frutos.<br \/>\nAdicionalmente, el uso de los compuestos de f\u00f3rmula (I) favorece el crecimiento de los<br \/>\ncultivos en medios pobres en nutrientes.<\/p>\n<h5>Situaci\u00f3n <\/h5>\n<p>Concedida<\/p>\n<h5>N\u00famero de solicitud<\/h5>\n<p>P201630412<\/p>\n<h5>N\u00famero de publicaci\u00f3n<\/h5>\n<p>ES2636363<\/p>\n<h5>Fecha de presentaci\u00f3n <\/h5>\n<p>05\/04\/2016<\/p>\n<h5>Fecha de publicaci\u00f3n <\/h5>\n<p>05\/10\/2017<\/p>\n<h5>Fecha de concesi\u00f3n <\/h5>\n<p>26\/04\/2018<\/p>\n<div class=\"pdfprnt-buttons pdfprnt-buttons-product pdfprnt-bottom-left\"><a href=\"https:\/\/www.upm.es\/recursosidi\/wp-json\/wp\/v2\/product\/8716?print=pdf\" class=\"pdfprnt-button pdfprnt-button-pdf\" target=\"_blank\"><span class=\"pdfprnt-button-title pdfprnt-button-pdf-title\">Descargar ficha<\/span><\/a><\/div>","protected":false},"excerpt":{"rendered":"<p>Descripci\u00f3n de la patente La presente invenci\u00f3n se refiere al uso de compuestos de f\u00f3rmula (I) para la regulaci\u00f3n del crecimiento vegetal, preferentemente para la&hellip;<\/p>\n","protected":false},"featured_media":0,"template":"","meta":{"_acf_changed":false},"product_cat":[3946],"product_tag":[],"comunidades-upm":[],"quien":[],"mapa":[],"disponibilidad":[],"donde":[{"term_id":252,"name":"Centro de Biotecnolog\u00eda y Gen\u00f3mica de Plantas (CBGP)","slug":"centro-de-biotecnologia-y-genomica-de-plantas-cbgp","term_group":0,"term_taxonomy_id":252,"taxonomy":"donde","description":"","parent":0,"count":19,"filter":"raw","term_order":"0"},{"term_id":592,"name":"Redes Reguladoras del Desarrollo y Respuesta a Estr\u00e9s en Plantas","slug":"redes-reguladoras-del-desarrollo-y-respuesta-a-estres-en-plantas","term_group":0,"term_taxonomy_id":592,"taxonomy":"donde","description":"Llevamos a cabo nuestro trabajo en el CBGP desarrollando una de las l&iacute;neas de investigaci&oacute;n del centro: Redes reguladoras en semillas: Integraci&oacute;n de desarrollo, metabolismo y condiciones ambientales.","parent":0,"count":1,"filter":"raw","term_order":"0"}],"infraestructura":[],"ods":[],"origen":[{"term_id":180,"name":"Patente","slug":"patente","term_group":0,"term_taxonomy_id":180,"taxonomy":"origen","description":"","parent":0,"count":614,"filter":"raw","term_order":"0"}],"familia_tax":false,"quien_tax":false,"donde_tax":false,"year":"","contacto":"<strong>Principales: <\/strong><ul><li>STEPHAN POLLMANN  <blockquote><strong>stephan.pollmann@upm.es<\/strong><\/blockquote><\/li><\/ul><strong>Otros inventores: <\/strong><ul><li>PilarHoyos Universidad Complutense de Madrid (UCM)<\/li> <li>Juan CarlosDel Pozo Benito INIA - Instituto Nacional de Investigacion y Tecnologia Agraria y Alimentaria<\/li> <li>Mar\u00eda Jos\u00e9Hern\u00e1iz Universidad Complutense de Madrid (UCM)<\/li> <li>Concepci\u00f3nManzano Fern\u00e1ndez INIA - Instituto Nacional de Investigacion y Tecnologia Agraria y Alimentaria<\/li> <\/ul>","telefono":"","pagina_web":"","email":"","id_ficha_portal":"1163","video":"","adjuntos":false,"adjuntos_portal":"https:\/\/www.upm.es\/S2i\/Acuse\/recuperarArchivo.jsp?id=1163&id_archivo=8965&tipo=patente&extension=fichero ","inf":false,"departamento":"","acf":[],"lang":"es","translation":{"es":8716},"_links":{"self":[{"href":"https:\/\/www.upm.es\/recursosidi\/wp-json\/wp\/v2\/product\/8716"}],"collection":[{"href":"https:\/\/www.upm.es\/recursosidi\/wp-json\/wp\/v2\/product"}],"about":[{"href":"https:\/\/www.upm.es\/recursosidi\/wp-json\/wp\/v2\/types\/product"}],"wp:attachment":[{"href":"https:\/\/www.upm.es\/recursosidi\/wp-json\/wp\/v2\/media?parent=8716"}],"wp:term":[{"taxonomy":"product_cat","embeddable":true,"href":"https:\/\/www.upm.es\/recursosidi\/wp-json\/wp\/v2\/product_cat?post=8716"},{"taxonomy":"product_tag","embeddable":true,"href":"https:\/\/www.upm.es\/recursosidi\/wp-json\/wp\/v2\/product_tag?post=8716"},{"taxonomy":"comunidad_upm","embeddable":true,"href":"https:\/\/www.upm.es\/recursosidi\/wp-json\/wp\/v2\/comunidades-upm?post=8716"},{"taxonomy":"quien","embeddable":true,"href":"https:\/\/www.upm.es\/recursosidi\/wp-json\/wp\/v2\/quien?post=8716"},{"taxonomy":"mapa","embeddable":true,"href":"https:\/\/www.upm.es\/recursosidi\/wp-json\/wp\/v2\/mapa?post=8716"},{"taxonomy":"disponibilidad","embeddable":true,"href":"https:\/\/www.upm.es\/recursosidi\/wp-json\/wp\/v2\/disponibilidad?post=8716"},{"taxonomy":"donde","embeddable":true,"href":"https:\/\/www.upm.es\/recursosidi\/wp-json\/wp\/v2\/donde?post=8716"},{"taxonomy":"infraestructura","embeddable":true,"href":"https:\/\/www.upm.es\/recursosidi\/wp-json\/wp\/v2\/infraestructura?post=8716"},{"taxonomy":"ods","embeddable":true,"href":"https:\/\/www.upm.es\/recursosidi\/wp-json\/wp\/v2\/ods?post=8716"},{"taxonomy":"origen","embeddable":true,"href":"https:\/\/www.upm.es\/recursosidi\/wp-json\/wp\/v2\/origen?post=8716"}],"curies":[{"name":"wp","href":"https:\/\/api.w.org\/{rel}","templated":true}]}}