{"id":8721,"date":"2021-11-25T14:19:12","date_gmt":"2021-11-25T13:19:12","guid":{"rendered":"https:\/\/www.upm.es\/recursosidi\/offers-resources\/sin categor\u00eda\/procedimiento-de-determinacion-de-la-rigidez-en-vigas-y-forjados-en-estructuras-existentes\/"},"modified":"2022-08-10T02:18:39","modified_gmt":"2022-08-10T00:18:39","slug":"procedimiento-de-determinacion-de-la-rigidez-en-vigas-y-forjados-en-estructuras-existentes","status":"publish","type":"product","link":"https:\/\/www.upm.es\/recursosidi\/offers-resources\/patentes\/procedimiento-de-determinacion-de-la-rigidez-en-vigas-y-forjados-en-estructuras-existentes\/","title":{"rendered":"Procedimiento de determinaci\u00f3n de la rigidez en vigas y forjados en estructuras existentes"},"content":{"rendered":"<h5>Descripci\u00f3n de la patente <\/h5>\n<p>Procedimiento de determinaci\u00f3n de la rigidez en vigas y forjados en estructuras existentes, que comprende las fases de colocaci\u00f3n de forma inferior a la viga o forjado y con un espacio de separaci\u00f3n, de una viga adicional, sustentada de forma isost\u00e1tica, de material, secci\u00f3n y rigidez conocidos; colocaci\u00f3n de medios de aplicaci\u00f3n de cargas en espacio de separaci\u00f3n; acotaci\u00f3n de la posici\u00f3n de los medios de aplicaci\u00f3n de cargas respecto a los extremos de la viga adicional; colocaci\u00f3n de medios de medida de los desplazamientos; aplicaci\u00f3n de carga; medida de los desplazamientos obtenidos, y; determinaci\u00f3n de la rigidez de la viga o forjado a analizar.<\/p>\n<h5>Situaci\u00f3n <\/h5>\n<p>Concedida<\/p>\n<h5>N\u00famero de solicitud<\/h5>\n<p>P201630772<\/p>\n<h5>N\u00famero de publicaci\u00f3n<\/h5>\n<p>ES2646239<\/p>\n<h5>Fecha de presentaci\u00f3n <\/h5>\n<p>08\/06\/2016<\/p>\n<h5>Fecha de publicaci\u00f3n <\/h5>\n<p>12\/12\/2017<\/p>\n<h5>Fecha de concesi\u00f3n <\/h5>\n<p>13\/08\/2018<\/p>\n<div class=\"pdfprnt-buttons pdfprnt-buttons-product pdfprnt-bottom-left\"><a href=\"https:\/\/www.upm.es\/recursosidi\/wp-json\/wp\/v2\/product\/8721?print=pdf\" class=\"pdfprnt-button pdfprnt-button-pdf\" target=\"_blank\"><span class=\"pdfprnt-button-title pdfprnt-button-pdf-title\">Descargar ficha<\/span><\/a><\/div>","protected":false},"excerpt":{"rendered":"<p>Descripci\u00f3n de la patente Procedimiento de determinaci\u00f3n de la rigidez en vigas y forjados en estructuras existentes, que comprende las fases de colocaci\u00f3n de forma&hellip;<\/p>\n","protected":false},"featured_media":0,"template":"","meta":{"_acf_changed":false},"product_cat":[3946],"product_tag":[],"comunidades-upm":[],"quien":[],"mapa":[],"disponibilidad":[],"donde":[{"term_id":594,"name":"ProLab. Laboratorio de Investigaci\u00f3n del Proyecto Contempor\u00e1neo.","slug":"prolab-laboratorio-de-investigacion-del-proyecto-contemporaneo","term_group":0,"term_taxonomy_id":594,"taxonomy":"donde","description":"","parent":0,"count":1,"filter":"raw","term_order":"0"}],"infraestructura":[],"ods":[],"origen":[{"term_id":180,"name":"Patente","slug":"patente","term_group":0,"term_taxonomy_id":180,"taxonomy":"origen","description":"","parent":0,"count":614,"filter":"raw","term_order":"0"}],"familia_tax":false,"quien_tax":false,"donde_tax":false,"year":"","contacto":"<strong>Principales: <\/strong><ul><li>JOAQUIN FRANCISCO ANTU\u00d1A BERNARDO <blockquote><strong>joaquinfrancisco.antuna@upm.es<\/strong><\/blockquote><\/li><li>MIGUEL AVILA NIETO <blockquote><strong>miguel.avila.nieto@alumnos.upm.es<\/strong><\/blockquote><\/li><li>JOSE MIGUEL AVILA JALVO <blockquote><strong>josemiguel.avila@upm.es<\/strong><\/blockquote><\/li><\/ul>","telefono":"","pagina_web":"","email":"","id_ficha_portal":"1176","video":"","adjuntos":false,"adjuntos_portal":"https:\/\/www.upm.es\/S2i\/Acuse\/recuperarArchivo.jsp?id=1176&id_archivo=9175&tipo=patente&extension=fichero ","inf":false,"departamento":"","acf":[],"lang":"es","translation":{"es":8721},"_links":{"self":[{"href":"https:\/\/www.upm.es\/recursosidi\/wp-json\/wp\/v2\/product\/8721"}],"collection":[{"href":"https:\/\/www.upm.es\/recursosidi\/wp-json\/wp\/v2\/product"}],"about":[{"href":"https:\/\/www.upm.es\/recursosidi\/wp-json\/wp\/v2\/types\/product"}],"wp:attachment":[{"href":"https:\/\/www.upm.es\/recursosidi\/wp-json\/wp\/v2\/media?parent=8721"}],"wp:term":[{"taxonomy":"product_cat","embeddable":true,"href":"https:\/\/www.upm.es\/recursosidi\/wp-json\/wp\/v2\/product_cat?post=8721"},{"taxonomy":"product_tag","embeddable":true,"href":"https:\/\/www.upm.es\/recursosidi\/wp-json\/wp\/v2\/product_tag?post=8721"},{"taxonomy":"comunidad_upm","embeddable":true,"href":"https:\/\/www.upm.es\/recursosidi\/wp-json\/wp\/v2\/comunidades-upm?post=8721"},{"taxonomy":"quien","embeddable":true,"href":"https:\/\/www.upm.es\/recursosidi\/wp-json\/wp\/v2\/quien?post=8721"},{"taxonomy":"mapa","embeddable":true,"href":"https:\/\/www.upm.es\/recursosidi\/wp-json\/wp\/v2\/mapa?post=8721"},{"taxonomy":"disponibilidad","embeddable":true,"href":"https:\/\/www.upm.es\/recursosidi\/wp-json\/wp\/v2\/disponibilidad?post=8721"},{"taxonomy":"donde","embeddable":true,"href":"https:\/\/www.upm.es\/recursosidi\/wp-json\/wp\/v2\/donde?post=8721"},{"taxonomy":"infraestructura","embeddable":true,"href":"https:\/\/www.upm.es\/recursosidi\/wp-json\/wp\/v2\/infraestructura?post=8721"},{"taxonomy":"ods","embeddable":true,"href":"https:\/\/www.upm.es\/recursosidi\/wp-json\/wp\/v2\/ods?post=8721"},{"taxonomy":"origen","embeddable":true,"href":"https:\/\/www.upm.es\/recursosidi\/wp-json\/wp\/v2\/origen?post=8721"}],"curies":[{"name":"wp","href":"https:\/\/api.w.org\/{rel}","templated":true}]}}