{"id":8722,"date":"2021-11-25T14:19:14","date_gmt":"2021-11-25T13:19:14","guid":{"rendered":"https:\/\/www.upm.es\/recursosidi\/offers-resources\/sin categor\u00eda\/dispositivo-y-procedimiento-de-estimacion-de-la-humedad-en-materiales-de-construccion\/"},"modified":"2022-08-10T02:18:42","modified_gmt":"2022-08-10T00:18:42","slug":"dispositivo-y-procedimiento-de-estimacion-de-la-humedad-en-materiales-de-construccion","status":"publish","type":"product","link":"https:\/\/www.upm.es\/recursosidi\/offers-resources\/patentes\/dispositivo-y-procedimiento-de-estimacion-de-la-humedad-en-materiales-de-construccion\/","title":{"rendered":"Dispositivo y procedimiento de estimaci\u00f3n de la humedad en materiales de construcci\u00f3n"},"content":{"rendered":"<h5>Descripci\u00f3n de la patente <\/h5>\n<p>Dispositivo de estimaci\u00f3n de humedad y temperatura en materiales de construcci\u00f3n, que comprende un cuerpo de pl\u00e1stico transparente o trasl\u00facido prism\u00e1tico con una primera<br \/>\nbase abierta, un termohigr\u00f3metro con una pantalla orientada hacia la segunda base, un ventilador orientado hacia la primera base, un dispositivo de encendido y apagado del ventilador y, unos medios de estanqueidad del cuerpo de pl\u00e1stico en el borde de la primera base. Procedimiento de estimaci\u00f3n de la humedad en materiales de construcci\u00f3n, mediante este dispositivo con las fases formadas por acoplamiento del dispositivo por su primera base abierta sobre el material de construcci\u00f3n, encendido del ventilador, espera durante 5-30 minutos, obtenci\u00f3n de la humedad relativa del aire, y estimaci\u00f3n de la humedad del material.<\/p>\n<h5>Situaci\u00f3n <\/h5>\n<p>Concedida<\/p>\n<h5>N\u00famero de solicitud<\/h5>\n<p>U201830341<\/p>\n<h5>N\u00famero de publicaci\u00f3n<\/h5>\n<p>ES1214619<\/p>\n<h5>Fecha de presentaci\u00f3n <\/h5>\n<p>08\/06\/2016<\/p>\n<h5>Fecha de publicaci\u00f3n <\/h5>\n<p>22\/06\/2018<\/p>\n<h5>Fecha de concesi\u00f3n <\/h5>\n<p>07\/09\/2018<\/p>\n<div class=\"pdfprnt-buttons pdfprnt-buttons-product pdfprnt-bottom-left\"><a href=\"https:\/\/www.upm.es\/recursosidi\/wp-json\/wp\/v2\/product\/8722?print=pdf\" class=\"pdfprnt-button pdfprnt-button-pdf\" target=\"_blank\"><span class=\"pdfprnt-button-title pdfprnt-button-pdf-title\">Descargar ficha<\/span><\/a><\/div>","protected":false},"excerpt":{"rendered":"<p>Descripci\u00f3n de la patente Dispositivo de estimaci\u00f3n de humedad y temperatura en materiales de construcci\u00f3n, que comprende un cuerpo de pl\u00e1stico transparente o trasl\u00facido prism\u00e1tico&hellip;<\/p>\n","protected":false},"featured_media":0,"template":"","meta":{"_acf_changed":false},"product_cat":[3946],"product_tag":[],"comunidades-upm":[],"quien":[],"mapa":[],"disponibilidad":[],"donde":[{"term_id":4594,"name":"Centro de I+D+i para la Conservaci\u00f3n de la Biodiversidad y el Desarrollo Sostenible (CBDS)","slug":"centro-de-idi-para-la-conservacion-de-la-biodiversidad-y-el-desarrollo-sostenible-cbds","term_group":0,"term_taxonomy_id":4594,"taxonomy":"donde","description":"","parent":0,"count":10,"filter":"raw","term_order":"0"},{"term_id":340,"name":"Construcci\u00f3n con Madera","slug":"construccion-con-madera","term_group":0,"term_taxonomy_id":340,"taxonomy":"donde","description":"","parent":0,"count":6,"filter":"raw","term_order":"0"}],"infraestructura":[],"ods":[],"origen":[{"term_id":180,"name":"Patente","slug":"patente","term_group":0,"term_taxonomy_id":180,"taxonomy":"origen","description":"","parent":0,"count":614,"filter":"raw","term_order":"0"}],"familia_tax":false,"quien_tax":false,"donde_tax":false,"year":"","contacto":"<strong>Principales: <\/strong><ul><li>IGNACIO BOBADILLA MALDONADO <blockquote><strong>i.bobadilla@upm.es<\/strong><\/blockquote><\/li><li>ROBERTO DIEGO MARTINEZ LOPEZ <blockquote><strong>roberto.martinez.lopez@upm.es<\/strong><\/blockquote><\/li><\/ul>","telefono":"","pagina_web":"","email":"","id_ficha_portal":"1175","video":"","adjuntos":false,"adjuntos_portal":"https:\/\/www.upm.es\/S2i\/Acuse\/recuperarArchivo.jsp?id=1175&id_archivo=9108&tipo=patente&extension=fichero ","inf":false,"departamento":"","acf":[],"lang":"es","translation":{"es":8722},"_links":{"self":[{"href":"https:\/\/www.upm.es\/recursosidi\/wp-json\/wp\/v2\/product\/8722"}],"collection":[{"href":"https:\/\/www.upm.es\/recursosidi\/wp-json\/wp\/v2\/product"}],"about":[{"href":"https:\/\/www.upm.es\/recursosidi\/wp-json\/wp\/v2\/types\/product"}],"wp:attachment":[{"href":"https:\/\/www.upm.es\/recursosidi\/wp-json\/wp\/v2\/media?parent=8722"}],"wp:term":[{"taxonomy":"product_cat","embeddable":true,"href":"https:\/\/www.upm.es\/recursosidi\/wp-json\/wp\/v2\/product_cat?post=8722"},{"taxonomy":"product_tag","embeddable":true,"href":"https:\/\/www.upm.es\/recursosidi\/wp-json\/wp\/v2\/product_tag?post=8722"},{"taxonomy":"comunidad_upm","embeddable":true,"href":"https:\/\/www.upm.es\/recursosidi\/wp-json\/wp\/v2\/comunidades-upm?post=8722"},{"taxonomy":"quien","embeddable":true,"href":"https:\/\/www.upm.es\/recursosidi\/wp-json\/wp\/v2\/quien?post=8722"},{"taxonomy":"mapa","embeddable":true,"href":"https:\/\/www.upm.es\/recursosidi\/wp-json\/wp\/v2\/mapa?post=8722"},{"taxonomy":"disponibilidad","embeddable":true,"href":"https:\/\/www.upm.es\/recursosidi\/wp-json\/wp\/v2\/disponibilidad?post=8722"},{"taxonomy":"donde","embeddable":true,"href":"https:\/\/www.upm.es\/recursosidi\/wp-json\/wp\/v2\/donde?post=8722"},{"taxonomy":"infraestructura","embeddable":true,"href":"https:\/\/www.upm.es\/recursosidi\/wp-json\/wp\/v2\/infraestructura?post=8722"},{"taxonomy":"ods","embeddable":true,"href":"https:\/\/www.upm.es\/recursosidi\/wp-json\/wp\/v2\/ods?post=8722"},{"taxonomy":"origen","embeddable":true,"href":"https:\/\/www.upm.es\/recursosidi\/wp-json\/wp\/v2\/origen?post=8722"}],"curies":[{"name":"wp","href":"https:\/\/api.w.org\/{rel}","templated":true}]}}