{"id":8723,"date":"2021-11-25T14:19:17","date_gmt":"2021-11-25T13:19:17","guid":{"rendered":"https:\/\/www.upm.es\/recursosidi\/offers-resources\/sin categor\u00eda\/pieza-prefabricada-de-hormigon-con-sistema-de-drenaje-y-aireacion-para-proteccion-frente-a-la-erosion-por-corrientes-deagua\/"},"modified":"2022-08-10T02:18:45","modified_gmt":"2022-08-10T00:18:45","slug":"pieza-prefabricada-de-hormigon-con-sistema-de-drenaje-y-aireacion-para-proteccion-frente-a-la-erosion-por-corrientes-deagua","status":"publish","type":"product","link":"https:\/\/www.upm.es\/recursosidi\/offers-resources\/patentes\/pieza-prefabricada-de-hormigon-con-sistema-de-drenaje-y-aireacion-para-proteccion-frente-a-la-erosion-por-corrientes-deagua\/","title":{"rendered":"Pieza prefabricada de hormig\u00f3n con sistema de drenaje y aireaci\u00f3n para protecci\u00f3n frente a la erosi\u00f3n por corrientes de\r\nagua"},"content":{"rendered":"<h5>Descripci\u00f3n de la patente <\/h5>\n<p>Pieza prefabricada de hormig\u00f3n con una huella y una superficie inferior convergentes hacia una primera base, una contrahuella paralela y mayor, y sendos laterales paralelos, que comprende un chafl\u00e1n entre la huella y la contrahuella,<br \/>\ny donde el sistema de drenaje y aireaci\u00f3n comprende al menos tres conductos longitudinales y un conducto transversal horizontal, paralelo a sendas primera y<br \/>\nsegunda bases y dispuesto sobre el centro de gravedad de la pieza, desde un rebaje en uno de los laterales (6) a un rebaje en el lateral paralelo, donde los conductos longitudinales presentan un primer extremo de entrada situado en el chafl\u00e1n y un segundo extremo que entronca con el conducto transversal.<\/p>\n<h5>Situaci\u00f3n <\/h5>\n<p>Concedida<\/p>\n<h5>N\u00famero de solicitud<\/h5>\n<p>P201630941<\/p>\n<h5>N\u00famero de publicaci\u00f3n<\/h5>\n<p>ES 2595852<\/p>\n<h5>Fecha de presentaci\u00f3n <\/h5>\n<p>11\/07\/2016<\/p>\n<h5>Fecha de publicaci\u00f3n <\/h5>\n<p>03\/01\/2017<\/p>\n<h5>Fecha de concesi\u00f3n <\/h5>\n<p>27\/04\/2017<\/p>\n<div class=\"pdfprnt-buttons pdfprnt-buttons-product pdfprnt-bottom-left\"><a href=\"https:\/\/www.upm.es\/recursosidi\/wp-json\/wp\/v2\/product\/8723?print=pdf\" class=\"pdfprnt-button pdfprnt-button-pdf\" target=\"_blank\"><span class=\"pdfprnt-button-title pdfprnt-button-pdf-title\">Descargar ficha<\/span><\/a><\/div>","protected":false},"excerpt":{"rendered":"<p>Descripci\u00f3n de la patente Pieza prefabricada de hormig\u00f3n con una huella y una superficie inferior convergentes hacia una primera base, una contrahuella paralela y mayor,&hellip;<\/p>\n","protected":false},"featured_media":0,"template":"","meta":{"_acf_changed":false},"product_cat":[3946],"product_tag":[],"comunidades-upm":[],"quien":[],"mapa":[],"disponibilidad":[],"donde":[{"term_id":534,"name":"Hidroinform\u00e1tica y Gesti\u00f3n del Agua","slug":"hidroinformatica-y-gestion-del-agua","term_group":0,"term_taxonomy_id":534,"taxonomy":"donde","description":"El objetivo de nuestro grupo es la investigaci&oacute;n en un campo multidisciplinar que combina intereses tecnol&oacute;gicos, humanos, sociol&oacute;gicos y medioambientales con el fin de resolver problemas relacionados con el medio ambiente acu&aacute;tico y mejorar la gesti&oacute;n de los recursos h&iacute;dricos haciendo uso de las tecnolog&iacute;as de informaci&oacute;n. La hidroinform&aacute;tica utiliza soluciones tales como m&eacute;todos num&eacute;ricos de modelizaci&oacute;n y optimizaci&oacute;n, redes de sensores, sistemas de informaci&oacute;n e inteligencia artificial (an&aacute;lisis inteligente de datos, herramientas de ayuda a la decisi&oacute;n) para resolver problemas de hidr&aacute;ulica, hidrolog&iacute;a e ingenier&iacute;a ambiental con el fin de obtener un mejor manejo de los sistemas basados en recursos h&iacute;dricos.\n&nbsp;\nNuestras l&iacute;neas de investigaci&oacute;n incluyen:\n\n\n<strong>Infraestructuras y Sistemas Hidr&aacute;ulicos:<\/strong>&nbsp;Modelizaci&oacute;n, gesti&oacute;n de recursos, seguridad, sistemas hidroel&eacute;ctricos\n\n\n\n<strong>Medioambiente: <\/strong>Cambio clim&aacute;tico, sequ&iacute;a, impacto socio-econ&oacute;mico de la gesti&oacute;n del agua\n\n\n<strong>Tecnolog&iacute;as de Informaci&oacute;n: <\/strong>Sistemas de informaci&oacute;n, inteligencia artificial\n","parent":0,"count":15,"filter":"raw","term_order":"0"}],"infraestructura":[],"ods":[],"origen":[{"term_id":180,"name":"Patente","slug":"patente","term_group":0,"term_taxonomy_id":180,"taxonomy":"origen","description":"","parent":0,"count":614,"filter":"raw","term_order":"0"}],"familia_tax":false,"quien_tax":false,"donde_tax":false,"year":"","contacto":"<strong>Principales: <\/strong><ul><li>RAFAEL MORAN MOYA <blockquote><strong>r.moran@upm.es<\/strong><\/blockquote><\/li><li>FRANCISCO JAVIER CABALLERO JIMENEZ <blockquote><strong>franciscojavier.caballero@upm.es<\/strong><\/blockquote><\/li><li>Le\u00f3n Morera Gonz\u00e1lez <blockquote><strong><\/strong><\/blockquote><\/li><li>Ricardo Manuel Monteiro Alves <blockquote><strong>ricardo.monteiro@upm.es<\/strong><\/blockquote><\/li><li>MIGUEL ANGEL TOLEDO MUNICIO <blockquote><strong>miguelangel.toledo@upm.es<\/strong><\/blockquote><\/li><\/ul><strong>Otros inventores: <\/strong><ul><li>Javier San Mauro Saiz CIMNE - Centre Internacional de M\u00e8todes Num\u00e8rics en Enginyeria  (UPC - Universidad Polit\u00e9cnica de Catalu\u00f1a)<\/li> <li>LuisRuano Arn\u00e1iz PREHORQUI SA<\/li> <li>Fernando Salazar Gonz\u00e1lez CIMNE - Centre Internacional de M\u00e8todes Num\u00e8rics en Enginyeria  (UPC - Universidad Polit\u00e9cnica de Catalu\u00f1a)<\/li> <li>Mar\u00edaMonterde Villar PREHORQUI SA<\/li> <\/ul>","telefono":"","pagina_web":"","email":"","id_ficha_portal":"1185","video":"","adjuntos":false,"adjuntos_portal":"https:\/\/www.upm.es\/S2i\/Acuse\/recuperarArchivo.jsp?id=1185&id_archivo=7946&tipo=patente&extension=fichero ","inf":false,"departamento":"","acf":[],"lang":"es","translation":{"es":8723},"_links":{"self":[{"href":"https:\/\/www.upm.es\/recursosidi\/wp-json\/wp\/v2\/product\/8723"}],"collection":[{"href":"https:\/\/www.upm.es\/recursosidi\/wp-json\/wp\/v2\/product"}],"about":[{"href":"https:\/\/www.upm.es\/recursosidi\/wp-json\/wp\/v2\/types\/product"}],"wp:attachment":[{"href":"https:\/\/www.upm.es\/recursosidi\/wp-json\/wp\/v2\/media?parent=8723"}],"wp:term":[{"taxonomy":"product_cat","embeddable":true,"href":"https:\/\/www.upm.es\/recursosidi\/wp-json\/wp\/v2\/product_cat?post=8723"},{"taxonomy":"product_tag","embeddable":true,"href":"https:\/\/www.upm.es\/recursosidi\/wp-json\/wp\/v2\/product_tag?post=8723"},{"taxonomy":"comunidad_upm","embeddable":true,"href":"https:\/\/www.upm.es\/recursosidi\/wp-json\/wp\/v2\/comunidades-upm?post=8723"},{"taxonomy":"quien","embeddable":true,"href":"https:\/\/www.upm.es\/recursosidi\/wp-json\/wp\/v2\/quien?post=8723"},{"taxonomy":"mapa","embeddable":true,"href":"https:\/\/www.upm.es\/recursosidi\/wp-json\/wp\/v2\/mapa?post=8723"},{"taxonomy":"disponibilidad","embeddable":true,"href":"https:\/\/www.upm.es\/recursosidi\/wp-json\/wp\/v2\/disponibilidad?post=8723"},{"taxonomy":"donde","embeddable":true,"href":"https:\/\/www.upm.es\/recursosidi\/wp-json\/wp\/v2\/donde?post=8723"},{"taxonomy":"infraestructura","embeddable":true,"href":"https:\/\/www.upm.es\/recursosidi\/wp-json\/wp\/v2\/infraestructura?post=8723"},{"taxonomy":"ods","embeddable":true,"href":"https:\/\/www.upm.es\/recursosidi\/wp-json\/wp\/v2\/ods?post=8723"},{"taxonomy":"origen","embeddable":true,"href":"https:\/\/www.upm.es\/recursosidi\/wp-json\/wp\/v2\/origen?post=8723"}],"curies":[{"name":"wp","href":"https:\/\/api.w.org\/{rel}","templated":true}]}}