{"id":8724,"date":"2021-11-25T14:19:20","date_gmt":"2021-11-25T13:19:20","guid":{"rendered":"https:\/\/www.upm.es\/recursosidi\/offers-resources\/sin categor\u00eda\/sistema-de-sondas-inteligentes-de-monitorizacion-aplicado-a-objetos-de-uso-cotidiano\/"},"modified":"2022-08-10T02:18:48","modified_gmt":"2022-08-10T00:18:48","slug":"sistema-de-sondas-inteligentes-de-monitorizacion-aplicado-a-objetos-de-uso-cotidiano","status":"publish","type":"product","link":"https:\/\/www.upm.es\/recursosidi\/offers-resources\/patentes\/sistema-de-sondas-inteligentes-de-monitorizacion-aplicado-a-objetos-de-uso-cotidiano\/","title":{"rendered":"Sistema de sondas inteligentes de monitorizaci\u00f3n aplicado a objetos de uso cotidiano"},"content":{"rendered":"<h5>Descripci\u00f3n de la patente <\/h5>\n<p>Se presenta una invenci\u00f3n que pretende mejorar los sistemas actuales de observaci\u00f3n de la actividad de personas de cualquier edad para diagnosticar dificultades psicomotrices y cognitivas. El objetivo concreto es desarrollar un sistema que integre en objetos de uso cotidiano sondas con sensores, que proporcionen informaci\u00f3n m\u00e1s precisa que la simple observaci\u00f3n, sobre c\u00f3mo son manipulados estos objetos. Los datos sobre la manipulaci\u00f3n de objetos son recogidos por sondas con sensores integradas en objetos y enviados a un colector que a su vez los env\u00eda a un sistema de almacenamiento a trav\u00e9s de una red, para su posterior an\u00e1lisis por un sistema de an\u00e1lisis. El sistema recopila informaci\u00f3n de diferentes personas, con el objetivo de generar una base de conocimiento que ayude a los procesos de an\u00e1lisis. El sistema debe garantizar la privacidad de la informaci\u00f3n sobre personas que gestiona.     <\/p>\n<h5>Situaci\u00f3n <\/h5>\n<p>Concedida<\/p>\n<h5>N\u00famero de solicitud<\/h5>\n<p>P201600597<\/p>\n<h5>N\u00famero de publicaci\u00f3n<\/h5>\n<p>ES2663417<\/p>\n<h5>Fecha de presentaci\u00f3n <\/h5>\n<p>20\/07\/2016<\/p>\n<h5>Fecha de publicaci\u00f3n <\/h5>\n<p>12\/04\/2018<\/p>\n<h5>Fecha de concesi\u00f3n <\/h5>\n<p>28\/03\/2019<\/p>\n<div class=\"pdfprnt-buttons pdfprnt-buttons-product pdfprnt-bottom-left\"><a href=\"https:\/\/www.upm.es\/recursosidi\/wp-json\/wp\/v2\/product\/8724?print=pdf\" class=\"pdfprnt-button pdfprnt-button-pdf\" target=\"_blank\"><span class=\"pdfprnt-button-title pdfprnt-button-pdf-title\">Descargar ficha<\/span><\/a><\/div>","protected":false},"excerpt":{"rendered":"<p>Descripci\u00f3n de la patente Se presenta una invenci\u00f3n que pretende mejorar los sistemas actuales de observaci\u00f3n de la actividad de personas de cualquier edad para&hellip;<\/p>\n","protected":false},"featured_media":0,"template":"","meta":{"_acf_changed":false},"product_cat":[3946],"product_tag":[],"comunidades-upm":[],"quien":[],"mapa":[],"disponibilidad":[],"donde":[{"term_id":3407,"name":"Grupo de Investigaci\u00f3n en redes y virtualizaci\u00f3n de servicios de comunicaciones (GIROS)","slug":"grupo-de-investigacion-en-redes-y-virtualizacion-de-servicios-de-comunicaciones-giros","term_group":0,"term_taxonomy_id":3407,"taxonomy":"donde","description":"","parent":0,"count":2,"filter":"raw","term_order":"0"},{"term_id":3427,"name":"Innovaci\u00f3n Tecnol\u00f3gica para las Personas (InnoTep)","slug":"innovacion-tecnologica-para-las-personas-innotep","term_group":0,"term_taxonomy_id":3427,"taxonomy":"donde","description":"","parent":0,"count":11,"filter":"raw","term_order":"0"},{"term_id":574,"name":"Organizaciones Sostenibles","slug":"organizaciones-sostenibles","term_group":0,"term_taxonomy_id":574,"taxonomy":"donde","description":"Somos un grupo de investigaci&oacute;n centrado en el estudio y el dise&ntilde;o de organizaciones que contribuyen a la sostenibilidad social, ambiental y econ&oacute;mica. En concreto, las tres <strong>&aacute;reas de investigaci&oacute;n<\/strong> definidas son:\n&nbsp;\n\nLa Responsabilidad Social Estrat&eacute;gica, como enfoque que contribuye a avanzar aquellas organizaciones que atienden a la triple cuenta de resultados, profundizando, en particular, en el &aacute;mbito de la ecolog&iacute;a industrial.\nEl an&aacute;lisis, el dise&ntilde;o y la gesti&oacute;n de las Organizaciones en Red, tanto de relaciones en el interior de las organizaciones, como de &eacute;stas con sus grupos de inter&eacute;s, como estructuras capaces de dar respuestas m&aacute;s eficaces y eficientes a algunas de las principales necesidades de nuestra sociedad.\nEmpresa y Desarrollo Humano, que analiza y apoya el papel de las empresas, en alianza con administraciones p&uacute;blicas y organizaciones sociales, pueden seguir nuevas trayectorias de innovaci&oacute;n tecnol&oacute;gica y organizativa que contribuyan a la sostenibilidad y a la inclusi&oacute;n social.\n","parent":0,"count":2,"filter":"raw","term_order":"0"}],"infraestructura":[],"ods":[],"origen":[{"term_id":180,"name":"Patente","slug":"patente","term_group":0,"term_taxonomy_id":180,"taxonomy":"origen","description":"","parent":0,"count":614,"filter":"raw","term_order":"0"}],"familia_tax":false,"quien_tax":false,"donde_tax":false,"year":"","contacto":"<strong>Principales: <\/strong><ul><li>MIGUEL ANGEL VALERO DUBOY <blockquote><strong>miguelangel.valero@upm.es<\/strong><\/blockquote><\/li><li>CARLOS RAMOS NESPEREIRA <blockquote><strong>carlos.ramosn@upm.es<\/strong><\/blockquote><\/li><li>ANA GOMEZ OLIVA <blockquote><strong>ana.gomez@upm.es<\/strong><\/blockquote><\/li><li>ELOY PORTILLO ALDANA <blockquote><strong>eloy.portillo@upm.es<\/strong><\/blockquote><\/li><li>EMILIA PEREZ BELLEBONI <blockquote><strong>emilia.perez@upm.es<\/strong><\/blockquote><\/li><li>JAVIER MALAGON HERNANDEZ <blockquote><strong>javier.malagon@upm.es<\/strong><\/blockquote><\/li><li>HUGO ALEXER PARADA GELVEZ <blockquote><strong>hugoalexer.parada@upm.es<\/strong><\/blockquote><\/li><li>MARIA LUISA MARTIN RUIZ <blockquote><strong>marialuisa.martinr@upm.es<\/strong><\/blockquote><\/li><li>MARIA CELIA FERNANDEZ ALLER <blockquote><strong>mariacelia.fernandez@upm.es<\/strong><\/blockquote><\/li><\/ul><strong>Otros inventores UPM: <\/strong><ul><li>Laura Vadillo Moreno E.T.S de Ingenier\u00eda y Sistemas de Telecomunicaci\u00f3n<\/li><\/ul><strong>Otros inventores: <\/strong><ul><li>Mar\u00eda del MarLend\u00ednez Chica Universidad de Alcal\u00e1 de Henares<\/li> <li>Andr\u00e9s Navarro Guill\u00e9n Universidad de Alcal\u00e1 de Henares<\/li> <li>Tom\u00e1s Gallego Izquierdo Universidad de Alcal\u00e1 de Henares<\/li> <li>Antonio Jos\u00e9 de Vicente Rodr\u00edguez Universidad de Alcal\u00e1 de Henares<\/li> <li>Isa\u00edasMart\u00ednez Yelmo Universidad de Alcal\u00e1 de Henares<\/li> <li>Roberto Jos\u00e9Ram\u00edrez Romero Universidad de Alcal\u00e1 de Henares<\/li> <li>MontserratGim\u00e9nez Hern\u00e1ndez Universidad de Alcal\u00e1 de Henares<\/li> <li>\u00c1ngeles Guti\u00e9rrez Garc\u00eda Universidad Aut\u00f3noma de Madrid (UAM)<\/li> <li>KevinVan der Meulen Universidad Aut\u00f3noma de Madrid (UAM)<\/li> <li>Jos\u00e9 EugenioOrtega Ruano Universidad Aut\u00f3noma de Madrid (UAM)<\/li> <li>BernardoAlarcos Alc\u00e1zar Universidad de Alcal\u00e1 de Henares<\/li> <li>Antonio Garc\u00eda Herr\u00e1iz Universidad de Alcal\u00e1 de Henares<\/li> <li>PilarRoyo Garc\u00eda Universidad de Alcal\u00e1 de Henares<\/li> <li>Cristinadel Barrio Mart\u00ednez Universidad Aut\u00f3noma de Madrid (UAM)<\/li> <li>Juan Ram\u00f3n Velasco P\u00e9rez Universidad de Alcal\u00e1 de Henares<\/li> <li>DiegoRivera Pinto Universidad de Alcal\u00e1 de Henares<\/li> <li>SusanaN\u00fa\u00f1ez Nagy Universidad de Alcal\u00e1 de Henares<\/li> <li>CristinaSerrano Garc\u00eda Universidad de Alcal\u00e1 de Henares<\/li> <li>CristinaLaorden Guti\u00e9rrez <blockquote><strong>0<\/strong><\/blockquote> Universidad de Alcal\u00e1 de Henares<\/li> <\/ul>","telefono":"","pagina_web":"","email":"","id_ficha_portal":"1195","video":"","adjuntos":false,"adjuntos_portal":"","inf":false,"departamento":"","acf":[],"lang":"es","translation":{"es":8724},"_links":{"self":[{"href":"https:\/\/www.upm.es\/recursosidi\/wp-json\/wp\/v2\/product\/8724"}],"collection":[{"href":"https:\/\/www.upm.es\/recursosidi\/wp-json\/wp\/v2\/product"}],"about":[{"href":"https:\/\/www.upm.es\/recursosidi\/wp-json\/wp\/v2\/types\/product"}],"wp:attachment":[{"href":"https:\/\/www.upm.es\/recursosidi\/wp-json\/wp\/v2\/media?parent=8724"}],"wp:term":[{"taxonomy":"product_cat","embeddable":true,"href":"https:\/\/www.upm.es\/recursosidi\/wp-json\/wp\/v2\/product_cat?post=8724"},{"taxonomy":"product_tag","embeddable":true,"href":"https:\/\/www.upm.es\/recursosidi\/wp-json\/wp\/v2\/product_tag?post=8724"},{"taxonomy":"comunidad_upm","embeddable":true,"href":"https:\/\/www.upm.es\/recursosidi\/wp-json\/wp\/v2\/comunidades-upm?post=8724"},{"taxonomy":"quien","embeddable":true,"href":"https:\/\/www.upm.es\/recursosidi\/wp-json\/wp\/v2\/quien?post=8724"},{"taxonomy":"mapa","embeddable":true,"href":"https:\/\/www.upm.es\/recursosidi\/wp-json\/wp\/v2\/mapa?post=8724"},{"taxonomy":"disponibilidad","embeddable":true,"href":"https:\/\/www.upm.es\/recursosidi\/wp-json\/wp\/v2\/disponibilidad?post=8724"},{"taxonomy":"donde","embeddable":true,"href":"https:\/\/www.upm.es\/recursosidi\/wp-json\/wp\/v2\/donde?post=8724"},{"taxonomy":"infraestructura","embeddable":true,"href":"https:\/\/www.upm.es\/recursosidi\/wp-json\/wp\/v2\/infraestructura?post=8724"},{"taxonomy":"ods","embeddable":true,"href":"https:\/\/www.upm.es\/recursosidi\/wp-json\/wp\/v2\/ods?post=8724"},{"taxonomy":"origen","embeddable":true,"href":"https:\/\/www.upm.es\/recursosidi\/wp-json\/wp\/v2\/origen?post=8724"}],"curies":[{"name":"wp","href":"https:\/\/api.w.org\/{rel}","templated":true}]}}