{"id":8726,"date":"2021-11-25T14:19:25","date_gmt":"2021-11-25T13:19:25","guid":{"rendered":"https:\/\/www.upm.es\/recursosidi\/offers-resources\/sin categor\u00eda\/soporte-para-fijar-al-cuerpo-de-un-usuario-un-dispositivo\/"},"modified":"2022-08-10T02:18:55","modified_gmt":"2022-08-10T00:18:55","slug":"soporte-para-fijar-al-cuerpo-de-un-usuario-un-dispositivo","status":"publish","type":"product","link":"https:\/\/www.upm.es\/recursosidi\/offers-resources\/patentes\/soporte-para-fijar-al-cuerpo-de-un-usuario-un-dispositivo\/","title":{"rendered":"Soporte para fijar al cuerpo de un usuario un dispositivo"},"content":{"rendered":"<h5>Descripci\u00f3n de la patente <\/h5>\n<p>Soporte para fijar al cuerpo de un usuario un dispositivo para medir la posici\u00f3n y\/o el movimiento del cuerpo, que comprende una superficie de apoyo sustancialmente<br \/>\nindeformable y conformada para fijar el soporte a la parte anterior de una pierna del usuario apoyando la superficie de apoyo en el \u00e1rea anterior de la tibia.<br \/>\nEl soporte proporciona una fijaci\u00f3n estable al dispositivo y, por tanto, permite una medici\u00f3n por el dispositivo m\u00e1s fiable.<\/p>\n<h5>Situaci\u00f3n <\/h5>\n<p>Concedida<\/p>\n<h5>N\u00famero de solicitud<\/h5>\n<p>P201631307<\/p>\n<h5>N\u00famero de publicaci\u00f3n<\/h5>\n<p>ES 2593096<\/p>\n<h5>Fecha de presentaci\u00f3n <\/h5>\n<p>10\/10\/2016<\/p>\n<h5>Fecha de publicaci\u00f3n <\/h5>\n<p>05\/12\/2016<\/p>\n<h5>Fecha de concesi\u00f3n <\/h5>\n<p>28\/04\/2017<\/p>\n<div class=\"pdfprnt-buttons pdfprnt-buttons-product pdfprnt-bottom-left\"><a href=\"https:\/\/www.upm.es\/recursosidi\/wp-json\/wp\/v2\/product\/8726?print=pdf\" class=\"pdfprnt-button pdfprnt-button-pdf\" target=\"_blank\"><span class=\"pdfprnt-button-title pdfprnt-button-pdf-title\">Descargar ficha<\/span><\/a><\/div>","protected":false},"excerpt":{"rendered":"<p>Descripci\u00f3n de la patente Soporte para fijar al cuerpo de un usuario un dispositivo para medir la posici\u00f3n y\/o el movimiento del cuerpo, que comprende&hellip;<\/p>\n","protected":false},"featured_media":0,"template":"","meta":{"_acf_changed":false},"product_cat":[3946],"product_tag":[],"comunidades-upm":[],"quien":[],"mapa":[],"disponibilidad":[],"donde":[{"term_id":540,"name":"Grupo de Investigaci\u00f3n Psicosocial en el Deporte","slug":"grupo-de-investigacion-psicosocial-en-el-deporte","term_group":0,"term_taxonomy_id":540,"taxonomy":"donde","description":"","parent":0,"count":1,"filter":"raw","term_order":"0"}],"infraestructura":[],"ods":[],"origen":[{"term_id":180,"name":"Patente","slug":"patente","term_group":0,"term_taxonomy_id":180,"taxonomy":"origen","description":"","parent":0,"count":614,"filter":"raw","term_order":"0"}],"familia_tax":false,"quien_tax":false,"donde_tax":false,"year":"","contacto":"<strong>Principales: <\/strong><ul><li>MIGUEL ANGEL GOMEZ RUANO <blockquote><strong>miguelangel.gomez.ruano@upm.es<\/strong><\/blockquote><\/li><\/ul><strong>Otros inventores UPM: <\/strong><ul><li>Jes\u00fas Aceituno Duque Facultad de CC. de la Act.F\u00edsica y Dep.<\/li><\/ul>","telefono":"","pagina_web":"","email":"","id_ficha_portal":"1186","video":"","adjuntos":false,"adjuntos_portal":"https:\/\/www.upm.es\/S2i\/Acuse\/recuperarArchivo.jsp?id=1186&id_archivo=7979&tipo=patente&extension=fichero ","inf":false,"departamento":"","acf":[],"lang":"es","translation":{"es":8726},"_links":{"self":[{"href":"https:\/\/www.upm.es\/recursosidi\/wp-json\/wp\/v2\/product\/8726"}],"collection":[{"href":"https:\/\/www.upm.es\/recursosidi\/wp-json\/wp\/v2\/product"}],"about":[{"href":"https:\/\/www.upm.es\/recursosidi\/wp-json\/wp\/v2\/types\/product"}],"wp:attachment":[{"href":"https:\/\/www.upm.es\/recursosidi\/wp-json\/wp\/v2\/media?parent=8726"}],"wp:term":[{"taxonomy":"product_cat","embeddable":true,"href":"https:\/\/www.upm.es\/recursosidi\/wp-json\/wp\/v2\/product_cat?post=8726"},{"taxonomy":"product_tag","embeddable":true,"href":"https:\/\/www.upm.es\/recursosidi\/wp-json\/wp\/v2\/product_tag?post=8726"},{"taxonomy":"comunidad_upm","embeddable":true,"href":"https:\/\/www.upm.es\/recursosidi\/wp-json\/wp\/v2\/comunidades-upm?post=8726"},{"taxonomy":"quien","embeddable":true,"href":"https:\/\/www.upm.es\/recursosidi\/wp-json\/wp\/v2\/quien?post=8726"},{"taxonomy":"mapa","embeddable":true,"href":"https:\/\/www.upm.es\/recursosidi\/wp-json\/wp\/v2\/mapa?post=8726"},{"taxonomy":"disponibilidad","embeddable":true,"href":"https:\/\/www.upm.es\/recursosidi\/wp-json\/wp\/v2\/disponibilidad?post=8726"},{"taxonomy":"donde","embeddable":true,"href":"https:\/\/www.upm.es\/recursosidi\/wp-json\/wp\/v2\/donde?post=8726"},{"taxonomy":"infraestructura","embeddable":true,"href":"https:\/\/www.upm.es\/recursosidi\/wp-json\/wp\/v2\/infraestructura?post=8726"},{"taxonomy":"ods","embeddable":true,"href":"https:\/\/www.upm.es\/recursosidi\/wp-json\/wp\/v2\/ods?post=8726"},{"taxonomy":"origen","embeddable":true,"href":"https:\/\/www.upm.es\/recursosidi\/wp-json\/wp\/v2\/origen?post=8726"}],"curies":[{"name":"wp","href":"https:\/\/api.w.org\/{rel}","templated":true}]}}