{"id":8728,"date":"2021-11-25T14:19:30","date_gmt":"2021-11-25T13:19:30","guid":{"rendered":"https:\/\/www.upm.es\/recursosidi\/offers-resources\/sin categor\u00eda\/canalizacion-aislada-termicamente-y-con-extraccion-de-calor-con-interior-a-muy-baja-temperatura\/"},"modified":"2022-08-10T02:19:00","modified_gmt":"2022-08-10T00:19:00","slug":"canalizacion-aislada-termicamente-y-con-extraccion-de-calor-con-interior-a-muy-baja-temperatura","status":"publish","type":"product","link":"https:\/\/www.upm.es\/recursosidi\/offers-resources\/patentes\/canalizacion-aislada-termicamente-y-con-extraccion-de-calor-con-interior-a-muy-baja-temperatura\/","title":{"rendered":"CANALIZACI\u00d3N AISLADA T\u00c9RMICAMENTE Y CON EXTRACCI\u00d3N DE CALOR, CON INTERIOR A MUY BAJA TEMPERATURA"},"content":{"rendered":"<h5>Descripci\u00f3n de la patente <\/h5>\n<p>Dispositivo que usa fuentes criog\u00e9nicas para hacer circular un fluido enfriador por unas conducciones bien adyacentes, o bien inmersas en unos recipientes longitudinales que conforman las paredes de la canalizaci\u00f3n, habiendo dentro de los recipientes, que son herm\u00e9ticos, un fluido que, o bien se congela, o bien se enfr\u00eda por debajo de su punto triple, con la consiguiente disminuci\u00f3n de conductividad t\u00e9rmica efectiva a trav\u00e9s de dicho dispositivo, que se configura en su secci\u00f3n recta como una superposici\u00f3n de coronas circulares, estructuradas como haces seleccionados entre recipientes circulares, o recipientes abovedados.<\/p>\n<h5>Situaci\u00f3n <\/h5>\n<p>Concedida<\/p>\n<h5>N\u00famero de solicitud<\/h5>\n<p>P201630522<\/p>\n<h5>N\u00famero de publicaci\u00f3n<\/h5>\n<p>ES2598171<\/p>\n<h5>Fecha de presentaci\u00f3n <\/h5>\n<p>25\/04\/2016<\/p>\n<h5>Fecha de publicaci\u00f3n <\/h5>\n<p>25\/01\/2017<\/p>\n<h5>Fecha de concesi\u00f3n <\/h5>\n<p>30\/06\/2017<\/p>\n<div class=\"pdfprnt-buttons pdfprnt-buttons-product pdfprnt-bottom-left\"><a href=\"https:\/\/www.upm.es\/recursosidi\/wp-json\/wp\/v2\/product\/8728?print=pdf\" class=\"pdfprnt-button pdfprnt-button-pdf\" target=\"_blank\"><span class=\"pdfprnt-button-title pdfprnt-button-pdf-title\">Descargar ficha<\/span><\/a><\/div>","protected":false},"excerpt":{"rendered":"<p>Descripci\u00f3n de la patente Dispositivo que usa fuentes criog\u00e9nicas para hacer circular un fluido enfriador por unas conducciones bien adyacentes, o bien inmersas en unos&hellip;<\/p>\n","protected":false},"featured_media":0,"template":"","meta":{"_acf_changed":false},"product_cat":[3946],"product_tag":[],"comunidades-upm":[],"quien":[],"mapa":[],"disponibilidad":[],"donde":[{"term_id":238,"name":"Instituto de Fusi\u00f3n Nuclear \"Guillermo Velarde\" (IFN-GV)","slug":"instituto-de-fusion-nuclear-guillermo-velarde-ifn-gv","term_group":0,"term_taxonomy_id":238,"taxonomy":"donde","description":"","parent":0,"count":57,"filter":"raw","term_order":"0"},{"term_id":390,"name":"Thermal Energy for Sustainability","slug":"thermal-energy-for-sustainability","term_group":0,"term_taxonomy_id":390,"taxonomy":"donde","description":"","parent":0,"count":57,"filter":"raw","term_order":"0"}],"infraestructura":[],"ods":[],"origen":[{"term_id":180,"name":"Patente","slug":"patente","term_group":0,"term_taxonomy_id":180,"taxonomy":"origen","description":"","parent":0,"count":614,"filter":"raw","term_order":"0"}],"familia_tax":false,"quien_tax":false,"donde_tax":false,"year":"","contacto":"<strong>Principales: <\/strong><ul><li>JOSE MARIA MARTINEZ-VAL PE\u00d1ALOSA <blockquote><strong>josemaria.martinezval@upm.es<\/strong><\/blockquote><\/li><li>JAVIER MU\u00d1OZ ANTON <blockquote><strong>javier.munoz.anton@upm.es<\/strong><\/blockquote><\/li><li>JUAN MANUEL GONZALEZ GARCIA <blockquote><strong>juanmanuel.gonzalez@upm.es<\/strong><\/blockquote><\/li><\/ul>","telefono":"","pagina_web":"","email":"","id_ficha_portal":"1182","video":"","adjuntos":false,"adjuntos_portal":"https:\/\/www.upm.es\/S2i\/Acuse\/recuperarArchivo.jsp?id=1182&id_archivo=8192&tipo=patente&extension=fichero ","inf":false,"departamento":"","acf":[],"lang":"es","translation":{"es":8728},"_links":{"self":[{"href":"https:\/\/www.upm.es\/recursosidi\/wp-json\/wp\/v2\/product\/8728"}],"collection":[{"href":"https:\/\/www.upm.es\/recursosidi\/wp-json\/wp\/v2\/product"}],"about":[{"href":"https:\/\/www.upm.es\/recursosidi\/wp-json\/wp\/v2\/types\/product"}],"wp:attachment":[{"href":"https:\/\/www.upm.es\/recursosidi\/wp-json\/wp\/v2\/media?parent=8728"}],"wp:term":[{"taxonomy":"product_cat","embeddable":true,"href":"https:\/\/www.upm.es\/recursosidi\/wp-json\/wp\/v2\/product_cat?post=8728"},{"taxonomy":"product_tag","embeddable":true,"href":"https:\/\/www.upm.es\/recursosidi\/wp-json\/wp\/v2\/product_tag?post=8728"},{"taxonomy":"comunidad_upm","embeddable":true,"href":"https:\/\/www.upm.es\/recursosidi\/wp-json\/wp\/v2\/comunidades-upm?post=8728"},{"taxonomy":"quien","embeddable":true,"href":"https:\/\/www.upm.es\/recursosidi\/wp-json\/wp\/v2\/quien?post=8728"},{"taxonomy":"mapa","embeddable":true,"href":"https:\/\/www.upm.es\/recursosidi\/wp-json\/wp\/v2\/mapa?post=8728"},{"taxonomy":"disponibilidad","embeddable":true,"href":"https:\/\/www.upm.es\/recursosidi\/wp-json\/wp\/v2\/disponibilidad?post=8728"},{"taxonomy":"donde","embeddable":true,"href":"https:\/\/www.upm.es\/recursosidi\/wp-json\/wp\/v2\/donde?post=8728"},{"taxonomy":"infraestructura","embeddable":true,"href":"https:\/\/www.upm.es\/recursosidi\/wp-json\/wp\/v2\/infraestructura?post=8728"},{"taxonomy":"ods","embeddable":true,"href":"https:\/\/www.upm.es\/recursosidi\/wp-json\/wp\/v2\/ods?post=8728"},{"taxonomy":"origen","embeddable":true,"href":"https:\/\/www.upm.es\/recursosidi\/wp-json\/wp\/v2\/origen?post=8728"}],"curies":[{"name":"wp","href":"https:\/\/api.w.org\/{rel}","templated":true}]}}