{"id":8732,"date":"2021-11-25T14:19:39","date_gmt":"2021-11-25T13:19:39","guid":{"rendered":"https:\/\/www.upm.es\/recursosidi\/offers-resources\/sin categor\u00eda\/dispositivo-rotatorio-horizontal-de-concentracion-de-la-radiacion-solar-2\/"},"modified":"2022-08-10T02:19:12","modified_gmt":"2022-08-10T00:19:12","slug":"dispositivo-rotatorio-horizontal-de-concentracion-de-la-radiacion-solar-2","status":"publish","type":"product","link":"https:\/\/www.upm.es\/recursosidi\/offers-resources\/patentes\/dispositivo-rotatorio-horizontal-de-concentracion-de-la-radiacion-solar-2\/","title":{"rendered":"Dispositivo rotatorio horizontal de concentraci\u00f3n de la radiaci\u00f3n solar"},"content":{"rendered":"<h5>Descripci\u00f3n de la patente <\/h5>\n<p>Se utilizan m\u00f3dulos de espejos originalmente planos, que se deforman por las acciones mec\u00e1nicas de las pinzas existentes en al menos cuatro puntos de los bordes del m\u00f3dulo de espejo, haciendo que la intensidad de la radiaci\u00f3n concentrada sobre la l\u00ednea focal, sea moderadamente alta. La invenci\u00f3n incluye las especificaciones sobre los momentos flectores aplicables a cada serie de m\u00f3dulos de espejo, y da asimismo cuenta de c\u00f3mo se han de dimensionar las distancias y \u00e1ngulos que definen el montaje.<\/p>\n<h5>Situaci\u00f3n <\/h5>\n<p>Concedida<\/p>\n<h5>N\u00famero de solicitud<\/h5>\n<p>P201630836<\/p>\n<h5>N\u00famero de publicaci\u00f3n<\/h5>\n<p>ES 2578804<\/p>\n<h5>Fecha de presentaci\u00f3n <\/h5>\n<p>21\/06\/2016<\/p>\n<h5>Fecha de publicaci\u00f3n <\/h5>\n<p>01\/08\/2016<\/p>\n<h5>Fecha de concesi\u00f3n <\/h5>\n<p>07\/04\/2017<\/p>\n<div class=\"pdfprnt-buttons pdfprnt-buttons-product pdfprnt-bottom-left\"><a href=\"https:\/\/www.upm.es\/recursosidi\/wp-json\/wp\/v2\/product\/8732?print=pdf\" class=\"pdfprnt-button pdfprnt-button-pdf\" target=\"_blank\"><span class=\"pdfprnt-button-title pdfprnt-button-pdf-title\">Descargar ficha<\/span><\/a><\/div>","protected":false},"excerpt":{"rendered":"<p>Descripci\u00f3n de la patente Se utilizan m\u00f3dulos de espejos originalmente planos, que se deforman por las acciones mec\u00e1nicas de las pinzas existentes en al menos&hellip;<\/p>\n","protected":false},"featured_media":0,"template":"","meta":{"_acf_changed":false},"product_cat":[3946],"product_tag":[],"comunidades-upm":[],"quien":[],"mapa":[],"disponibilidad":[],"donde":[{"term_id":238,"name":"Instituto de Fusi\u00f3n Nuclear \"Guillermo Velarde\" (IFN-GV)","slug":"instituto-de-fusion-nuclear-guillermo-velarde-ifn-gv","term_group":0,"term_taxonomy_id":238,"taxonomy":"donde","description":"","parent":0,"count":57,"filter":"raw","term_order":"0"},{"term_id":390,"name":"Thermal Energy for Sustainability","slug":"thermal-energy-for-sustainability","term_group":0,"term_taxonomy_id":390,"taxonomy":"donde","description":"","parent":0,"count":57,"filter":"raw","term_order":"0"}],"infraestructura":[],"ods":[],"origen":[{"term_id":180,"name":"Patente","slug":"patente","term_group":0,"term_taxonomy_id":180,"taxonomy":"origen","description":"","parent":0,"count":614,"filter":"raw","term_order":"0"}],"familia_tax":false,"quien_tax":false,"donde_tax":false,"year":"","contacto":"<strong>Principales: <\/strong><ul><li>JOSE MARIA MARTINEZ-VAL PE\u00d1ALOSA <blockquote><strong>josemaria.martinezval@upm.es<\/strong><\/blockquote><\/li><li>Maria Jose Montes Pita <blockquote><strong>mj_montes_pita@yahoo.es<\/strong><\/blockquote><\/li><li>JAVIER MU\u00d1OZ ANTON <blockquote><strong>javier.munoz.anton@upm.es<\/strong><\/blockquote><\/li><li>Antonio Rovira De Antonio <blockquote><strong>rovira@ind.uned.es<\/strong><\/blockquote><\/li><li>RUBEN ABBAS CAMARA <blockquote><strong>ruben.abbas@upm.es<\/strong><\/blockquote><\/li><li>Mireia Piera Carrete <blockquote><strong>mpiera@ind.uned.es<\/strong><\/blockquote><\/li><\/ul>","telefono":"","pagina_web":"","email":"","id_ficha_portal":"1192","video":"","adjuntos":false,"adjuntos_portal":"https:\/\/www.upm.es\/S2i\/Acuse\/recuperarArchivo.jsp?id=1192&id_archivo=7858&tipo=patente&extension=fichero ","inf":false,"departamento":"","acf":[],"lang":"es","translation":{"es":8732},"_links":{"self":[{"href":"https:\/\/www.upm.es\/recursosidi\/wp-json\/wp\/v2\/product\/8732"}],"collection":[{"href":"https:\/\/www.upm.es\/recursosidi\/wp-json\/wp\/v2\/product"}],"about":[{"href":"https:\/\/www.upm.es\/recursosidi\/wp-json\/wp\/v2\/types\/product"}],"wp:attachment":[{"href":"https:\/\/www.upm.es\/recursosidi\/wp-json\/wp\/v2\/media?parent=8732"}],"wp:term":[{"taxonomy":"product_cat","embeddable":true,"href":"https:\/\/www.upm.es\/recursosidi\/wp-json\/wp\/v2\/product_cat?post=8732"},{"taxonomy":"product_tag","embeddable":true,"href":"https:\/\/www.upm.es\/recursosidi\/wp-json\/wp\/v2\/product_tag?post=8732"},{"taxonomy":"comunidad_upm","embeddable":true,"href":"https:\/\/www.upm.es\/recursosidi\/wp-json\/wp\/v2\/comunidades-upm?post=8732"},{"taxonomy":"quien","embeddable":true,"href":"https:\/\/www.upm.es\/recursosidi\/wp-json\/wp\/v2\/quien?post=8732"},{"taxonomy":"mapa","embeddable":true,"href":"https:\/\/www.upm.es\/recursosidi\/wp-json\/wp\/v2\/mapa?post=8732"},{"taxonomy":"disponibilidad","embeddable":true,"href":"https:\/\/www.upm.es\/recursosidi\/wp-json\/wp\/v2\/disponibilidad?post=8732"},{"taxonomy":"donde","embeddable":true,"href":"https:\/\/www.upm.es\/recursosidi\/wp-json\/wp\/v2\/donde?post=8732"},{"taxonomy":"infraestructura","embeddable":true,"href":"https:\/\/www.upm.es\/recursosidi\/wp-json\/wp\/v2\/infraestructura?post=8732"},{"taxonomy":"ods","embeddable":true,"href":"https:\/\/www.upm.es\/recursosidi\/wp-json\/wp\/v2\/ods?post=8732"},{"taxonomy":"origen","embeddable":true,"href":"https:\/\/www.upm.es\/recursosidi\/wp-json\/wp\/v2\/origen?post=8732"}],"curies":[{"name":"wp","href":"https:\/\/api.w.org\/{rel}","templated":true}]}}