{"id":8734,"date":"2021-11-25T14:19:44","date_gmt":"2021-11-25T13:19:44","guid":{"rendered":"https:\/\/www.upm.es\/recursosidi\/offers-resources\/sin categor\u00eda\/sistema-de-bombeo-fotovoltaico-hibridado-hidraulicamente-con-la-red-electrica-o-con-grupos-diesel-para-aplicaciones-de-riego\/"},"modified":"2022-08-10T02:19:18","modified_gmt":"2022-08-10T00:19:18","slug":"sistema-de-bombeo-fotovoltaico-hibridado-hidraulicamente-con-la-red-electrica-o-con-grupos-diesel-para-aplicaciones-de-riego","status":"publish","type":"product","link":"https:\/\/www.upm.es\/recursosidi\/offers-resources\/patentes\/sistema-de-bombeo-fotovoltaico-hibridado-hidraulicamente-con-la-red-electrica-o-con-grupos-diesel-para-aplicaciones-de-riego\/","title":{"rendered":"Sistema de bombeo fotovoltaico hibridado hidr\u00e1ulicamente con la red el\u00e9ctrica o con grupos di\u00e9sel para aplicaciones de riego"},"content":{"rendered":"<h5>Descripci\u00f3n de la patente <\/h5>\n<p>El objeto de la presente invenci\u00f3n consiste en proporcionar un sistema de bombeo fotovoltaico hibridado hidr\u00e1ulicamente con la red el\u00e9ctrica o con grupos di\u00e9sel para aplicaciones de riego capaz de ofrecer un aprovechamiento m\u00e1ximo y una mayor penetraci\u00f3n de la energ\u00eda solar fotovoltaica, tanto en riegos a presi\u00f3n y caudal constantes como a presi\u00f3n y caudal variables<\/p>\n<h5>Situaci\u00f3n <\/h5>\n<p>Concedida<\/p>\n<h5>N\u00famero de solicitud<\/h5>\n<p>P201730059<\/p>\n<h5>N\u00famero de publicaci\u00f3n<\/h5>\n<p>ES2608527<\/p>\n<h5>Fecha de presentaci\u00f3n <\/h5>\n<p>19\/01\/2017<\/p>\n<h5>Fecha de publicaci\u00f3n <\/h5>\n<p>11\/04\/2017<\/p>\n<h5>Fecha de concesi\u00f3n <\/h5>\n<p>17\/07\/2017<\/p>\n<h4><strong>Extensiones Internacionales<\/strong><\/h4>\n<h5>PCT<\/h5>\n<p><strong>Referencia de la solicitud: <\/strong>PCT\/ES2017\/070857<br \/><strong>T\u00edtulo: <\/strong>SISTEMA DE BOMBEO FOTOVOLTAICO HIBRIDADO  HIDR\u00c1ULICAMENTE CON LA RED EL\u00c9CTRICA O CON GRUPOS DI\u00c9SEL PARA APLICACIONES DE RIEGO <\/p>\n<h5>PA\u00cdSES<\/h5>\n<p><strong>Pa\u00eds: <\/strong>ARGENTINA<br \/><strong>N\u00famero de solicitud: <\/strong>P 17 01 03725<br \/><strong>Titulo: <\/strong>SISTEMA DE BOMBEO FOTOVOLTAICO HIBRIDADO  HIDR\u00c1ULICAMENTE CON LA RED EL\u00c9CTRICA O CON GRUPOS DI\u00c9SEL PARA APLICACIONES DE RIEGO <br \/><strong>Situaci\u00f3n: <\/strong>Presentada<\/p>\n<div class=\"pdfprnt-buttons pdfprnt-buttons-product pdfprnt-bottom-left\"><a href=\"https:\/\/www.upm.es\/recursosidi\/wp-json\/wp\/v2\/product\/8734?print=pdf\" class=\"pdfprnt-button pdfprnt-button-pdf\" target=\"_blank\"><span class=\"pdfprnt-button-title pdfprnt-button-pdf-title\">Descargar ficha<\/span><\/a><\/div>","protected":false},"excerpt":{"rendered":"<p>Descripci\u00f3n de la patente El objeto de la presente invenci\u00f3n consiste en proporcionar un sistema de bombeo fotovoltaico hibridado hidr\u00e1ulicamente con la red el\u00e9ctrica o&hellip;<\/p>\n","protected":false},"featured_media":0,"template":"","meta":{"_acf_changed":false},"product_cat":[3946],"product_tag":[],"comunidades-upm":[],"quien":[],"mapa":[],"disponibilidad":[],"donde":[{"term_id":236,"name":"Instituto de Energ\u00eda Solar (IES)","slug":"instituto-de-energia-solar-ies","term_group":0,"term_taxonomy_id":236,"taxonomy":"donde","description":"","parent":0,"count":41,"filter":"raw","term_order":"0"},{"term_id":554,"name":"Sistemas Fotovoltaicos","slug":"sistemas-fotovoltaicos","term_group":0,"term_taxonomy_id":554,"taxonomy":"donde","description":"","parent":0,"count":10,"filter":"raw","term_order":"0"}],"infraestructura":[],"ods":[],"origen":[{"term_id":180,"name":"Patente","slug":"patente","term_group":0,"term_taxonomy_id":180,"taxonomy":"origen","description":"","parent":0,"count":614,"filter":"raw","term_order":"0"}],"familia_tax":false,"quien_tax":false,"donde_tax":false,"year":"","contacto":"<strong>Principales: <\/strong><ul><li>ANTONIO-P.EDUARDO LORENZO PIGUEIRAS <blockquote><strong>antonio.lorenzo@upm.es<\/strong><\/blockquote><\/li><li>LUIS NARVARTE FERNANDEZ <blockquote><strong>luis.narvarte@upm.es<\/strong><\/blockquote><\/li><li>Jos\u00e9 Fern\u00e1ndez Ramos <blockquote><strong>jfernandezr@uma.es<\/strong><\/blockquote><\/li><li>RITA HOGAN TEVES DE ALMEIDA <blockquote><strong>rita.hogan@upm.es<\/strong><\/blockquote><\/li><li>ISAAC AFONSO BARATA CARRELO <blockquote><strong>isaacalfonso.barata@upm.es<\/strong><\/blockquote><\/li><li>LUIS MIGUEL CARRASCO MORENO <blockquote><strong>luismiguel.carrasco@upm.es<\/strong><\/blockquote><\/li><\/ul>","telefono":"","pagina_web":"","email":"","id_ficha_portal":"1349","video":"","adjuntos":false,"adjuntos_portal":"https:\/\/www.upm.es\/S2i\/Acuse\/recuperarArchivo.jsp?id=1349&id_archivo=8208&tipo=patente&extension=fichero ","inf":false,"departamento":"","acf":[],"lang":"es","translation":{"es":8734},"_links":{"self":[{"href":"https:\/\/www.upm.es\/recursosidi\/wp-json\/wp\/v2\/product\/8734"}],"collection":[{"href":"https:\/\/www.upm.es\/recursosidi\/wp-json\/wp\/v2\/product"}],"about":[{"href":"https:\/\/www.upm.es\/recursosidi\/wp-json\/wp\/v2\/types\/product"}],"wp:attachment":[{"href":"https:\/\/www.upm.es\/recursosidi\/wp-json\/wp\/v2\/media?parent=8734"}],"wp:term":[{"taxonomy":"product_cat","embeddable":true,"href":"https:\/\/www.upm.es\/recursosidi\/wp-json\/wp\/v2\/product_cat?post=8734"},{"taxonomy":"product_tag","embeddable":true,"href":"https:\/\/www.upm.es\/recursosidi\/wp-json\/wp\/v2\/product_tag?post=8734"},{"taxonomy":"comunidad_upm","embeddable":true,"href":"https:\/\/www.upm.es\/recursosidi\/wp-json\/wp\/v2\/comunidades-upm?post=8734"},{"taxonomy":"quien","embeddable":true,"href":"https:\/\/www.upm.es\/recursosidi\/wp-json\/wp\/v2\/quien?post=8734"},{"taxonomy":"mapa","embeddable":true,"href":"https:\/\/www.upm.es\/recursosidi\/wp-json\/wp\/v2\/mapa?post=8734"},{"taxonomy":"disponibilidad","embeddable":true,"href":"https:\/\/www.upm.es\/recursosidi\/wp-json\/wp\/v2\/disponibilidad?post=8734"},{"taxonomy":"donde","embeddable":true,"href":"https:\/\/www.upm.es\/recursosidi\/wp-json\/wp\/v2\/donde?post=8734"},{"taxonomy":"infraestructura","embeddable":true,"href":"https:\/\/www.upm.es\/recursosidi\/wp-json\/wp\/v2\/infraestructura?post=8734"},{"taxonomy":"ods","embeddable":true,"href":"https:\/\/www.upm.es\/recursosidi\/wp-json\/wp\/v2\/ods?post=8734"},{"taxonomy":"origen","embeddable":true,"href":"https:\/\/www.upm.es\/recursosidi\/wp-json\/wp\/v2\/origen?post=8734"}],"curies":[{"name":"wp","href":"https:\/\/api.w.org\/{rel}","templated":true}]}}