{"id":8735,"date":"2021-11-25T14:19:47","date_gmt":"2021-11-25T13:19:47","guid":{"rendered":"https:\/\/www.upm.es\/recursosidi\/offers-resources\/sin categor\u00eda\/dispositivo-para-ensayos-de-relajacion-de-tensiones-a-flexion-en-laminas-de-madera-curvadas-con-radio-constante\/"},"modified":"2022-08-10T02:19:21","modified_gmt":"2022-08-10T00:19:21","slug":"dispositivo-para-ensayos-de-relajacion-de-tensiones-a-flexion-en-laminas-de-madera-curvadas-con-radio-constante","status":"publish","type":"product","link":"https:\/\/www.upm.es\/recursosidi\/offers-resources\/patentes\/dispositivo-para-ensayos-de-relajacion-de-tensiones-a-flexion-en-laminas-de-madera-curvadas-con-radio-constante\/","title":{"rendered":"Dispositivo para ensayos de relajaci\u00f3n de tensiones a flexi\u00f3n en l\u00e1minas de madera curvadas con radio constante"},"content":{"rendered":"<h5>Descripci\u00f3n de la patente <\/h5>\n<p>Dispositivo para ensayos de relajaci\u00f3n de tensiones a flexi\u00f3n en l\u00e1minas de madera curvadas con radio constante. La presente invenci\u00f3n se refiere a un dispositivo que permite la realizaci\u00f3n de ensayos de materiales y estructuras. El dispositivo comprende una estructura soporte; una pareja o m\u00e1s de elementos de sujeci\u00f3n y curvado de l\u00e1minas; una pareja o m\u00e1s de barras tensoras y c\u00e9lulas de carga; una pareja o m\u00e1s de<br \/>\nelementos de regulaci\u00f3n.<\/p>\n<h5>Situaci\u00f3n <\/h5>\n<p>Concedida<\/p>\n<h5>N\u00famero de solicitud<\/h5>\n<p>P201730481<\/p>\n<h5>N\u00famero de publicaci\u00f3n<\/h5>\n<p>ES2649543<\/p>\n<h5>Fecha de presentaci\u00f3n <\/h5>\n<p>30\/03\/2017<\/p>\n<h5>Fecha de publicaci\u00f3n <\/h5>\n<p>12\/01\/2018<\/p>\n<h5>Fecha de concesi\u00f3n <\/h5>\n<p>09\/05\/2018<\/p>\n<div class=\"pdfprnt-buttons pdfprnt-buttons-product pdfprnt-bottom-left\"><a href=\"https:\/\/www.upm.es\/recursosidi\/wp-json\/wp\/v2\/product\/8735?print=pdf\" class=\"pdfprnt-button pdfprnt-button-pdf\" target=\"_blank\"><span class=\"pdfprnt-button-title pdfprnt-button-pdf-title\">Descargar ficha<\/span><\/a><\/div>","protected":false},"excerpt":{"rendered":"<p>Descripci\u00f3n de la patente Dispositivo para ensayos de relajaci\u00f3n de tensiones a flexi\u00f3n en l\u00e1minas de madera curvadas con radio constante. La presente invenci\u00f3n se&hellip;<\/p>\n","protected":false},"featured_media":0,"template":"","meta":{"_acf_changed":false},"product_cat":[3946],"product_tag":[],"comunidades-upm":[],"quien":[],"mapa":[],"disponibilidad":[],"donde":[{"term_id":340,"name":"Construcci\u00f3n con Madera","slug":"construccion-con-madera","term_group":0,"term_taxonomy_id":340,"taxonomy":"donde","description":"","parent":0,"count":6,"filter":"raw","term_order":"0"}],"infraestructura":[],"ods":[],"origen":[{"term_id":180,"name":"Patente","slug":"patente","term_group":0,"term_taxonomy_id":180,"taxonomy":"origen","description":"","parent":0,"count":614,"filter":"raw","term_order":"0"}],"familia_tax":false,"quien_tax":false,"donde_tax":false,"year":"","contacto":"<strong>Principales: <\/strong><ul><li>MARIA ALMUDENA MAJANO MAJANO <blockquote><strong>almudena.majano@upm.es<\/strong><\/blockquote><\/li><\/ul><strong>Otros inventores: <\/strong><ul><li>Manuel Guaita Fern\u00e1ndez USC - Universidad de Santiago de Compostela<\/li> <li>JorgeCrespo Outes USC - Universidad de Santiago de Compostela<\/li> <li>Antonio Jos\u00e9 Lara Bocanegra USC - Universidad de Santiago de Compostela<\/li> <\/ul>","telefono":"","pagina_web":"","email":"","id_ficha_portal":"1378","video":"","adjuntos":false,"adjuntos_portal":"https:\/\/www.upm.es\/S2i\/Acuse\/recuperarArchivo.jsp?id=1378&id_archivo=8987&tipo=patente&extension=fichero ","inf":false,"departamento":"","acf":[],"lang":"es","translation":{"es":8735},"_links":{"self":[{"href":"https:\/\/www.upm.es\/recursosidi\/wp-json\/wp\/v2\/product\/8735"}],"collection":[{"href":"https:\/\/www.upm.es\/recursosidi\/wp-json\/wp\/v2\/product"}],"about":[{"href":"https:\/\/www.upm.es\/recursosidi\/wp-json\/wp\/v2\/types\/product"}],"wp:attachment":[{"href":"https:\/\/www.upm.es\/recursosidi\/wp-json\/wp\/v2\/media?parent=8735"}],"wp:term":[{"taxonomy":"product_cat","embeddable":true,"href":"https:\/\/www.upm.es\/recursosidi\/wp-json\/wp\/v2\/product_cat?post=8735"},{"taxonomy":"product_tag","embeddable":true,"href":"https:\/\/www.upm.es\/recursosidi\/wp-json\/wp\/v2\/product_tag?post=8735"},{"taxonomy":"comunidad_upm","embeddable":true,"href":"https:\/\/www.upm.es\/recursosidi\/wp-json\/wp\/v2\/comunidades-upm?post=8735"},{"taxonomy":"quien","embeddable":true,"href":"https:\/\/www.upm.es\/recursosidi\/wp-json\/wp\/v2\/quien?post=8735"},{"taxonomy":"mapa","embeddable":true,"href":"https:\/\/www.upm.es\/recursosidi\/wp-json\/wp\/v2\/mapa?post=8735"},{"taxonomy":"disponibilidad","embeddable":true,"href":"https:\/\/www.upm.es\/recursosidi\/wp-json\/wp\/v2\/disponibilidad?post=8735"},{"taxonomy":"donde","embeddable":true,"href":"https:\/\/www.upm.es\/recursosidi\/wp-json\/wp\/v2\/donde?post=8735"},{"taxonomy":"infraestructura","embeddable":true,"href":"https:\/\/www.upm.es\/recursosidi\/wp-json\/wp\/v2\/infraestructura?post=8735"},{"taxonomy":"ods","embeddable":true,"href":"https:\/\/www.upm.es\/recursosidi\/wp-json\/wp\/v2\/ods?post=8735"},{"taxonomy":"origen","embeddable":true,"href":"https:\/\/www.upm.es\/recursosidi\/wp-json\/wp\/v2\/origen?post=8735"}],"curies":[{"name":"wp","href":"https:\/\/api.w.org\/{rel}","templated":true}]}}