{"id":8739,"date":"2021-11-25T14:19:57","date_gmt":"2021-11-25T13:19:57","guid":{"rendered":"https:\/\/www.upm.es\/recursosidi\/offers-resources\/sin categor\u00eda\/metodo-y-sistema-electronico-para-la-asistencia-cognitiva-integral\/"},"modified":"2022-08-10T02:19:32","modified_gmt":"2022-08-10T00:19:32","slug":"metodo-y-sistema-electronico-para-la-asistencia-cognitiva-integral","status":"publish","type":"product","link":"https:\/\/www.upm.es\/recursosidi\/offers-resources\/patentes\/metodo-y-sistema-electronico-para-la-asistencia-cognitiva-integral\/","title":{"rendered":"M\u00e9todo y sistema electr\u00f3nico para la asistencia cognitiva integral"},"content":{"rendered":"<h5>Descripci\u00f3n de la patente <\/h5>\n<p>La invenci\u00f3n consiste en un m\u00e9todo y un dispositivo novedosos para la asistencia cognitiva integral en la vida cotidiana. Es  un sistema que mejora  la comprensi\u00f3n,  aprendizaje y memorizaci\u00f3n del entorno del sujeto, a trav\u00e9s de la integraci\u00f3n de un sistema de realidad virtual aumentada, coordinado con un sistema de mejora global de la memoria mediante la modulaci\u00f3n del sue\u00f1o; y un sistema experto inteligente que controla ambos subsistemas. El uso continuado de ACISTE mejora la memoria y el aprendizaje a lo largo del envejecimiento, mientras proporcionan asistencia en las tareas cotidianas del usuario.<\/p>\n<h5>Situaci\u00f3n <\/h5>\n<p>Concedida<\/p>\n<h5>N\u00famero de solicitud<\/h5>\n<p>P201631583<\/p>\n<h5>N\u00famero de publicaci\u00f3n<\/h5>\n<p>ES2638280<\/p>\n<h5>Fecha de presentaci\u00f3n <\/h5>\n<p>13\/12\/2016<\/p>\n<h5>Fecha de publicaci\u00f3n <\/h5>\n<p>19\/10\/2017<\/p>\n<h5>Fecha de concesi\u00f3n <\/h5>\n<p>26\/10\/2018<\/p>\n<div class=\"pdfprnt-buttons pdfprnt-buttons-product pdfprnt-bottom-left\"><a href=\"https:\/\/www.upm.es\/recursosidi\/wp-json\/wp\/v2\/product\/8739?print=pdf\" class=\"pdfprnt-button pdfprnt-button-pdf\" target=\"_blank\"><span class=\"pdfprnt-button-title pdfprnt-button-pdf-title\">Descargar ficha<\/span><\/a><\/div>","protected":false},"excerpt":{"rendered":"<p>Descripci\u00f3n de la patente La invenci\u00f3n consiste en un m\u00e9todo y un dispositivo novedosos para la asistencia cognitiva integral en la vida cotidiana. Es un&hellip;<\/p>\n","protected":false},"featured_media":0,"template":"","meta":{"_acf_changed":false},"product_cat":[3946],"product_tag":[],"comunidades-upm":[],"quien":[],"mapa":[],"disponibilidad":[],"donde":[{"term_id":556,"name":"Centro de Tecnolog\u00eda Biom\u00e9dica (CTB)","slug":"centro-de-tecnologia-biomedica-ctb","term_group":0,"term_taxonomy_id":556,"taxonomy":"donde","description":"","parent":0,"count":84,"filter":"raw","term_order":"0"},{"term_id":620,"name":"Tecnolog\u00edas para Ciencias de la Salud","slug":"tecnologias-para-ciencias-de-la-salud","term_group":0,"term_taxonomy_id":620,"taxonomy":"donde","description":"","parent":0,"count":21,"filter":"raw","term_order":"0"}],"infraestructura":[],"ods":[],"origen":[{"term_id":180,"name":"Patente","slug":"patente","term_group":0,"term_taxonomy_id":180,"taxonomy":"origen","description":"","parent":0,"count":614,"filter":"raw","term_order":"0"}],"familia_tax":false,"quien_tax":false,"donde_tax":false,"year":"","contacto":"<strong>Principales: <\/strong><ul><li>CEFERINO MAESTU UNTURBE <blockquote><strong>ceferino.maestu@upm.es<\/strong><\/blockquote><\/li><li>NAZARIO FELIX GONZALEZ <blockquote><strong>n.felix@upm.es<\/strong><\/blockquote><\/li><\/ul><strong>Otros inventores UPM: <\/strong><ul><li>Juan Antonio Barios Heredero<\/li><li>Jorge Barios Heredero<\/li><\/ul>","telefono":"","pagina_web":"","email":"","id_ficha_portal":"1309","video":"","adjuntos":false,"adjuntos_portal":"https:\/\/www.upm.es\/S2i\/Acuse\/recuperarArchivo.jsp?id=1309&id_archivo=9438&tipo=patente&extension=fichero ","inf":false,"departamento":"","acf":[],"lang":"es","translation":{"es":8739},"_links":{"self":[{"href":"https:\/\/www.upm.es\/recursosidi\/wp-json\/wp\/v2\/product\/8739"}],"collection":[{"href":"https:\/\/www.upm.es\/recursosidi\/wp-json\/wp\/v2\/product"}],"about":[{"href":"https:\/\/www.upm.es\/recursosidi\/wp-json\/wp\/v2\/types\/product"}],"wp:attachment":[{"href":"https:\/\/www.upm.es\/recursosidi\/wp-json\/wp\/v2\/media?parent=8739"}],"wp:term":[{"taxonomy":"product_cat","embeddable":true,"href":"https:\/\/www.upm.es\/recursosidi\/wp-json\/wp\/v2\/product_cat?post=8739"},{"taxonomy":"product_tag","embeddable":true,"href":"https:\/\/www.upm.es\/recursosidi\/wp-json\/wp\/v2\/product_tag?post=8739"},{"taxonomy":"comunidad_upm","embeddable":true,"href":"https:\/\/www.upm.es\/recursosidi\/wp-json\/wp\/v2\/comunidades-upm?post=8739"},{"taxonomy":"quien","embeddable":true,"href":"https:\/\/www.upm.es\/recursosidi\/wp-json\/wp\/v2\/quien?post=8739"},{"taxonomy":"mapa","embeddable":true,"href":"https:\/\/www.upm.es\/recursosidi\/wp-json\/wp\/v2\/mapa?post=8739"},{"taxonomy":"disponibilidad","embeddable":true,"href":"https:\/\/www.upm.es\/recursosidi\/wp-json\/wp\/v2\/disponibilidad?post=8739"},{"taxonomy":"donde","embeddable":true,"href":"https:\/\/www.upm.es\/recursosidi\/wp-json\/wp\/v2\/donde?post=8739"},{"taxonomy":"infraestructura","embeddable":true,"href":"https:\/\/www.upm.es\/recursosidi\/wp-json\/wp\/v2\/infraestructura?post=8739"},{"taxonomy":"ods","embeddable":true,"href":"https:\/\/www.upm.es\/recursosidi\/wp-json\/wp\/v2\/ods?post=8739"},{"taxonomy":"origen","embeddable":true,"href":"https:\/\/www.upm.es\/recursosidi\/wp-json\/wp\/v2\/origen?post=8739"}],"curies":[{"name":"wp","href":"https:\/\/api.w.org\/{rel}","templated":true}]}}