{"id":8741,"date":"2021-11-25T14:20:02","date_gmt":"2021-11-25T13:20:02","guid":{"rendered":"https:\/\/www.upm.es\/recursosidi\/offers-resources\/sin categor\u00eda\/dispositivo-electronico-para-terapia-visual\/"},"modified":"2022-08-10T02:19:37","modified_gmt":"2022-08-10T00:19:37","slug":"dispositivo-electronico-para-terapia-visual","status":"publish","type":"product","link":"https:\/\/www.upm.es\/recursosidi\/offers-resources\/patentes\/dispositivo-electronico-para-terapia-visual\/","title":{"rendered":"Dispositivo electr\u00f3nico para terapia visual"},"content":{"rendered":"<h5>Descripci\u00f3n de la patente <\/h5>\n<p>Se describe un dispositivo que incluye un primer elemento hueco con dos fuentes de luz que se pueden desplazar de derecha a izquierda con respecto al usuario mediante un conjunto de motores y ejes; un segundo elemento hueco que puede desplazarse acerc\u00e1ndose y alej\u00e1ndose de las fuentes de luz y que cuenta con una l\u00e1mina espejada con forma de casquete esf\u00e9rico en la cara pr\u00f3xima al usuario; y un sistema de energ\u00eda y control con el que se regula el movimiento de los ejes, el encendido y apagado de los motores, y las modificaciones de las fuentes de luz. El dispositivo,<br \/>\nadem\u00e1s, puede fabricarse utilizando materiales ligeros que permitan su portabilidad. Mediante este dispositivo electr\u00f3nico se pueden mejorar la coordinaci\u00f3n visual,<br \/>\nlas vergencias, la acomodaci\u00f3n y la fusi\u00f3n plana.<\/p>\n<h5>Situaci\u00f3n <\/h5>\n<p>Concedida<\/p>\n<h5>N\u00famero de solicitud<\/h5>\n<p>P201700138<\/p>\n<h5>N\u00famero de publicaci\u00f3n<\/h5>\n<p>ES2679295<\/p>\n<h5>Fecha de presentaci\u00f3n <\/h5>\n<p>21\/02\/2017<\/p>\n<h5>Fecha de publicaci\u00f3n <\/h5>\n<p>23\/08\/2018<\/p>\n<h5>Fecha de concesi\u00f3n <\/h5>\n<p>25\/04\/2019<\/p>\n<div class=\"pdfprnt-buttons pdfprnt-buttons-product pdfprnt-bottom-left\"><a href=\"https:\/\/www.upm.es\/recursosidi\/wp-json\/wp\/v2\/product\/8741?print=pdf\" class=\"pdfprnt-button pdfprnt-button-pdf\" target=\"_blank\"><span class=\"pdfprnt-button-title pdfprnt-button-pdf-title\">Descargar ficha<\/span><\/a><\/div>","protected":false},"excerpt":{"rendered":"<p>Descripci\u00f3n de la patente Se describe un dispositivo que incluye un primer elemento hueco con dos fuentes de luz que se pueden desplazar de derecha&hellip;<\/p>\n","protected":false},"featured_media":0,"template":"","meta":{"_acf_changed":false},"product_cat":[3946],"product_tag":[],"comunidades-upm":[],"quien":[],"mapa":[],"disponibilidad":[],"donde":[{"term_id":42,"name":"UPM","slug":"upm","term_group":0,"term_taxonomy_id":42,"taxonomy":"donde","description":"Universidad Polit\u00e9cnica de Madrid\r\nHTML \"Lorem ipsum dolor sit amet, consectetur adipiscing elit, sed do eiusmod tempor incididunt ut labore et dolore magna aliqua. Ut enim ad minim veniam, quis nostrud exercitation ullamco laboris nisi ut aliquip ex ea commodo consequat. Duis aute irure dolor in reprehenderit in voluptate velit esse cillum dolore eu fugiat nulla pariatur. Excepteur sint occaecat cupidatat non proident, sunt in culpa qui officia deserunt mollit anim id est laborum.\"","parent":0,"count":146,"filter":"raw","term_order":"0"}],"infraestructura":[],"ods":[],"origen":[{"term_id":180,"name":"Patente","slug":"patente","term_group":0,"term_taxonomy_id":180,"taxonomy":"origen","description":"","parent":0,"count":614,"filter":"raw","term_order":"0"}],"familia_tax":false,"quien_tax":false,"donde_tax":false,"year":"","contacto":"<ul><li><blockquote><strong>otri.investigacion@upm.es<\/strong><\/blockquote><\/li><\/ul>","telefono":"","pagina_web":"","email":"","id_ficha_portal":"1369","video":"","adjuntos":false,"adjuntos_portal":"https:\/\/www.upm.es\/S2i\/Acuse\/recuperarArchivo.jsp?id=1369&id_archivo=9899&tipo=patente&extension=fichero ","inf":false,"departamento":"","acf":[],"lang":"es","translation":{"es":8741},"_links":{"self":[{"href":"https:\/\/www.upm.es\/recursosidi\/wp-json\/wp\/v2\/product\/8741"}],"collection":[{"href":"https:\/\/www.upm.es\/recursosidi\/wp-json\/wp\/v2\/product"}],"about":[{"href":"https:\/\/www.upm.es\/recursosidi\/wp-json\/wp\/v2\/types\/product"}],"wp:attachment":[{"href":"https:\/\/www.upm.es\/recursosidi\/wp-json\/wp\/v2\/media?parent=8741"}],"wp:term":[{"taxonomy":"product_cat","embeddable":true,"href":"https:\/\/www.upm.es\/recursosidi\/wp-json\/wp\/v2\/product_cat?post=8741"},{"taxonomy":"product_tag","embeddable":true,"href":"https:\/\/www.upm.es\/recursosidi\/wp-json\/wp\/v2\/product_tag?post=8741"},{"taxonomy":"comunidad_upm","embeddable":true,"href":"https:\/\/www.upm.es\/recursosidi\/wp-json\/wp\/v2\/comunidades-upm?post=8741"},{"taxonomy":"quien","embeddable":true,"href":"https:\/\/www.upm.es\/recursosidi\/wp-json\/wp\/v2\/quien?post=8741"},{"taxonomy":"mapa","embeddable":true,"href":"https:\/\/www.upm.es\/recursosidi\/wp-json\/wp\/v2\/mapa?post=8741"},{"taxonomy":"disponibilidad","embeddable":true,"href":"https:\/\/www.upm.es\/recursosidi\/wp-json\/wp\/v2\/disponibilidad?post=8741"},{"taxonomy":"donde","embeddable":true,"href":"https:\/\/www.upm.es\/recursosidi\/wp-json\/wp\/v2\/donde?post=8741"},{"taxonomy":"infraestructura","embeddable":true,"href":"https:\/\/www.upm.es\/recursosidi\/wp-json\/wp\/v2\/infraestructura?post=8741"},{"taxonomy":"ods","embeddable":true,"href":"https:\/\/www.upm.es\/recursosidi\/wp-json\/wp\/v2\/ods?post=8741"},{"taxonomy":"origen","embeddable":true,"href":"https:\/\/www.upm.es\/recursosidi\/wp-json\/wp\/v2\/origen?post=8741"}],"curies":[{"name":"wp","href":"https:\/\/api.w.org\/{rel}","templated":true}]}}