{"id":8742,"date":"2021-11-25T14:20:04","date_gmt":"2021-11-25T13:20:04","guid":{"rendered":"https:\/\/www.upm.es\/recursosidi\/offers-resources\/sin categor\u00eda\/accesorio-endoscopico\/"},"modified":"2022-08-10T02:19:40","modified_gmt":"2022-08-10T00:19:40","slug":"accesorio-endoscopico","status":"publish","type":"product","link":"https:\/\/www.upm.es\/recursosidi\/offers-resources\/patentes\/accesorio-endoscopico\/","title":{"rendered":"Accesorio endosc\u00f3pico"},"content":{"rendered":"<h5>Descripci\u00f3n de la patente <\/h5>\n<p>Cabezal endosc\u00f3pico multifunci\u00f3n, cuyo dise\u00f1o especial incorpora un \u00fatil perforado longitudinal y transversalmente, que permite llevar a cabo procesos endosc\u00f3picos y cromo-encosc\u00f3picos, as\u00ed como disecciones endosc\u00f3picoas, de forma m\u00e1s r\u00e1pida y segura. <\/p>\n<h5>Situaci\u00f3n <\/h5>\n<p>Concedida<\/p>\n<h5>N\u00famero de solicitud<\/h5>\n<p>P201730569<\/p>\n<h5>N\u00famero de publicaci\u00f3n<\/h5>\n<p>ES2656563B1<\/p>\n<h5>Fecha de presentaci\u00f3n <\/h5>\n<p>31\/03\/2017<\/p>\n<h5>Fecha de publicaci\u00f3n <\/h5>\n<p>27\/02\/2018<\/p>\n<h5>Fecha de concesi\u00f3n <\/h5>\n<p>26\/12\/2018<\/p>\n<div class=\"pdfprnt-buttons pdfprnt-buttons-product pdfprnt-bottom-left\"><a href=\"https:\/\/www.upm.es\/recursosidi\/wp-json\/wp\/v2\/product\/8742?print=pdf\" class=\"pdfprnt-button pdfprnt-button-pdf\" target=\"_blank\"><span class=\"pdfprnt-button-title pdfprnt-button-pdf-title\">Descargar ficha<\/span><\/a><\/div>","protected":false},"excerpt":{"rendered":"<p>Descripci\u00f3n de la patente Cabezal endosc\u00f3pico multifunci\u00f3n, cuyo dise\u00f1o especial incorpora un \u00fatil perforado longitudinal y transversalmente, que permite llevar a cabo procesos endosc\u00f3picos y&hellip;<\/p>\n","protected":false},"featured_media":0,"template":"","meta":{"_acf_changed":false},"product_cat":[3946],"product_tag":[],"comunidades-upm":[],"quien":[],"mapa":[],"disponibilidad":[],"donde":[{"term_id":310,"name":"GI-IM: Grupo de Investigaci\u00f3n en Ingenier\u00eda de M\u00e1quinas","slug":"gi-im-grupo-de-investigacion-en-ingenieria-de-maquinas","term_group":0,"term_taxonomy_id":310,"taxonomy":"donde","description":"","parent":0,"count":12,"filter":"raw","term_order":"0"}],"infraestructura":[],"ods":[],"origen":[{"term_id":180,"name":"Patente","slug":"patente","term_group":0,"term_taxonomy_id":180,"taxonomy":"origen","description":"","parent":0,"count":614,"filter":"raw","term_order":"0"}],"familia_tax":false,"quien_tax":false,"donde_tax":false,"year":"","contacto":"<strong>Principales: <\/strong><ul><li>ANDRES DIAZ LANTADA <blockquote><strong>andres.diaz@upm.es<\/strong><\/blockquote><\/li><li>PEDRO ORTEGO GARCIA <blockquote><strong>p.ortego@upm.es<\/strong><\/blockquote><\/li><\/ul><strong>Otros inventores: <\/strong><ul><li>ConsueloFroilan Torres Fundaci\u00f3n de Investigaci\u00f3n Biom\u00e9dica del Hospital Universitario &#8220;La Paz<\/li> <li>Pedrode Mar\u00eda Pallar\u00e9s Fundaci\u00f3n de Investigaci\u00f3n Biom\u00e9dica del Hospital Universitario &#8220;La Paz<\/li> <\/ul>","telefono":"","pagina_web":"","email":"","id_ficha_portal":"1183","video":"","adjuntos":false,"adjuntos_portal":"","inf":false,"departamento":"","acf":[],"lang":"es","translation":{"es":8742},"_links":{"self":[{"href":"https:\/\/www.upm.es\/recursosidi\/wp-json\/wp\/v2\/product\/8742"}],"collection":[{"href":"https:\/\/www.upm.es\/recursosidi\/wp-json\/wp\/v2\/product"}],"about":[{"href":"https:\/\/www.upm.es\/recursosidi\/wp-json\/wp\/v2\/types\/product"}],"wp:attachment":[{"href":"https:\/\/www.upm.es\/recursosidi\/wp-json\/wp\/v2\/media?parent=8742"}],"wp:term":[{"taxonomy":"product_cat","embeddable":true,"href":"https:\/\/www.upm.es\/recursosidi\/wp-json\/wp\/v2\/product_cat?post=8742"},{"taxonomy":"product_tag","embeddable":true,"href":"https:\/\/www.upm.es\/recursosidi\/wp-json\/wp\/v2\/product_tag?post=8742"},{"taxonomy":"comunidad_upm","embeddable":true,"href":"https:\/\/www.upm.es\/recursosidi\/wp-json\/wp\/v2\/comunidades-upm?post=8742"},{"taxonomy":"quien","embeddable":true,"href":"https:\/\/www.upm.es\/recursosidi\/wp-json\/wp\/v2\/quien?post=8742"},{"taxonomy":"mapa","embeddable":true,"href":"https:\/\/www.upm.es\/recursosidi\/wp-json\/wp\/v2\/mapa?post=8742"},{"taxonomy":"disponibilidad","embeddable":true,"href":"https:\/\/www.upm.es\/recursosidi\/wp-json\/wp\/v2\/disponibilidad?post=8742"},{"taxonomy":"donde","embeddable":true,"href":"https:\/\/www.upm.es\/recursosidi\/wp-json\/wp\/v2\/donde?post=8742"},{"taxonomy":"infraestructura","embeddable":true,"href":"https:\/\/www.upm.es\/recursosidi\/wp-json\/wp\/v2\/infraestructura?post=8742"},{"taxonomy":"ods","embeddable":true,"href":"https:\/\/www.upm.es\/recursosidi\/wp-json\/wp\/v2\/ods?post=8742"},{"taxonomy":"origen","embeddable":true,"href":"https:\/\/www.upm.es\/recursosidi\/wp-json\/wp\/v2\/origen?post=8742"}],"curies":[{"name":"wp","href":"https:\/\/api.w.org\/{rel}","templated":true}]}}