{"id":8744,"date":"2021-11-25T14:20:09","date_gmt":"2021-11-25T13:20:09","guid":{"rendered":"https:\/\/www.upm.es\/recursosidi\/offers-resources\/sin categor\u00eda\/sistema-de-fondeo-y-metodo-de-instalacion-de-sistema-de-fondeo-enfondo-marino\/"},"modified":"2022-09-03T02:00:33","modified_gmt":"2022-09-03T00:00:33","slug":"sistema-de-fondeo-y-metodo-de-instalacion-de-sistema-de-fondeo-enfondo-marino","status":"publish","type":"product","link":"https:\/\/www.upm.es\/recursosidi\/offers-resources\/patentes\/sistema-de-fondeo-y-metodo-de-instalacion-de-sistema-de-fondeo-enfondo-marino\/","title":{"rendered":"Sistema de fondeo y m\u00e9todo de instalaci\u00f3n de sistema de fondeo en\r\nfondo marino"},"content":{"rendered":"<h5>Descripci\u00f3n de la patente <\/h5>\n<p>La invenci\u00f3n se refiere a un sistema de fondeo con medios de uni\u00f3n conectables a cables de fondeo, de remolque y bajada, y a cables gu\u00eda  de cables el\u00e9ctricos de transmisi\u00f3n de energ\u00eda y se\u00f1al, y medios de fijaci\u00f3n al fondo marino. El sistema tiene al menos un tubo de paso en el interior para el paso y sujeci\u00f3n de cables el\u00e9ctricos de transmisi\u00f3n de energ\u00eda y se\u00f1al. Adicionalmente la invenci\u00f3n se refiere a un m\u00e9todo de instalaci\u00f3n de sistema de fondeo en fondo marino, donde se<br \/>\nfabrica una estructura principal en tierra y se instalan los cables necesarios, se remolca la estructura principal hasta un punto deseado y se baja fij\u00e1ndola al fondo marino. Finalmente se colocan cables el\u00e9ctricos de transmisi\u00f3n de energ\u00eda y se\u00f1al en al menos un tubo de paso en el interior de la estructura principal.<\/p>\n<h5>Situaci\u00f3n <\/h5>\n<p>Concedida<\/p>\n<h5>N\u00famero de solicitud<\/h5>\n<p>P201730847<\/p>\n<h5>N\u00famero de publicaci\u00f3n<\/h5>\n<p>ES2695308<\/p>\n<h5>Fecha de presentaci\u00f3n <\/h5>\n<p>27\/06\/2017<\/p>\n<h5>Fecha de publicaci\u00f3n <\/h5>\n<p>03\/01\/2019<\/p>\n<h5>Fecha de concesi\u00f3n <\/h5>\n<p>04\/07\/2019<\/p>\n<div class=\"pdfprnt-buttons pdfprnt-buttons-product pdfprnt-bottom-left\"><a href=\"https:\/\/www.upm.es\/recursosidi\/wp-json\/wp\/v2\/product\/8744?print=pdf\" class=\"pdfprnt-button pdfprnt-button-pdf\" target=\"_blank\"><span class=\"pdfprnt-button-title pdfprnt-button-pdf-title\">Descargar ficha<\/span><\/a><\/div>","protected":false},"excerpt":{"rendered":"<p>Descripci\u00f3n de la patente La invenci\u00f3n se refiere a un sistema de fondeo con medios de uni\u00f3n conectables a cables de fondeo, de remolque y&hellip;<\/p>\n","protected":false},"featured_media":0,"template":"","meta":{"_acf_changed":false},"product_cat":[3946],"product_tag":[],"comunidades-upm":[],"quien":[],"mapa":[],"disponibilidad":[],"donde":[{"term_id":586,"name":"Grupo de Investigaci\u00f3n Tecnol\u00f3gico en Energ\u00edas Renovables Marinas. -GIT-ERM-","slug":"grupo-de-investigacion-tecnologico-en-energias-renovables-marinas-git-erm","term_group":0,"term_taxonomy_id":586,"taxonomy":"donde","description":"","parent":0,"count":4,"filter":"raw","term_order":"0"}],"infraestructura":[],"ods":[],"origen":[{"term_id":180,"name":"Patente","slug":"patente","term_group":0,"term_taxonomy_id":180,"taxonomy":"origen","description":"","parent":0,"count":614,"filter":"raw","term_order":"0"}],"familia_tax":false,"quien_tax":false,"donde_tax":false,"year":"","contacto":"<strong>Principales: <\/strong><ul><li>AMABLE LOPEZ PI\u00d1EIRO <blockquote><strong>amable.lopez@upm.es<\/strong><\/blockquote><\/li><li>LUIS RAMON NU\u00d1EZ RIVAS <blockquote><strong>luisramon.nunez@upm.es<\/strong><\/blockquote><\/li><li>JOSE ANDRES SOMOLINOS SANCHEZ <blockquote><strong>joseandres.somolinos@upm.es<\/strong><\/blockquote><\/li><\/ul>","telefono":"","pagina_web":"","email":"","id_ficha_portal":"1383","video":"","adjuntos":false,"adjuntos_portal":"https:\/\/www.upm.es\/S2i\/Acuse\/recuperarArchivo.jsp?id=1383&id_archivo=10117&tipo=patente&extension=fichero ","inf":false,"departamento":"","acf":[],"lang":"es","translation":{"es":8744},"_links":{"self":[{"href":"https:\/\/www.upm.es\/recursosidi\/wp-json\/wp\/v2\/product\/8744"}],"collection":[{"href":"https:\/\/www.upm.es\/recursosidi\/wp-json\/wp\/v2\/product"}],"about":[{"href":"https:\/\/www.upm.es\/recursosidi\/wp-json\/wp\/v2\/types\/product"}],"wp:attachment":[{"href":"https:\/\/www.upm.es\/recursosidi\/wp-json\/wp\/v2\/media?parent=8744"}],"wp:term":[{"taxonomy":"product_cat","embeddable":true,"href":"https:\/\/www.upm.es\/recursosidi\/wp-json\/wp\/v2\/product_cat?post=8744"},{"taxonomy":"product_tag","embeddable":true,"href":"https:\/\/www.upm.es\/recursosidi\/wp-json\/wp\/v2\/product_tag?post=8744"},{"taxonomy":"comunidad_upm","embeddable":true,"href":"https:\/\/www.upm.es\/recursosidi\/wp-json\/wp\/v2\/comunidades-upm?post=8744"},{"taxonomy":"quien","embeddable":true,"href":"https:\/\/www.upm.es\/recursosidi\/wp-json\/wp\/v2\/quien?post=8744"},{"taxonomy":"mapa","embeddable":true,"href":"https:\/\/www.upm.es\/recursosidi\/wp-json\/wp\/v2\/mapa?post=8744"},{"taxonomy":"disponibilidad","embeddable":true,"href":"https:\/\/www.upm.es\/recursosidi\/wp-json\/wp\/v2\/disponibilidad?post=8744"},{"taxonomy":"donde","embeddable":true,"href":"https:\/\/www.upm.es\/recursosidi\/wp-json\/wp\/v2\/donde?post=8744"},{"taxonomy":"infraestructura","embeddable":true,"href":"https:\/\/www.upm.es\/recursosidi\/wp-json\/wp\/v2\/infraestructura?post=8744"},{"taxonomy":"ods","embeddable":true,"href":"https:\/\/www.upm.es\/recursosidi\/wp-json\/wp\/v2\/ods?post=8744"},{"taxonomy":"origen","embeddable":true,"href":"https:\/\/www.upm.es\/recursosidi\/wp-json\/wp\/v2\/origen?post=8744"}],"curies":[{"name":"wp","href":"https:\/\/api.w.org\/{rel}","templated":true}]}}