{"id":8747,"date":"2021-11-25T14:20:17","date_gmt":"2021-11-25T13:20:17","guid":{"rendered":"https:\/\/www.upm.es\/recursosidi\/offers-resources\/sin categor\u00eda\/abrigo-metereologico-mejorado-para-sensores-urbanos\/"},"modified":"2022-08-10T02:19:55","modified_gmt":"2022-08-10T00:19:55","slug":"abrigo-metereologico-mejorado-para-sensores-urbanos","status":"publish","type":"product","link":"https:\/\/www.upm.es\/recursosidi\/offers-resources\/patentes\/abrigo-metereologico-mejorado-para-sensores-urbanos\/","title":{"rendered":"Abrigo metereol\u00f3gico mejorado para sensores urbanos"},"content":{"rendered":"<h5>Descripci\u00f3n de la patente <\/h5>\n<p>La invenci\u00f3n se refiere a un abrigo meteorol\u00f3gico para sensores ambientales formado por una unidad de extracci\u00f3n de aire (1), que comprende una cubierta transparente (4) incorporada en una carcasa exterior (11) para alimentar a una c\u00e9lula fotovoltaica (5) que activa un ventilador (10), un contenedor central (2), para la ubicaci\u00f3n de al menos un sensor (7) ambiental ubicado en un soporte (18) fijado a unos v\u00e1stagos (17) que atraviesan el contenedor central (2), y un soporte exterior (3), para la fijaci\u00f3n del sistema a un elemento externo. El sistema comprende aberturas (8, 9, 10) para la circulaci\u00f3n de aire por el interior del abrigo meteorol\u00f3gico. <\/p>\n<h5>Situaci\u00f3n <\/h5>\n<p>Concedida<\/p>\n<h5>N\u00famero de solicitud<\/h5>\n<p>P201730698<\/p>\n<h5>N\u00famero de publicaci\u00f3n<\/h5>\n<p>ES2642617<\/p>\n<h5>Fecha de presentaci\u00f3n <\/h5>\n<p>16\/05\/2017<\/p>\n<h5>Fecha de publicaci\u00f3n <\/h5>\n<p>17\/11\/2017<\/p>\n<h5>Fecha de concesi\u00f3n <\/h5>\n<p>20\/09\/2018<\/p>\n<div class=\"pdfprnt-buttons pdfprnt-buttons-product pdfprnt-bottom-left\"><a href=\"https:\/\/www.upm.es\/recursosidi\/wp-json\/wp\/v2\/product\/8747?print=pdf\" class=\"pdfprnt-button pdfprnt-button-pdf\" target=\"_blank\"><span class=\"pdfprnt-button-title pdfprnt-button-pdf-title\">Descargar ficha<\/span><\/a><\/div>","protected":false},"excerpt":{"rendered":"<p>Descripci\u00f3n de la patente La invenci\u00f3n se refiere a un abrigo meteorol\u00f3gico para sensores ambientales formado por una unidad de extracci\u00f3n de aire (1), que&hellip;<\/p>\n","protected":false},"featured_media":0,"template":"","meta":{"_acf_changed":false},"product_cat":[3946],"product_tag":[],"comunidades-upm":[],"quien":[],"mapa":[],"disponibilidad":[],"donde":[{"term_id":260,"name":"Arquitectura Bioclim\u00e1tica en un entorno sostenible-ABIO","slug":"arquitectura-bioclimatica-en-un-entorno-sostenible-abio","term_group":0,"term_taxonomy_id":260,"taxonomy":"donde","description":"","parent":0,"count":19,"filter":"raw","term_order":"0"}],"infraestructura":[],"ods":[],"origen":[{"term_id":180,"name":"Patente","slug":"patente","term_group":0,"term_taxonomy_id":180,"taxonomy":"origen","description":"","parent":0,"count":614,"filter":"raw","term_order":"0"}],"familia_tax":false,"quien_tax":false,"donde_tax":false,"year":"","contacto":"<strong>Principales: <\/strong><ul><li>FCO. JAVIER NEILA GONZALEZ <blockquote><strong>fjavier.neila@upm.es<\/strong><\/blockquote><\/li><li>MIGUEL N\u00da\u00d1EZ PEIR\u00d3 <blockquote><strong>miguel.nunez@upm.es<\/strong><\/blockquote><\/li><li>MARIA DEL CARMEN SANCHEZ-GUEVARA SANCHEZ <blockquote><strong>carmen.sanchezguevara@upm.es<\/strong><\/blockquote><\/li><\/ul>","telefono":"","pagina_web":"","email":"","id_ficha_portal":"1373","video":"","adjuntos":false,"adjuntos_portal":"https:\/\/www.upm.es\/S2i\/Acuse\/recuperarArchivo.jsp?id=1373&id_archivo=9334&tipo=patente&extension=fichero ","inf":false,"departamento":"","acf":[],"lang":"es","translation":{"es":8747},"_links":{"self":[{"href":"https:\/\/www.upm.es\/recursosidi\/wp-json\/wp\/v2\/product\/8747"}],"collection":[{"href":"https:\/\/www.upm.es\/recursosidi\/wp-json\/wp\/v2\/product"}],"about":[{"href":"https:\/\/www.upm.es\/recursosidi\/wp-json\/wp\/v2\/types\/product"}],"wp:attachment":[{"href":"https:\/\/www.upm.es\/recursosidi\/wp-json\/wp\/v2\/media?parent=8747"}],"wp:term":[{"taxonomy":"product_cat","embeddable":true,"href":"https:\/\/www.upm.es\/recursosidi\/wp-json\/wp\/v2\/product_cat?post=8747"},{"taxonomy":"product_tag","embeddable":true,"href":"https:\/\/www.upm.es\/recursosidi\/wp-json\/wp\/v2\/product_tag?post=8747"},{"taxonomy":"comunidad_upm","embeddable":true,"href":"https:\/\/www.upm.es\/recursosidi\/wp-json\/wp\/v2\/comunidades-upm?post=8747"},{"taxonomy":"quien","embeddable":true,"href":"https:\/\/www.upm.es\/recursosidi\/wp-json\/wp\/v2\/quien?post=8747"},{"taxonomy":"mapa","embeddable":true,"href":"https:\/\/www.upm.es\/recursosidi\/wp-json\/wp\/v2\/mapa?post=8747"},{"taxonomy":"disponibilidad","embeddable":true,"href":"https:\/\/www.upm.es\/recursosidi\/wp-json\/wp\/v2\/disponibilidad?post=8747"},{"taxonomy":"donde","embeddable":true,"href":"https:\/\/www.upm.es\/recursosidi\/wp-json\/wp\/v2\/donde?post=8747"},{"taxonomy":"infraestructura","embeddable":true,"href":"https:\/\/www.upm.es\/recursosidi\/wp-json\/wp\/v2\/infraestructura?post=8747"},{"taxonomy":"ods","embeddable":true,"href":"https:\/\/www.upm.es\/recursosidi\/wp-json\/wp\/v2\/ods?post=8747"},{"taxonomy":"origen","embeddable":true,"href":"https:\/\/www.upm.es\/recursosidi\/wp-json\/wp\/v2\/origen?post=8747"}],"curies":[{"name":"wp","href":"https:\/\/api.w.org\/{rel}","templated":true}]}}