{"id":8748,"date":"2021-11-25T14:20:19","date_gmt":"2021-11-25T13:20:19","guid":{"rendered":"https:\/\/www.upm.es\/recursosidi\/offers-resources\/sin categor\u00eda\/acumulador-y-convertidor-de-energia-solar-termica\/"},"modified":"2022-08-10T02:19:58","modified_gmt":"2022-08-10T00:19:58","slug":"acumulador-y-convertidor-de-energia-solar-termica","status":"publish","type":"product","link":"https:\/\/www.upm.es\/recursosidi\/offers-resources\/patentes\/acumulador-y-convertidor-de-energia-solar-termica\/","title":{"rendered":"Acumulador y convertidor de energ\u00eda solar t\u00e9rmica"},"content":{"rendered":"<h5>Descripci\u00f3n de la patente <\/h5>\n<p>Acumulador y convertidor de energ\u00eda solar t\u00e9rmica provisto de una vasija de geometr\u00eda cil\u00edndrica con un material de cambio de fase en su interior y una cavidad \u00f3ptica cil\u00edndrica en su centro, definida por las paredes internas de la vasija y una apertura.  La configuraci\u00f3n permite aumentar la capacidad de generaci\u00f3n de potencia el\u00e9ctrica durante la fase de carga del sistema y adem\u00e1s, se consigue una mayor eficiencia de conversi\u00f3n al lograr un perfil de temperatura uniforme en el emisor.<\/p>\n<h5>Situaci\u00f3n <\/h5>\n<p>Concedida<\/p>\n<h5>N\u00famero de solicitud<\/h5>\n<p>P201631596<\/p>\n<h5>N\u00famero de publicaci\u00f3n<\/h5>\n<p>ES2610628<\/p>\n<h5>Fecha de presentaci\u00f3n <\/h5>\n<p>15\/12\/2016<\/p>\n<h5>Fecha de publicaci\u00f3n <\/h5>\n<p>28\/04\/2017<\/p>\n<h5>Fecha de concesi\u00f3n <\/h5>\n<p>03\/11\/2017<\/p>\n<div class=\"pdfprnt-buttons pdfprnt-buttons-product pdfprnt-bottom-left\"><a href=\"https:\/\/www.upm.es\/recursosidi\/wp-json\/wp\/v2\/product\/8748?print=pdf\" class=\"pdfprnt-button pdfprnt-button-pdf\" target=\"_blank\"><span class=\"pdfprnt-button-title pdfprnt-button-pdf-title\">Descargar ficha<\/span><\/a><\/div>","protected":false},"excerpt":{"rendered":"<p>Descripci\u00f3n de la patente Acumulador y convertidor de energ\u00eda solar t\u00e9rmica provisto de una vasija de geometr\u00eda cil\u00edndrica con un material de cambio de fase&hellip;<\/p>\n","protected":false},"featured_media":0,"template":"","meta":{"_acf_changed":false},"product_cat":[3946],"product_tag":[],"comunidades-upm":[],"quien":[],"mapa":[],"disponibilidad":[],"donde":[{"term_id":236,"name":"Instituto de Energ\u00eda Solar (IES)","slug":"instituto-de-energia-solar-ies","term_group":0,"term_taxonomy_id":236,"taxonomy":"donde","description":"","parent":0,"count":41,"filter":"raw","term_order":"0"},{"term_id":432,"name":"Silicio y Nuevos Conceptos para C\u00e9lulas Solares","slug":"silicio-y-nuevos-conceptos-para-celulas-solares","term_group":0,"term_taxonomy_id":432,"taxonomy":"donde","description":"Uno de nuestros objetivos es el estudio de los l&iacute;mites de conversi&oacute;n de la energ&iacute;a solar fotovoltaica, con especial &eacute;nfasis en identificar mecanismos que puedan mejorar dr&aacute;sticamente el rendimiento actual de esta conversi&oacute;n. Entre &eacute;stos, promovemos las C&eacute;lulas Solares de Banda Intermedia, un &aacute;mbito de investigaci&oacute;n iniciado por nosotros que ha tenido mucha repercusi&oacute;n internacional.\n&nbsp;\nPor otro lado, la investigaci&oacute;n que realizamos tiene por objeto el apoyo a la industria espa&ntilde;ola y europea de c&eacute;lulas solares de silicio cristalino (que son la mayor&iacute;a de las presentes en el mercado), con objeto de abaratar costes y desarrollar nuevos productos.\n&nbsp;\nTodo esto lo llevamos a cabo a trav&eacute;s de tres l&iacute;neas de Investigaci&oacute;n:\n\nC&aacute;lculos cu&aacute;nticos para c&eacute;lulas solares\nNuevos conceptos en c&eacute;lulas solares\nTecnolog&iacute;a de silicio cristalino\n","parent":0,"count":17,"filter":"raw","term_order":"0"}],"infraestructura":[],"ods":[],"origen":[{"term_id":180,"name":"Patente","slug":"patente","term_group":0,"term_taxonomy_id":180,"taxonomy":"origen","description":"","parent":0,"count":614,"filter":"raw","term_order":"0"}],"familia_tax":false,"quien_tax":false,"donde_tax":false,"year":"","contacto":"<strong>Principales: <\/strong><ul><li>CARLOS DEL CA\u00d1IZO NADAL <blockquote><strong>carlos.canizo@upm.es<\/strong><\/blockquote><\/li><li>ALEJANDRO DATAS MEDINA <blockquote><strong>a.datas@upm.es<\/strong><\/blockquote><\/li><li>ANTONIO MARTI VEGA <blockquote><strong>antonio.marti@upm.es<\/strong><\/blockquote><\/li><li>ANTONIO LUQUE LOPEZ <blockquote><strong>a.luque@upm.es<\/strong><\/blockquote><\/li><\/ul>","telefono":"","pagina_web":"","email":"","id_ficha_portal":"1308","video":"","adjuntos":false,"adjuntos_portal":"https:\/\/www.upm.es\/S2i\/Acuse\/recuperarArchivo.jsp?id=1308&id_archivo=8482&tipo=patente&extension=fichero ","inf":false,"departamento":"","acf":[],"lang":"es","translation":{"es":8748},"_links":{"self":[{"href":"https:\/\/www.upm.es\/recursosidi\/wp-json\/wp\/v2\/product\/8748"}],"collection":[{"href":"https:\/\/www.upm.es\/recursosidi\/wp-json\/wp\/v2\/product"}],"about":[{"href":"https:\/\/www.upm.es\/recursosidi\/wp-json\/wp\/v2\/types\/product"}],"wp:attachment":[{"href":"https:\/\/www.upm.es\/recursosidi\/wp-json\/wp\/v2\/media?parent=8748"}],"wp:term":[{"taxonomy":"product_cat","embeddable":true,"href":"https:\/\/www.upm.es\/recursosidi\/wp-json\/wp\/v2\/product_cat?post=8748"},{"taxonomy":"product_tag","embeddable":true,"href":"https:\/\/www.upm.es\/recursosidi\/wp-json\/wp\/v2\/product_tag?post=8748"},{"taxonomy":"comunidad_upm","embeddable":true,"href":"https:\/\/www.upm.es\/recursosidi\/wp-json\/wp\/v2\/comunidades-upm?post=8748"},{"taxonomy":"quien","embeddable":true,"href":"https:\/\/www.upm.es\/recursosidi\/wp-json\/wp\/v2\/quien?post=8748"},{"taxonomy":"mapa","embeddable":true,"href":"https:\/\/www.upm.es\/recursosidi\/wp-json\/wp\/v2\/mapa?post=8748"},{"taxonomy":"disponibilidad","embeddable":true,"href":"https:\/\/www.upm.es\/recursosidi\/wp-json\/wp\/v2\/disponibilidad?post=8748"},{"taxonomy":"donde","embeddable":true,"href":"https:\/\/www.upm.es\/recursosidi\/wp-json\/wp\/v2\/donde?post=8748"},{"taxonomy":"infraestructura","embeddable":true,"href":"https:\/\/www.upm.es\/recursosidi\/wp-json\/wp\/v2\/infraestructura?post=8748"},{"taxonomy":"ods","embeddable":true,"href":"https:\/\/www.upm.es\/recursosidi\/wp-json\/wp\/v2\/ods?post=8748"},{"taxonomy":"origen","embeddable":true,"href":"https:\/\/www.upm.es\/recursosidi\/wp-json\/wp\/v2\/origen?post=8748"}],"curies":[{"name":"wp","href":"https:\/\/api.w.org\/{rel}","templated":true}]}}