{"id":8750,"date":"2021-11-25T14:20:24","date_gmt":"2021-11-25T13:20:24","guid":{"rendered":"https:\/\/www.upm.es\/recursosidi\/offers-resources\/sin categor\u00eda\/process-and-device-for-direct-thermal-decomposition-of-hydrocarbons-with-liquid-metal-in-the-absence-of-oxygen-for-the-production-of-hydrogen-and-carbon\/"},"modified":"2022-08-10T02:20:04","modified_gmt":"2022-08-10T00:20:04","slug":"process-and-device-for-direct-thermal-decomposition-of-hydrocarbons-with-liquid-metal-in-the-absence-of-oxygen-for-the-production-of-hydrogen-and-carbon","status":"publish","type":"product","link":"https:\/\/www.upm.es\/recursosidi\/offers-resources\/patentes\/process-and-device-for-direct-thermal-decomposition-of-hydrocarbons-with-liquid-metal-in-the-absence-of-oxygen-for-the-production-of-hydrogen-and-carbon\/","title":{"rendered":"Process and device for direct thermal decomposition of hydrocarbons with liquid metal in the absence of oxygen for the production of hydrogen and carbon"},"content":{"rendered":"<h5>Descripci\u00f3n de la patente <\/h5>\n<p>La invenci\u00f3n se refiere a un proceso y a un dispositivo para la descomposici\u00f3n t\u00e9rmica directa de hidrocarburos en carbono s\u00f3lido e hidr\u00f3geno que comprende: precalentar una corriente de hidrocarburo gas a una temperatura entre 500 y 700\u00baC; inyectar la corriente de hidrocarburo gas precalentado en la piscina de un reactor de metal l\u00edquido que contiene un medio l\u00edquido; formar un flujo multif\u00e1sico con un gas hidrocarbonado que comprende hidr\u00f3geno y carbono s\u00f3lido a una temperatura entre 900 y 1200\u00baC; formar una capa de carbono en la superficie libre del medio l\u00edquido constituida por part\u00edculas de carbono s\u00f3lido que se desplazan a continuaci\u00f3n hacia al menos un sistema de extracci\u00f3n de carbono y al menos un recipiente para su recolecci\u00f3n; al mismo tiempo, el gas que comprende hidr\u00f3geno abandona la piscina del reactor a trav\u00e9s de una secci\u00f3n r\u00edgida porosa, siendo recogido en un colector de salida de gas desde donde el gas que comprende hidr\u00f3geno abandona finalmente el reactor de metal l\u00edquido.<\/p>\n<h5>Situaci\u00f3n <\/h5>\n<p>Concedida<\/p>\n<h5>N\u00famero de solicitud<\/h5>\n<p>EP18382064.6<\/p>\n<h5>Fecha de presentaci\u00f3n <\/h5>\n<p>06\/02\/2018<\/p>\n<h5>Fecha de publicaci\u00f3n <\/h5>\n<p>07\/08\/2019<\/p>\n<h5>Fecha de concesi\u00f3n <\/h5>\n<p>23\/09\/2020<\/p>\n<h4><strong>Extensiones Internacionales<\/strong><\/h4>\n<h5>PA\u00cdSES<\/h5>\n<p><strong>Pa\u00eds: <\/strong>Francia<br \/><strong>Situaci\u00f3n: <\/strong>Concedida<br \/><strong>Pa\u00eds: <\/strong>Gran Breta\u00f1a<br \/><strong>Situaci\u00f3n: <\/strong>Concedida<br \/><strong>Pa\u00eds: <\/strong>Noruega<br \/><strong>Situaci\u00f3n: <\/strong>Concedida<br \/><strong>Pa\u00eds: <\/strong>Canad\u00e1<br \/><strong>N\u00famero de solicitud: <\/strong>3,090,750<br \/><strong>Titulo: <\/strong>PROCESS<br \/>\nAND DEVICE FOR DIRECT THERMAL DECOMPOSITION OF HYDROCARBONS<br \/>\nWITH LIQUID METAL IN THE ABSENCE OF OXYGEN FOR THE PRODUCTION OF<br \/>\nHYDROGEN AND CARBON<br \/><strong>Situaci\u00f3n: <\/strong>Presentada<br \/><strong>Pa\u00eds: <\/strong>Estados Unidos<br \/><strong>N\u00famero de solicitud: <\/strong>US 16\/967,694<br \/><strong>Titulo: <\/strong>PROCESS AND DEVICE FOR DIRECT THERMAL DECOMPOSITION OF HYDROCARBONS WITH LIQUID METAL IN THE ABSENCE OF OXYGEN FOR THE PRODUCTION OF HYDROGEN AND CARBON<br \/><strong>Situaci\u00f3n: <\/strong>Presentada<br \/><strong>Pa\u00eds: <\/strong>Alemania<br \/><strong>N\u00famero de solicitud: <\/strong>60 2018 008 110.0<br \/><strong>Situaci\u00f3n: <\/strong>Concedida<br \/><strong>Pa\u00eds: <\/strong>Pa\u00edses Bajos<br \/><strong>Situaci\u00f3n: <\/strong>Concedida<br \/><strong>Pa\u00eds: <\/strong>Espa\u00f1a<br \/><strong>N\u00famero de solicitud: <\/strong>E18382064<br \/><strong>Titulo: <\/strong>Proceso y dispositivo para la descomposici\u00f3n t\u00e9rmica directa de hidrocarburos con metal<br \/>\nl\u00edquido en ausencia de ox\u00edgeno para la producci\u00f3n de hidr\u00f3geno y carbono<br \/><strong>Situaci\u00f3n: <\/strong>Concedida<\/p>\n<div class=\"pdfprnt-buttons pdfprnt-buttons-product pdfprnt-bottom-left\"><a href=\"https:\/\/www.upm.es\/recursosidi\/wp-json\/wp\/v2\/product\/8750?print=pdf\" class=\"pdfprnt-button pdfprnt-button-pdf\" target=\"_blank\"><span class=\"pdfprnt-button-title pdfprnt-button-pdf-title\">Descargar ficha<\/span><\/a><\/div>","protected":false},"excerpt":{"rendered":"<p>Descripci\u00f3n de la patente La invenci\u00f3n se refiere a un proceso y a un dispositivo para la descomposici\u00f3n t\u00e9rmica directa de hidrocarburos en carbono s\u00f3lido&hellip;<\/p>\n","protected":false},"featured_media":0,"template":"","meta":{"_acf_changed":false},"product_cat":[3946],"product_tag":[],"comunidades-upm":[],"quien":[],"mapa":[],"disponibilidad":[],"donde":[{"term_id":238,"name":"Instituto de Fusi\u00f3n Nuclear \"Guillermo Velarde\" (IFN-GV)","slug":"instituto-de-fusion-nuclear-guillermo-velarde-ifn-gv","term_group":0,"term_taxonomy_id":238,"taxonomy":"donde","description":"","parent":0,"count":57,"filter":"raw","term_order":"0"},{"term_id":390,"name":"Thermal Energy for Sustainability","slug":"thermal-energy-for-sustainability","term_group":0,"term_taxonomy_id":390,"taxonomy":"donde","description":"","parent":0,"count":57,"filter":"raw","term_order":"0"}],"infraestructura":[],"ods":[],"origen":[{"term_id":180,"name":"Patente","slug":"patente","term_group":0,"term_taxonomy_id":180,"taxonomy":"origen","description":"","parent":0,"count":614,"filter":"raw","term_order":"0"}],"familia_tax":false,"quien_tax":false,"donde_tax":false,"year":"","contacto":"<strong>Principales: <\/strong><ul><li>JOSE MARIA MARTINEZ-VAL PE\u00d1ALOSA <blockquote><strong>josemaria.martinezval@upm.es<\/strong><\/blockquote><\/li><li>ALBERTO ABANADES VELASCO <blockquote><strong>alberto.abanades@upm.es<\/strong><\/blockquote><\/li><li>JAVIER MU\u00d1OZ ANTON <blockquote><strong>javier.munoz.anton@upm.es<\/strong><\/blockquote><\/li><\/ul><strong>Otros inventores: <\/strong><ul><li> Tobias Geissler Karlsruher Institut fuer Technologie<\/li> <li>BenjaminDietrich Karlsruher Institut fuer Technologie<\/li> <li>MichaelPlevan Karlsruher Institut fuer Technologie<\/li> <li>LeonidStoppel Karlsruher Institut fuer Technologie<\/li> <li>ThomasWetzel Karlsruher Institut fuer Technologie<\/li> <\/ul>","telefono":"","pagina_web":"","email":"","id_ficha_portal":"1421","video":"","adjuntos":false,"adjuntos_portal":"","inf":false,"departamento":"","acf":[],"lang":"es","translation":{"es":8750},"_links":{"self":[{"href":"https:\/\/www.upm.es\/recursosidi\/wp-json\/wp\/v2\/product\/8750"}],"collection":[{"href":"https:\/\/www.upm.es\/recursosidi\/wp-json\/wp\/v2\/product"}],"about":[{"href":"https:\/\/www.upm.es\/recursosidi\/wp-json\/wp\/v2\/types\/product"}],"wp:attachment":[{"href":"https:\/\/www.upm.es\/recursosidi\/wp-json\/wp\/v2\/media?parent=8750"}],"wp:term":[{"taxonomy":"product_cat","embeddable":true,"href":"https:\/\/www.upm.es\/recursosidi\/wp-json\/wp\/v2\/product_cat?post=8750"},{"taxonomy":"product_tag","embeddable":true,"href":"https:\/\/www.upm.es\/recursosidi\/wp-json\/wp\/v2\/product_tag?post=8750"},{"taxonomy":"comunidad_upm","embeddable":true,"href":"https:\/\/www.upm.es\/recursosidi\/wp-json\/wp\/v2\/comunidades-upm?post=8750"},{"taxonomy":"quien","embeddable":true,"href":"https:\/\/www.upm.es\/recursosidi\/wp-json\/wp\/v2\/quien?post=8750"},{"taxonomy":"mapa","embeddable":true,"href":"https:\/\/www.upm.es\/recursosidi\/wp-json\/wp\/v2\/mapa?post=8750"},{"taxonomy":"disponibilidad","embeddable":true,"href":"https:\/\/www.upm.es\/recursosidi\/wp-json\/wp\/v2\/disponibilidad?post=8750"},{"taxonomy":"donde","embeddable":true,"href":"https:\/\/www.upm.es\/recursosidi\/wp-json\/wp\/v2\/donde?post=8750"},{"taxonomy":"infraestructura","embeddable":true,"href":"https:\/\/www.upm.es\/recursosidi\/wp-json\/wp\/v2\/infraestructura?post=8750"},{"taxonomy":"ods","embeddable":true,"href":"https:\/\/www.upm.es\/recursosidi\/wp-json\/wp\/v2\/ods?post=8750"},{"taxonomy":"origen","embeddable":true,"href":"https:\/\/www.upm.es\/recursosidi\/wp-json\/wp\/v2\/origen?post=8750"}],"curies":[{"name":"wp","href":"https:\/\/api.w.org\/{rel}","templated":true}]}}