{"id":8751,"date":"2021-11-25T14:20:27","date_gmt":"2021-11-25T13:20:27","guid":{"rendered":"https:\/\/www.upm.es\/recursosidi\/offers-resources\/sin categor\u00eda\/dispositivo-de-absorcion-de-impactos\/"},"modified":"2022-08-10T02:20:08","modified_gmt":"2022-08-10T00:20:08","slug":"dispositivo-de-absorcion-de-impactos","status":"publish","type":"product","link":"https:\/\/www.upm.es\/recursosidi\/offers-resources\/patentes\/dispositivo-de-absorcion-de-impactos\/","title":{"rendered":"Dispositivo de absorci\u00f3n de impactos"},"content":{"rendered":"<h5>Descripci\u00f3n de la patente <\/h5>\n<p>Compensador de rigidez para sistemas de catenaria<br \/>\nr\u00edgida en instalaciones existentes o de nueva<br \/>\ninstalaci\u00f3n, consistente en un interfaz mec\u00e1nico del<br \/>\ntipo deslizadera cuyos extremos se instalan, por<br \/>\nun lado, amarrado por una viga (V) de catenaria r\u00edgida<br \/>\nque puede estar ya instalada y, por el otro lado,<br \/>\namarrando el cable conductor (C) de contacto de<br \/>\ncobre sobre el cual deslizan los pant\u00f3grafos de los<br \/>\ntrenes ejerciendo una fuerza de contacto suficiente<br \/>\nque garantice la correcta transmisi\u00f3n de corriente<br \/>\nel\u00e9ctrica, separando f\u00edsicamente los elementos viga<br \/>\n(V) y cable (C). En torno a la deslizadera se pueden<br \/>\ninstalar diferentes elementos el\u00e1sticos (2) y\/o<br \/>\nelast\u00f3meros (3), que var\u00eden el valor de la rigidez<br \/>\npuntual en cada lugar de instalaci\u00f3n, permitiendo la<br \/>\nestabilizaci\u00f3n del valor de la fuerza aplicada del<br \/>\npant\u00f3grafo sobre el cable (C) y obteniendo un perfil<br \/>\nde desgaste homog\u00e9neo tanto en los frotadores de<br \/>\nlos pant\u00f3grafos como en el hilo de contacto.<\/p>\n<h5>Situaci\u00f3n <\/h5>\n<p>Concedida<\/p>\n<h5>N\u00famero de solicitud<\/h5>\n<p>P201830241<\/p>\n<h5>N\u00famero de publicaci\u00f3n<\/h5>\n<p>ES2671433<\/p>\n<h5>Fecha de presentaci\u00f3n <\/h5>\n<p>12\/03\/2018<\/p>\n<h5>Fecha de publicaci\u00f3n <\/h5>\n<p>06\/06\/2018<\/p>\n<h5>Fecha de concesi\u00f3n <\/h5>\n<p>04\/01\/2019<\/p>\n<h4><strong>Extensiones Internacionales<\/strong><\/h4>\n<h5>PCT<\/h5>\n<p><strong>Referencia de la solicitud: <\/strong>PCT\/ES2019\/070135<br \/><strong>T\u00edtulo: <\/strong>Dispositivo de absorci\u00f3n de impactos <\/p>\n<div class=\"pdfprnt-buttons pdfprnt-buttons-product pdfprnt-bottom-left\"><a href=\"https:\/\/www.upm.es\/recursosidi\/wp-json\/wp\/v2\/product\/8751?print=pdf\" class=\"pdfprnt-button pdfprnt-button-pdf\" target=\"_blank\"><span class=\"pdfprnt-button-title pdfprnt-button-pdf-title\">Descargar ficha<\/span><\/a><\/div>","protected":false},"excerpt":{"rendered":"<p>Descripci\u00f3n de la patente Compensador de rigidez para sistemas de catenaria r\u00edgida en instalaciones existentes o de nueva instalaci\u00f3n, consistente en un interfaz mec\u00e1nico del&hellip;<\/p>\n","protected":false},"featured_media":0,"template":"","meta":{"_acf_changed":false},"product_cat":[3946],"product_tag":[],"comunidades-upm":[],"quien":[],"mapa":[],"disponibilidad":[],"donde":[{"term_id":42,"name":"UPM","slug":"upm","term_group":0,"term_taxonomy_id":42,"taxonomy":"donde","description":"Universidad Polit\u00e9cnica de Madrid\r\nHTML \"Lorem ipsum dolor sit amet, consectetur adipiscing elit, sed do eiusmod tempor incididunt ut labore et dolore magna aliqua. Ut enim ad minim veniam, quis nostrud exercitation ullamco laboris nisi ut aliquip ex ea commodo consequat. Duis aute irure dolor in reprehenderit in voluptate velit esse cillum dolore eu fugiat nulla pariatur. Excepteur sint occaecat cupidatat non proident, sunt in culpa qui officia deserunt mollit anim id est laborum.\"","parent":0,"count":146,"filter":"raw","term_order":"0"}],"infraestructura":[],"ods":[],"origen":[{"term_id":180,"name":"Patente","slug":"patente","term_group":0,"term_taxonomy_id":180,"taxonomy":"origen","description":"","parent":0,"count":614,"filter":"raw","term_order":"0"}],"familia_tax":false,"quien_tax":false,"donde_tax":false,"year":"","contacto":"<ul><li><blockquote><strong>otri.investigacion@upm.es<\/strong><\/blockquote><\/li><\/ul>","telefono":"","pagina_web":"","email":"","id_ficha_portal":"1428","video":"","adjuntos":false,"adjuntos_portal":"https:\/\/www.upm.es\/S2i\/Acuse\/recuperarArchivo.jsp?id=1428&id_archivo=9608&tipo=patente&extension=fichero ","inf":false,"departamento":"","acf":[],"lang":"es","translation":{"es":8751},"_links":{"self":[{"href":"https:\/\/www.upm.es\/recursosidi\/wp-json\/wp\/v2\/product\/8751"}],"collection":[{"href":"https:\/\/www.upm.es\/recursosidi\/wp-json\/wp\/v2\/product"}],"about":[{"href":"https:\/\/www.upm.es\/recursosidi\/wp-json\/wp\/v2\/types\/product"}],"wp:attachment":[{"href":"https:\/\/www.upm.es\/recursosidi\/wp-json\/wp\/v2\/media?parent=8751"}],"wp:term":[{"taxonomy":"product_cat","embeddable":true,"href":"https:\/\/www.upm.es\/recursosidi\/wp-json\/wp\/v2\/product_cat?post=8751"},{"taxonomy":"product_tag","embeddable":true,"href":"https:\/\/www.upm.es\/recursosidi\/wp-json\/wp\/v2\/product_tag?post=8751"},{"taxonomy":"comunidad_upm","embeddable":true,"href":"https:\/\/www.upm.es\/recursosidi\/wp-json\/wp\/v2\/comunidades-upm?post=8751"},{"taxonomy":"quien","embeddable":true,"href":"https:\/\/www.upm.es\/recursosidi\/wp-json\/wp\/v2\/quien?post=8751"},{"taxonomy":"mapa","embeddable":true,"href":"https:\/\/www.upm.es\/recursosidi\/wp-json\/wp\/v2\/mapa?post=8751"},{"taxonomy":"disponibilidad","embeddable":true,"href":"https:\/\/www.upm.es\/recursosidi\/wp-json\/wp\/v2\/disponibilidad?post=8751"},{"taxonomy":"donde","embeddable":true,"href":"https:\/\/www.upm.es\/recursosidi\/wp-json\/wp\/v2\/donde?post=8751"},{"taxonomy":"infraestructura","embeddable":true,"href":"https:\/\/www.upm.es\/recursosidi\/wp-json\/wp\/v2\/infraestructura?post=8751"},{"taxonomy":"ods","embeddable":true,"href":"https:\/\/www.upm.es\/recursosidi\/wp-json\/wp\/v2\/ods?post=8751"},{"taxonomy":"origen","embeddable":true,"href":"https:\/\/www.upm.es\/recursosidi\/wp-json\/wp\/v2\/origen?post=8751"}],"curies":[{"name":"wp","href":"https:\/\/api.w.org\/{rel}","templated":true}]}}