{"id":8755,"date":"2021-11-25T14:20:37","date_gmt":"2021-11-25T13:20:37","guid":{"rendered":"https:\/\/www.upm.es\/recursosidi\/offers-resources\/sin categor\u00eda\/compensador-de-rigidez-para-sistemas-de-catenaria-rigida\/"},"modified":"2022-08-10T02:20:19","modified_gmt":"2022-08-10T00:20:19","slug":"compensador-de-rigidez-para-sistemas-de-catenaria-rigida","status":"publish","type":"product","link":"https:\/\/www.upm.es\/recursosidi\/offers-resources\/patentes\/compensador-de-rigidez-para-sistemas-de-catenaria-rigida\/","title":{"rendered":"Compensador de rigidez para sistemas de catenaria r\u00edgida"},"content":{"rendered":"<h5>Descripci\u00f3n de la patente <\/h5>\n<p>Compensador de rigidez para sistemas de catenaria r\u00edgida en instalaciones existentes o de nueva instalaci\u00f3n, consistente en un interfaz mec\u00e1nico del tipo deslizadera (9) cuyos extremos se instalan, por un lado, amarrado por una viga (V) de catenaria r\u00edgida que puede estar ya instalada y, por el otro lado, amarrando el cable conductor (C) de contacto de cobre sobre el cual deslizan los pant\u00f3grafos de los trenes ejerciendo una fuerza de contacto suficiente que garantice la correcta transmisi\u00f3n de corriente el\u00e9ctrica, separando f\u00edsicamente los elementos viga (V) y cable (C). En torno a la deslizadera se pueden instalar diferentes elementos el\u00e1sticos (2) y\/o elast\u00f3meros (3), que var\u00eden el valor de la rigidez puntual en cada lugar de instalaci\u00f3n, permitiendo la estabilizaci\u00f3n del valor de la fuerza aplicada del pant\u00f3grafo sobre el cable (C) y obteniendo un perfil de desgaste homog\u00e9neo tanto en los frotadores de los pant\u00f3grafos como en el hilo de contacto.<\/p>\n<h5>Situaci\u00f3n <\/h5>\n<p>Concedida<\/p>\n<h5>N\u00famero de solicitud<\/h5>\n<p>P201830778<\/p>\n<h5>N\u00famero de publicaci\u00f3n<\/h5>\n<p>ES2683778<\/p>\n<h5>Fecha de presentaci\u00f3n <\/h5>\n<p>27\/07\/2018<\/p>\n<h5>Fecha de publicaci\u00f3n <\/h5>\n<p>27\/09\/2018<\/p>\n<h5>Fecha de concesi\u00f3n <\/h5>\n<p>04\/01\/2019<\/p>\n<div class=\"pdfprnt-buttons pdfprnt-buttons-product pdfprnt-bottom-left\"><a href=\"https:\/\/www.upm.es\/recursosidi\/wp-json\/wp\/v2\/product\/8755?print=pdf\" class=\"pdfprnt-button pdfprnt-button-pdf\" target=\"_blank\"><span class=\"pdfprnt-button-title pdfprnt-button-pdf-title\">Descargar ficha<\/span><\/a><\/div>","protected":false},"excerpt":{"rendered":"<p>Descripci\u00f3n de la patente Compensador de rigidez para sistemas de catenaria r\u00edgida en instalaciones existentes o de nueva instalaci\u00f3n, consistente en un interfaz mec\u00e1nico del&hellip;<\/p>\n","protected":false},"featured_media":0,"template":"","meta":{"_acf_changed":false},"product_cat":[3946],"product_tag":[],"comunidades-upm":[],"quien":[],"mapa":[],"disponibilidad":[],"donde":[{"term_id":648,"name":"Modelado y Simulaci\u00f3n en Ingenier\u00eda Mec\u00e1nica","slug":"modelado-y-simulacion-en-ingenieria-mecanica","term_group":0,"term_taxonomy_id":648,"taxonomy":"donde","description":"","parent":0,"count":5,"filter":"raw","term_order":"0"}],"infraestructura":[],"ods":[],"origen":[{"term_id":180,"name":"Patente","slug":"patente","term_group":0,"term_taxonomy_id":180,"taxonomy":"origen","description":"","parent":0,"count":614,"filter":"raw","term_order":"0"}],"familia_tax":false,"quien_tax":false,"donde_tax":false,"year":"","contacto":"<strong>Principales: <\/strong><ul><li>JUAN DE DIOS SANZ BOBIS <blockquote><strong>juandedios.sanz@upm.es<\/strong><\/blockquote><\/li><li>\u00c1LVARO CALVO HERN\u00c1NDEZ <blockquote><strong>alvaro.calvo@upm.es<\/strong><\/blockquote><\/li><\/ul>","telefono":"","pagina_web":"","email":"","id_ficha_portal":"1450","video":"","adjuntos":false,"adjuntos_portal":"https:\/\/www.upm.es\/S2i\/Acuse\/recuperarArchivo.jsp?id=1450&id_archivo=9607&tipo=patente&extension=fichero ","inf":false,"departamento":"","acf":[],"lang":"es","translation":{"es":8755},"_links":{"self":[{"href":"https:\/\/www.upm.es\/recursosidi\/wp-json\/wp\/v2\/product\/8755"}],"collection":[{"href":"https:\/\/www.upm.es\/recursosidi\/wp-json\/wp\/v2\/product"}],"about":[{"href":"https:\/\/www.upm.es\/recursosidi\/wp-json\/wp\/v2\/types\/product"}],"wp:attachment":[{"href":"https:\/\/www.upm.es\/recursosidi\/wp-json\/wp\/v2\/media?parent=8755"}],"wp:term":[{"taxonomy":"product_cat","embeddable":true,"href":"https:\/\/www.upm.es\/recursosidi\/wp-json\/wp\/v2\/product_cat?post=8755"},{"taxonomy":"product_tag","embeddable":true,"href":"https:\/\/www.upm.es\/recursosidi\/wp-json\/wp\/v2\/product_tag?post=8755"},{"taxonomy":"comunidad_upm","embeddable":true,"href":"https:\/\/www.upm.es\/recursosidi\/wp-json\/wp\/v2\/comunidades-upm?post=8755"},{"taxonomy":"quien","embeddable":true,"href":"https:\/\/www.upm.es\/recursosidi\/wp-json\/wp\/v2\/quien?post=8755"},{"taxonomy":"mapa","embeddable":true,"href":"https:\/\/www.upm.es\/recursosidi\/wp-json\/wp\/v2\/mapa?post=8755"},{"taxonomy":"disponibilidad","embeddable":true,"href":"https:\/\/www.upm.es\/recursosidi\/wp-json\/wp\/v2\/disponibilidad?post=8755"},{"taxonomy":"donde","embeddable":true,"href":"https:\/\/www.upm.es\/recursosidi\/wp-json\/wp\/v2\/donde?post=8755"},{"taxonomy":"infraestructura","embeddable":true,"href":"https:\/\/www.upm.es\/recursosidi\/wp-json\/wp\/v2\/infraestructura?post=8755"},{"taxonomy":"ods","embeddable":true,"href":"https:\/\/www.upm.es\/recursosidi\/wp-json\/wp\/v2\/ods?post=8755"},{"taxonomy":"origen","embeddable":true,"href":"https:\/\/www.upm.es\/recursosidi\/wp-json\/wp\/v2\/origen?post=8755"}],"curies":[{"name":"wp","href":"https:\/\/api.w.org\/{rel}","templated":true}]}}